{"id":1906,"date":"2023-04-27T14:57:56","date_gmt":"2023-04-27T18:57:56","guid":{"rendered":"https:\/\/proservice.com.ar\/?post_type=product&#038;p=1906"},"modified":"2026-04-05T15:44:42","modified_gmt":"2026-04-05T18:44:42","slug":"blackmagic-design-atem-mini-extreme-iso","status":"publish","type":"product","link":"https:\/\/proservice.com.ar\/index.php\/product\/blackmagic-design-atem-mini-extreme-iso\/","title":{"rendered":"Blackmagic Design ATEM Mini Extreme ISO"},"content":{"rendered":"<div class=\"title_OMS5rN7R1Z\">\n<div data-selenium=\"sellingPointsTitle\">El ATEM Mini Extreme ISO es un switcher de producci\u00f3n en vivo para transmisi\u00f3n por Internet que ofrece una variedad de caracter\u00edsticas avanzadas. Con este dispositivo, puedes conectar hasta ocho fuentes HDMI, como c\u00e1maras, consolas de juegos y ordenadores, y cambiar entre ellas con facilidad. Tambi\u00e9n puedes transmitir tu programa en directo a trav\u00e9s de Ethernet o USB-C, o usarlo como una c\u00e1mara web. Adem\u00e1s, puedes grabar el programa y las entradas individuales en formato H.264, y editarlos posteriormente con el archivo de proyecto de DaVinci Resolve que se genera autom\u00e1ticamente. El ATEM Mini Extreme ISO tambi\u00e9n cuenta con cuatro cromakey, seis efectos visuales digitales, dos reproductores multimedia y una salida multivista con hasta 16 vistas. Es un dispositivo ideal para profesionales que quieren crear contenidos en vivo de alta calidad.<\/div>\n<div data-selenium=\"sellingPointsTitle\"><\/div>\n<div class=\"text_TAw0W35QK_ comfy_TAw0W35QK_ sizeTitle4_TAw0W35QK_ weightBold_TAw0W35QK_ primary_i3MsQsqoe0\" data-selenium=\"sellingPointsTitle\"><strong>Caracter\u00edsticas principales:\u00a0<\/strong><\/div>\n<\/div>\n<ul class=\"list_OMS5rN7R1Z\">\n<li class=\"listItem_OMS5rN7R1Z\" data-selenium=\"sellingPointsListItem\">Conmutador de transmisi\u00f3n en vivo HDMI de 8 canales<\/li>\n<li class=\"listItem_OMS5rN7R1Z\" data-selenium=\"sellingPointsListItem\">Soporta hasta 1080p60<\/li>\n<li class=\"listItem_OMS5rN7R1Z\" data-selenium=\"sellingPointsListItem\">Transmisi\u00f3n RTMP a trav\u00e9s de Ethernet o USB-C<\/li>\n<li class=\"listItem_OMS5rN7R1Z\" data-selenium=\"sellingPointsListItem\">Grabar salida de programa y entradas individuales<\/li>\n<li class=\"listItem_OMS5rN7R1Z\" data-selenium=\"sellingPointsListItem\">Mezclador de audio de 11 entradas y 2 canales<\/li>\n<li class=\"listItem_OMS5rN7R1Z\" data-selenium=\"sellingPointsListItem\">Convertidor de formato y velocidad de fotogramas de entrada<\/li>\n<li class=\"listItem_OMS5rN7R1Z\" data-selenium=\"sellingPointsListItem\">Volver a sincronizar todas las entradas HDMI<\/li>\n<li class=\"listItem_OMS5rN7R1Z\" data-selenium=\"sellingPointsListItem\">Salida HD Multiview con hasta 16 vistas<\/li>\n<li class=\"listItem_OMS5rN7R1Z\" data-selenium=\"sellingPointsListItem\">Conmutaci\u00f3n local y de software<\/li>\n<li class=\"listItem_OMS5rN7R1Z\" data-selenium=\"sellingPointsListItem\">4 x Keyers ascendentes, 2 x Keyers descendentes<\/li>\n<\/ul>\n","protected":false},"excerpt":{"rendered":"<p>SWATEMMINICEXTISO<\/p>\n","protected":false},"featured_media":4486,"template":"","meta":{"om_disable_all_campaigns":false},"pwb-brand":[],"product_brand":[],"product_cat":[71,66,741],"product_tag":[187],"class_list":{"0":"post-1906","1":"product","2":"type-product","3":"status-publish","4":"has-post-thumbnail","6":"product_cat-blackmagic-design","7":"product_cat-switchers","8":"product_cat-switcher","9":"product_tag-swatemminicextiso","11":"first","12":"instock","13":"sale","14":"shipping-taxable","15":"purchasable","16":"product-type-simple"},"aioseo_notices":[],"jetpack_sharing_enabled":true,"brands":[],"_links":{"self":[{"href":"https:\/\/proservice.com.ar\/index.php\/wp-json\/wp\/v2\/product\/1906","targetHints":{"allow":["GET"]}}],"collection":[{"href":"https:\/\/proservice.com.ar\/index.php\/wp-json\/wp\/v2\/product"}],"about":[{"href":"https:\/\/proservice.com.ar\/index.php\/wp-json\/wp\/v2\/types\/product"}],"wp:featuredmedia":[{"embeddable":true,"href":"https:\/\/proservice.com.ar\/index.php\/wp-json\/wp\/v2\/media\/4486"}],"wp:attachment":[{"href":"https:\/\/proservice.com.ar\/index.php\/wp-json\/wp\/v2\/media?parent=1906"}],"wp:term":[{"taxonomy":"pwb-brand","embeddable":true,"href":"https:\/\/proservice.com.ar\/index.php\/wp-json\/wp\/v2\/pwb-brand?post=1906"},{"taxonomy":"product_brand","embeddable":true,"href":"https:\/\/proservice.com.ar\/index.php\/wp-json\/wp\/v2\/product_brand?post=1906"},{"taxonomy":"product_cat","embeddable":true,"href":"https:\/\/proservice.com.ar\/index.php\/wp-json\/wp\/v2\/product_cat?post=1906"},{"taxonomy":"product_tag","embeddable":true,"href":"https:\/\/proservice.com.ar\/index.php\/wp-json\/wp\/v2\/product_tag?post=1906"}],"curies":[{"name":"wp","href":"https:\/\/api.w.org\/{rel}","templated":true}]}}