{"id":1915,"date":"2025-01-01T15:11:02","date_gmt":"2025-01-01T18:11:02","guid":{"rendered":"https:\/\/proservice.com.ar\/?post_type=product&#038;p=1915"},"modified":"2026-04-05T15:44:40","modified_gmt":"2026-04-05T18:44:40","slug":"blackmagic-design-atem-sdi-extreme-iso-switcher","status":"publish","type":"product","link":"https:\/\/proservice.com.ar\/index.php\/product\/blackmagic-design-atem-sdi-extreme-iso-switcher\/","title":{"rendered":"Blackmagic Design ATEM SDI Extreme ISO Switcher"},"content":{"rendered":"<div data-selenium=\"sellingPointsTitle\">El ATEM SDI Extreme ISO\u00a0 es un switcher port\u00e1til de producci\u00f3n en vivo que te permite conectar ocho fuentes 3G-SDI, como c\u00e1maras profesionales, y cambiar entre ellas con un panel de control integrado. El switcher tiene una salida USB-C que funciona como una c\u00e1mara web, lo que te permite transmitir tu programa en directo a trav\u00e9s de Internet con cualquier software de streaming. Tambi\u00e9n tiene cuatro salidas 3G-SDI para conectar un monitor externo o un proyector. El switcher cuenta con efectos de transici\u00f3n, generadores de color y patrones, teclas ascendentes y descendentes, y un mezclador de audio digital. Adem\u00e1s, el ATEM SDI Extreme ISO te permite grabar individualmente cada una de las ocho entradas de video como un MP4, as\u00ed como la salida del programa, a trav\u00e9s de uno de los puertos USB Tipo-C. El switcher genera autom\u00e1ticamente un archivo de proyecto de DaVinci Resolve, para que puedas editar tu producci\u00f3n m\u00e1s tarde. Es un dispositivo ideal para crear producciones en vivo de alta calidad para aplicaciones de transmisi\u00f3n o Internet.<\/div>\n<div data-selenium=\"sellingPointsTitle\"><\/div>\n<div class=\"title_OMS5rN7R1Z\">\n<div class=\"text_TAw0W35QK_ comfy_TAw0W35QK_ sizeTitle4_TAw0W35QK_ weightBold_TAw0W35QK_ primary_i3MsQsqoe0\" data-selenium=\"sellingPointsTitle\"><strong>Caracter\u00edsticas principales:\u00a0<\/strong><\/div>\n<\/div>\n<ul class=\"list_OMS5rN7R1Z\">\n<li class=\"listItem_OMS5rN7R1Z\" data-selenium=\"sellingPointsListItem\">switcher de transmisi\u00f3n en vivo 3G-SDI de 8 canales<\/li>\n<li class=\"listItem_OMS5rN7R1Z\" data-selenium=\"sellingPointsListItem\">Soporta hasta 1080p60<\/li>\n<li class=\"listItem_OMS5rN7R1Z\" data-selenium=\"sellingPointsListItem\">Transmisi\u00f3n RTMP a trav\u00e9s de Ethernet o USB-C<\/li>\n<li class=\"listItem_OMS5rN7R1Z\" data-selenium=\"sellingPointsListItem\">Grabar salida de programa y entradas individuales<\/li>\n<li class=\"listItem_OMS5rN7R1Z\" data-selenium=\"sellingPointsListItem\">Mezclador de audio de 11 entradas y 2 canales<\/li>\n<li class=\"listItem_OMS5rN7R1Z\" data-selenium=\"sellingPointsListItem\">Convertidor de formato y velocidad de fotogramas de entrada<\/li>\n<li class=\"listItem_OMS5rN7R1Z\" data-selenium=\"sellingPointsListItem\">Resincronizaci\u00f3n en todas las entradas 3G-SDI<\/li>\n<li class=\"listItem_OMS5rN7R1Z\" data-selenium=\"sellingPointsListItem\">Salida HD Multiview con hasta 16 vistas<\/li>\n<li class=\"listItem_OMS5rN7R1Z\" data-selenium=\"sellingPointsListItem\">switcher local y de software<\/li>\n<li class=\"listItem_OMS5rN7R1Z\" data-selenium=\"sellingPointsListItem\">4 x Keyers ascendentes, 2 x Keyers descendentes<\/li>\n<\/ul>\n","protected":false},"excerpt":{"rendered":"<p>ATEM SDI Extreme ISO<\/p>\n","protected":false},"featured_media":4496,"template":"","meta":{"om_disable_all_campaigns":false},"pwb-brand":[],"product_brand":[],"product_cat":[71,420,66,741],"product_tag":[190],"class_list":{"0":"post-1915","1":"product","2":"type-product","3":"status-publish","4":"has-post-thumbnail","6":"product_cat-blackmagic-design","7":"product_cat-ofertas","8":"product_cat-switchers","9":"product_cat-switcher","10":"product_tag-swatemmxepcextiso","12":"first","13":"instock","14":"sale","15":"shipping-taxable","16":"purchasable","17":"product-type-simple"},"aioseo_notices":[],"jetpack_sharing_enabled":true,"brands":[],"_links":{"self":[{"href":"https:\/\/proservice.com.ar\/index.php\/wp-json\/wp\/v2\/product\/1915","targetHints":{"allow":["GET"]}}],"collection":[{"href":"https:\/\/proservice.com.ar\/index.php\/wp-json\/wp\/v2\/product"}],"about":[{"href":"https:\/\/proservice.com.ar\/index.php\/wp-json\/wp\/v2\/types\/product"}],"wp:featuredmedia":[{"embeddable":true,"href":"https:\/\/proservice.com.ar\/index.php\/wp-json\/wp\/v2\/media\/4496"}],"wp:attachment":[{"href":"https:\/\/proservice.com.ar\/index.php\/wp-json\/wp\/v2\/media?parent=1915"}],"wp:term":[{"taxonomy":"pwb-brand","embeddable":true,"href":"https:\/\/proservice.com.ar\/index.php\/wp-json\/wp\/v2\/pwb-brand?post=1915"},{"taxonomy":"product_brand","embeddable":true,"href":"https:\/\/proservice.com.ar\/index.php\/wp-json\/wp\/v2\/product_brand?post=1915"},{"taxonomy":"product_cat","embeddable":true,"href":"https:\/\/proservice.com.ar\/index.php\/wp-json\/wp\/v2\/product_cat?post=1915"},{"taxonomy":"product_tag","embeddable":true,"href":"https:\/\/proservice.com.ar\/index.php\/wp-json\/wp\/v2\/product_tag?post=1915"}],"curies":[{"name":"wp","href":"https:\/\/api.w.org\/{rel}","templated":true}]}}