{"id":1919,"date":"2023-04-27T15:14:35","date_gmt":"2023-04-27T19:14:35","guid":{"rendered":"https:\/\/proservice.com.ar\/?post_type=product&#038;p=1919"},"modified":"2026-04-05T15:44:42","modified_gmt":"2026-04-05T18:44:42","slug":"blackmagic-design-atem-sdi-pro-iso-switcher","status":"publish","type":"product","link":"https:\/\/proservice.com.ar\/index.php\/product\/blackmagic-design-atem-sdi-pro-iso-switcher\/","title":{"rendered":"Blackmagic Design ATEM SDI Pro ISO Switcher"},"content":{"rendered":"<div class=\"title_OMS5rN7R1Z\">\n<div data-selenium=\"sellingPointsTitle\">El ATEM SDI Pro ISO es un switcher de producci\u00f3n en vivo que te permite conectar cuatro fuentes 3G-SDI, como c\u00e1maras profesionales, y cambiar entre ellas con un panel de control integrado. El SATEM SDI Pro ISO tiene una salida USB-C que funciona como una c\u00e1mara web, lo que te permite transmitir tu programa en directo a trav\u00e9s de Internet con cualquier software de streaming. Tambi\u00e9n tiene dos salidas 3G-SDI para conectar un monitor externo o un proyector. El ATEM SDI Pro ISO cuenta con efectos de transici\u00f3n, generadores de color y patrones, teclas ascendentes y descendentes, y un mezclador de audio digital. Adem\u00e1s, el ATEM SDI Pro ISO te permite grabar individualmente cada una de las cuatro entradas de video como un MP4, as\u00ed como la salida del programa, a trav\u00e9s de uno de los puertos USB Tipo-C. El switcher genera autom\u00e1ticamente un archivo de proyecto de DaVinci Resolve, para que puedas editar tu producci\u00f3n m\u00e1s tarde. Es un dispositivo ideal para crear producciones en vivo de alta calidad para aplicaciones de transmisi\u00f3n o Internet<\/div>\n<div data-selenium=\"sellingPointsTitle\"><\/div>\n<div class=\"text_TAw0W35QK_ comfy_TAw0W35QK_ sizeTitle4_TAw0W35QK_ weightBold_TAw0W35QK_ primary_i3MsQsqoe0\" data-selenium=\"sellingPointsTitle\"><strong>Caracter\u00edsticas principales:\u00a0<\/strong><\/div>\n<\/div>\n<ul class=\"list_OMS5rN7R1Z\">\n<li class=\"listItem_OMS5rN7R1Z\" data-selenium=\"sellingPointsListItem\">Switcher 3G-SDI de transmisi\u00f3n en vivo de 4 canales<\/li>\n<li class=\"listItem_OMS5rN7R1Z\" data-selenium=\"sellingPointsListItem\">Grabaci\u00f3n ISO de programa y 4 entradas<\/li>\n<li class=\"listItem_OMS5rN7R1Z\" data-selenium=\"sellingPointsListItem\">Genera proyecto DaVinci Resolve<\/li>\n<li class=\"listItem_OMS5rN7R1Z\" data-selenium=\"sellingPointsListItem\">Conteo en vivo, transmisi\u00f3n y estado de registro<\/li>\n<li class=\"listItem_OMS5rN7R1Z\" data-selenium=\"sellingPointsListItem\">Bot\u00f3n de grabaci\u00f3n, vista previa del canal Multiview<\/li>\n<li class=\"listItem_OMS5rN7R1Z\" data-selenium=\"sellingPointsListItem\">Mezclador de audio digital de 2 canales por fuente<\/li>\n<li class=\"listItem_OMS5rN7R1Z\" data-selenium=\"sellingPointsListItem\">Salida 3G-SDI, control ATEM Ethernet<\/li>\n<li class=\"listItem_OMS5rN7R1Z\" data-selenium=\"sellingPointsListItem\">Reproductor multimedia, soporte de entrada de computadora<\/li>\n<li class=\"listItem_OMS5rN7R1Z\" data-selenium=\"sellingPointsListItem\">Keyers ascendentes y descendentes<\/li>\n<li class=\"listItem_OMS5rN7R1Z\" data-selenium=\"sellingPointsListItem\">Transici\u00f3n DVE, incrustadores de croma\/luma<\/li>\n<\/ul>\n","protected":false},"excerpt":{"rendered":"<p>SWATEMMXEPBPRISO<\/p>\n","protected":false},"featured_media":4501,"template":"","meta":{"om_disable_all_campaigns":false},"pwb-brand":[],"product_brand":[],"product_cat":[71,66,741],"product_tag":[482],"class_list":{"0":"post-1919","1":"product","2":"type-product","3":"status-publish","4":"has-post-thumbnail","6":"product_cat-blackmagic-design","7":"product_cat-switchers","8":"product_cat-switcher","9":"product_tag-swatemmxepbpriso","11":"first","12":"instock","13":"sale","14":"shipping-taxable","15":"purchasable","16":"product-type-simple"},"aioseo_notices":[],"jetpack_sharing_enabled":true,"brands":[],"_links":{"self":[{"href":"https:\/\/proservice.com.ar\/index.php\/wp-json\/wp\/v2\/product\/1919","targetHints":{"allow":["GET"]}}],"collection":[{"href":"https:\/\/proservice.com.ar\/index.php\/wp-json\/wp\/v2\/product"}],"about":[{"href":"https:\/\/proservice.com.ar\/index.php\/wp-json\/wp\/v2\/types\/product"}],"wp:featuredmedia":[{"embeddable":true,"href":"https:\/\/proservice.com.ar\/index.php\/wp-json\/wp\/v2\/media\/4501"}],"wp:attachment":[{"href":"https:\/\/proservice.com.ar\/index.php\/wp-json\/wp\/v2\/media?parent=1919"}],"wp:term":[{"taxonomy":"pwb-brand","embeddable":true,"href":"https:\/\/proservice.com.ar\/index.php\/wp-json\/wp\/v2\/pwb-brand?post=1919"},{"taxonomy":"product_brand","embeddable":true,"href":"https:\/\/proservice.com.ar\/index.php\/wp-json\/wp\/v2\/product_brand?post=1919"},{"taxonomy":"product_cat","embeddable":true,"href":"https:\/\/proservice.com.ar\/index.php\/wp-json\/wp\/v2\/product_cat?post=1919"},{"taxonomy":"product_tag","embeddable":true,"href":"https:\/\/proservice.com.ar\/index.php\/wp-json\/wp\/v2\/product_tag?post=1919"}],"curies":[{"name":"wp","href":"https:\/\/api.w.org\/{rel}","templated":true}]}}