{"id":1925,"date":"2023-04-27T15:20:33","date_gmt":"2023-04-27T19:20:33","guid":{"rendered":"https:\/\/proservice.com.ar\/?post_type=product&#038;p=1925"},"modified":"2026-04-01T11:43:14","modified_gmt":"2026-04-01T14:43:14","slug":"blackmagic-design-atem-streaming-bridge-for-atem-mini-pro-streaming-switchers-2","status":"publish","type":"product","link":"https:\/\/proservice.com.ar\/index.php\/product\/blackmagic-design-atem-streaming-bridge-for-atem-mini-pro-streaming-switchers-2\/","title":{"rendered":"Blackmagic Design ATEM Streaming Bridge for ATEM Mini Pro Streaming Switchers"},"content":{"rendered":"<div class=\"title_OMS5rN7R1Z\">\n<div data-selenium=\"sellingPointsTitle\">El ATEM Streaming Bridge es un dispositivo que te permite convertir la se\u00f1al IP de cualquier conmutador de transmisi\u00f3n ATEM Mini Pro en video SDI y HDMI. Con este puente de transmisi\u00f3n, puedes conectar tu ATEM Mini Pro a un monitor, una pantalla o un equipo de transmisi\u00f3n profesional, y transmitir tu programa en directo a trav\u00e9s de Internet. El ATEM Streaming Bridge tiene dos salidas SDI y una salida HDMI, y soporta resoluciones de hasta 1080p60. Puedes controlar la configuraci\u00f3n del dispositivo con el software descargable, y asignarle una direcci\u00f3n IP para que pueda ser localizado por el ATEM Mini Pro. El ATEM Streaming Bridge es un dispositivo ideal para crear producciones en vivo de alta calidad con el ATEM Mini Pro.<\/div>\n<div data-selenium=\"sellingPointsTitle\"><\/div>\n<div class=\"text_TAw0W35QK_ comfy_TAw0W35QK_ sizeTitle4_TAw0W35QK_ weightBold_TAw0W35QK_ primary_i3MsQsqoe0\" data-selenium=\"sellingPointsTitle\"><strong>Caracter\u00edsticas principales:\u00a0<\/strong><\/div>\n<\/div>\n<ul class=\"list_OMS5rN7R1Z\">\n<li class=\"listItem_OMS5rN7R1Z\" data-selenium=\"sellingPointsListItem\">Para cualquier conmutador de transmisi\u00f3n ATEM Mini Pro<\/li>\n<li class=\"listItem_OMS5rN7R1Z\" data-selenium=\"sellingPointsListItem\">Salidas HDMI y SDI<\/li>\n<li class=\"listItem_OMS5rN7R1Z\" data-selenium=\"sellingPointsListItem\">Salida de resoluci\u00f3n de hasta 1080p60<\/li>\n<li class=\"listItem_OMS5rN7R1Z\" data-selenium=\"sellingPointsListItem\">Conexi\u00f3n directa, de red e Internet<\/li>\n<li class=\"listItem_OMS5rN7R1Z\" data-selenium=\"sellingPointsListItem\">Direccionable por IP, controlable por software<\/li>\n<\/ul>\n","protected":false},"excerpt":{"rendered":"<p>SWATEMMINISBPR<\/p>\n","protected":false},"featured_media":4509,"template":"","meta":{"om_disable_all_campaigns":false},"pwb-brand":[],"product_brand":[],"product_cat":[71,57],"product_tag":[137],"class_list":{"0":"post-1925","1":"product","2":"type-product","3":"status-publish","4":"has-post-thumbnail","6":"product_cat-blackmagic-design","7":"product_cat-converter","8":"product_tag-swatemminisbpr","10":"first","11":"instock","12":"shipping-taxable","13":"purchasable","14":"product-type-simple"},"aioseo_notices":[],"jetpack_sharing_enabled":true,"brands":[],"_links":{"self":[{"href":"https:\/\/proservice.com.ar\/index.php\/wp-json\/wp\/v2\/product\/1925","targetHints":{"allow":["GET"]}}],"collection":[{"href":"https:\/\/proservice.com.ar\/index.php\/wp-json\/wp\/v2\/product"}],"about":[{"href":"https:\/\/proservice.com.ar\/index.php\/wp-json\/wp\/v2\/types\/product"}],"wp:featuredmedia":[{"embeddable":true,"href":"https:\/\/proservice.com.ar\/index.php\/wp-json\/wp\/v2\/media\/4509"}],"wp:attachment":[{"href":"https:\/\/proservice.com.ar\/index.php\/wp-json\/wp\/v2\/media?parent=1925"}],"wp:term":[{"taxonomy":"pwb-brand","embeddable":true,"href":"https:\/\/proservice.com.ar\/index.php\/wp-json\/wp\/v2\/pwb-brand?post=1925"},{"taxonomy":"product_brand","embeddable":true,"href":"https:\/\/proservice.com.ar\/index.php\/wp-json\/wp\/v2\/product_brand?post=1925"},{"taxonomy":"product_cat","embeddable":true,"href":"https:\/\/proservice.com.ar\/index.php\/wp-json\/wp\/v2\/product_cat?post=1925"},{"taxonomy":"product_tag","embeddable":true,"href":"https:\/\/proservice.com.ar\/index.php\/wp-json\/wp\/v2\/product_tag?post=1925"}],"curies":[{"name":"wp","href":"https:\/\/api.w.org\/{rel}","templated":true}]}}