{"id":1930,"date":"2023-04-27T15:22:45","date_gmt":"2023-04-27T19:22:45","guid":{"rendered":"https:\/\/proservice.com.ar\/?post_type=product&#038;p=1930"},"modified":"2026-04-05T15:44:42","modified_gmt":"2026-04-05T18:44:42","slug":"blackmagic-design-atem-studio-converter-2","status":"publish","type":"product","link":"https:\/\/proservice.com.ar\/index.php\/product\/blackmagic-design-atem-studio-converter-2\/","title":{"rendered":"Blackmagic Design ATEM Studio Converter 2"},"content":{"rendered":"<div class=\"title_OMS5rN7R1Z\">\n<div data-selenium=\"sellingPointsTitle\">El ATEM Studio Converter 2 es un dispositivo que te permite conectar hasta cuatro convertidores de c\u00e1mara ATEM mediante fibra \u00f3ptica y convertir las se\u00f1ales a SDI para usarlas con conmutadores de video.<\/div>\n<div data-selenium=\"sellingPointsTitle\">Con este dispositivo, puedes enviar se\u00f1ales de video a una distancia de hasta 45 km entre la c\u00e1mara y el switcher, usando cables de fibra \u00f3ptica disponibles. Adem\u00e1s, puedes comunicarte con las c\u00e1maras mediante los canales de audio integrados en la se\u00f1al SDI, y enviarles la se\u00f1al del programa y el indicador de c\u00e1mara activa.<\/div>\n<div data-selenium=\"sellingPointsTitle\">El ATEM Studio Converter 2 tiene cuatro convertidores bidireccionales de fibra a SDI de 10 bits, cuatro salidas SDI conmutables entre SD y HD, un mezclador de audio, un altavoz integrado y una entrada para micr\u00f3fonos.<\/div>\n<div data-selenium=\"sellingPointsTitle\">El ATEM Studio Converter 2 es compatible con cualquier formato en distintas definiciones, hasta una resoluci\u00f3n m\u00e1xima de 2160p60, gracias a la tecnolog\u00eda SDI 12G. Es un dispositivo ideal para crear producciones en vivo de alta calidad con el ATEM Camera Converter.<\/div>\n<div data-selenium=\"sellingPointsTitle\"><\/div>\n<div class=\"text_TAw0W35QK_ comfy_TAw0W35QK_ sizeTitle4_TAw0W35QK_ weightBold_TAw0W35QK_ primary_i3MsQsqoe0\" data-selenium=\"sellingPointsTitle\"><strong>Caracter\u00edsticas principales:\u00a0<\/strong><\/div>\n<\/div>\n<ul class=\"list_OMS5rN7R1Z\">\n<li class=\"listItem_OMS5rN7R1Z\" data-selenium=\"sellingPointsListItem\">4 convertidores bidireccionales en 1 unidad RU<\/li>\n<li class=\"listItem_OMS5rN7R1Z\" data-selenium=\"sellingPointsListItem\">Alcance de la se\u00f1al de fibra \u00f3ptica 28 millas<\/li>\n<li class=\"listItem_OMS5rN7R1Z\" data-selenium=\"sellingPointsListItem\">Conecta hasta 4 convertidores de c\u00e1mara ATEM<\/li>\n<li class=\"listItem_OMS5rN7R1Z\" data-selenium=\"sellingPointsListItem\">4 convertidores de fibra a SDI de 10 bits<\/li>\n<li class=\"listItem_OMS5rN7R1Z\" data-selenium=\"sellingPointsListItem\">4 salidas SD\/HD-SDI conmutables<\/li>\n<li class=\"listItem_OMS5rN7R1Z\" data-selenium=\"sellingPointsListItem\">Talkback de c\u00e1mara con selecci\u00f3n, volumen y silencio<\/li>\n<li class=\"listItem_OMS5rN7R1Z\" data-selenium=\"sellingPointsListItem\">Conexi\u00f3n a conmutadores\/convertidores ATEM<\/li>\n<li class=\"listItem_OMS5rN7R1Z\" data-selenium=\"sellingPointsListItem\">Admite salida Tally del conmutador SDI<\/li>\n<li class=\"listItem_OMS5rN7R1Z\" data-selenium=\"sellingPointsListItem\">Enviar alimentaci\u00f3n PGM a c\u00e1maras conectadas por fibra<\/li>\n<\/ul>\n","protected":false},"excerpt":{"rendered":"<p>SWRCONVRCK2<\/p>\n","protected":false},"featured_media":4512,"template":"","meta":{"om_disable_all_campaigns":false},"pwb-brand":[],"product_brand":[],"product_cat":[71,66,741],"product_tag":[192],"class_list":{"0":"post-1930","1":"product","2":"type-product","3":"status-publish","4":"has-post-thumbnail","6":"product_cat-blackmagic-design","7":"product_cat-switchers","8":"product_cat-switcher","9":"product_tag-swrconvrck2","11":"first","12":"onbackorder","13":"shipping-taxable","14":"product-type-simple"},"aioseo_notices":[],"jetpack_sharing_enabled":true,"brands":[],"_links":{"self":[{"href":"https:\/\/proservice.com.ar\/index.php\/wp-json\/wp\/v2\/product\/1930","targetHints":{"allow":["GET"]}}],"collection":[{"href":"https:\/\/proservice.com.ar\/index.php\/wp-json\/wp\/v2\/product"}],"about":[{"href":"https:\/\/proservice.com.ar\/index.php\/wp-json\/wp\/v2\/types\/product"}],"wp:featuredmedia":[{"embeddable":true,"href":"https:\/\/proservice.com.ar\/index.php\/wp-json\/wp\/v2\/media\/4512"}],"wp:attachment":[{"href":"https:\/\/proservice.com.ar\/index.php\/wp-json\/wp\/v2\/media?parent=1930"}],"wp:term":[{"taxonomy":"pwb-brand","embeddable":true,"href":"https:\/\/proservice.com.ar\/index.php\/wp-json\/wp\/v2\/pwb-brand?post=1930"},{"taxonomy":"product_brand","embeddable":true,"href":"https:\/\/proservice.com.ar\/index.php\/wp-json\/wp\/v2\/product_brand?post=1930"},{"taxonomy":"product_cat","embeddable":true,"href":"https:\/\/proservice.com.ar\/index.php\/wp-json\/wp\/v2\/product_cat?post=1930"},{"taxonomy":"product_tag","embeddable":true,"href":"https:\/\/proservice.com.ar\/index.php\/wp-json\/wp\/v2\/product_tag?post=1930"}],"curies":[{"name":"wp","href":"https:\/\/api.w.org\/{rel}","templated":true}]}}