{"id":1933,"date":"2023-04-27T15:29:50","date_gmt":"2023-04-27T19:29:50","guid":{"rendered":"https:\/\/proservice.com.ar\/?post_type=product&#038;p=1933"},"modified":"2026-04-05T15:44:42","modified_gmt":"2026-04-05T18:44:42","slug":"blackmagic-design-atem-talkback-converter-4k","status":"publish","type":"product","link":"https:\/\/proservice.com.ar\/index.php\/product\/blackmagic-design-atem-talkback-converter-4k\/","title":{"rendered":"Blackmagic Design ATEM Talkback Converter 4K"},"content":{"rendered":"<div class=\"title_OMS5rN7R1Z\">\n<div data-selenium=\"sellingPointsTitle\">El ATEM Talkback Converter 4K es un dispositivo que te permite comunicarte con hasta ocho c\u00e1maras de estudio o convertidores de c\u00e1mara ATEM mediante fibra \u00f3ptica o SDI 12G, y enviarles la se\u00f1al del programa y el indicador de c\u00e1mara activa.<\/div>\n<div data-selenium=\"sellingPointsTitle\">El\u00a0 Talkback Converter 4K tiene un panel de control integrado que te permite hablar con los operadores de las c\u00e1maras, y un multivisor que te muestra todas las fuentes y el programa en una sola pantalla.<\/div>\n<div data-selenium=\"sellingPointsTitle\">El ATEM Talkback Converter 4K soporta formatos de video de hasta 2160p60, y tiene entradas y salidas SDI 12G para conectarlo a un conmutador de video.<\/div>\n<div data-selenium=\"sellingPointsTitle\">Tambi\u00e9n tiene un compartimiento para a\u00f1adir un m\u00f3dulo de fibra \u00f3ptica opcional, que te permite usar cables de fibra \u00f3ptica de hasta 45 km de longitud.<\/div>\n<div data-selenium=\"sellingPointsTitle\"><\/div>\n<div data-selenium=\"sellingPointsTitle\"><\/div>\n<div class=\"text_TAw0W35QK_ comfy_TAw0W35QK_ sizeTitle4_TAw0W35QK_ weightBold_TAw0W35QK_ primary_i3MsQsqoe0\" data-selenium=\"sellingPointsTitle\"><strong>Caracter\u00edsticas principales:\u00a0<\/strong><\/div>\n<\/div>\n<ul class=\"list_OMS5rN7R1Z\">\n<li class=\"listItem_OMS5rN7R1Z\" data-selenium=\"sellingPointsListItem\">Comunicarse con hasta 8 c\u00e1maras<\/li>\n<li class=\"listItem_OMS5rN7R1Z\" data-selenium=\"sellingPointsListItem\">8 E\/S SDI<\/li>\n<li class=\"listItem_OMS5rN7R1Z\" data-selenium=\"sellingPointsListItem\">Talkback de c\u00e1mara a trav\u00e9s de XLR, Mini<\/li>\n<li class=\"listItem_OMS5rN7R1Z\" data-selenium=\"sellingPointsListItem\">Cabe en 1 unidad de bastidor est\u00e1ndar<\/li>\n<li class=\"listItem_OMS5rN7R1Z\" data-selenium=\"sellingPointsListItem\">Admite salida de tally SDI<\/li>\n<li class=\"listItem_OMS5rN7R1Z\" data-selenium=\"sellingPointsListItem\">Respuesta de c\u00e1mara<\/li>\n<li class=\"listItem_OMS5rN7R1Z\" data-selenium=\"sellingPointsListItem\">Actualizable para aceptar 8 E\/S de fibra<\/li>\n<\/ul>\n","protected":false},"excerpt":{"rendered":"<p>SWRCONVRCKT4K8<\/p>\n","protected":false},"featured_media":4515,"template":"","meta":{"om_disable_all_campaigns":false},"pwb-brand":[],"product_brand":[],"product_cat":[71,66,741],"product_tag":[193],"class_list":{"0":"post-1933","1":"product","2":"type-product","3":"status-publish","4":"has-post-thumbnail","6":"product_cat-blackmagic-design","7":"product_cat-switchers","8":"product_cat-switcher","9":"product_tag-swrconvrckt4k8","11":"first","12":"onbackorder","13":"shipping-taxable","14":"product-type-simple"},"aioseo_notices":[],"jetpack_sharing_enabled":true,"brands":[],"_links":{"self":[{"href":"https:\/\/proservice.com.ar\/index.php\/wp-json\/wp\/v2\/product\/1933","targetHints":{"allow":["GET"]}}],"collection":[{"href":"https:\/\/proservice.com.ar\/index.php\/wp-json\/wp\/v2\/product"}],"about":[{"href":"https:\/\/proservice.com.ar\/index.php\/wp-json\/wp\/v2\/types\/product"}],"wp:featuredmedia":[{"embeddable":true,"href":"https:\/\/proservice.com.ar\/index.php\/wp-json\/wp\/v2\/media\/4515"}],"wp:attachment":[{"href":"https:\/\/proservice.com.ar\/index.php\/wp-json\/wp\/v2\/media?parent=1933"}],"wp:term":[{"taxonomy":"pwb-brand","embeddable":true,"href":"https:\/\/proservice.com.ar\/index.php\/wp-json\/wp\/v2\/pwb-brand?post=1933"},{"taxonomy":"product_brand","embeddable":true,"href":"https:\/\/proservice.com.ar\/index.php\/wp-json\/wp\/v2\/product_brand?post=1933"},{"taxonomy":"product_cat","embeddable":true,"href":"https:\/\/proservice.com.ar\/index.php\/wp-json\/wp\/v2\/product_cat?post=1933"},{"taxonomy":"product_tag","embeddable":true,"href":"https:\/\/proservice.com.ar\/index.php\/wp-json\/wp\/v2\/product_tag?post=1933"}],"curies":[{"name":"wp","href":"https:\/\/api.w.org\/{rel}","templated":true}]}}