{"id":1936,"date":"2023-04-27T15:32:14","date_gmt":"2023-04-27T19:32:14","guid":{"rendered":"https:\/\/proservice.com.ar\/?post_type=product&#038;p=1936"},"modified":"2026-04-05T15:44:42","modified_gmt":"2026-04-05T18:44:42","slug":"blackmagic-design-atem-television-studio-pro-4k-live-production-switcher","status":"publish","type":"product","link":"https:\/\/proservice.com.ar\/index.php\/product\/blackmagic-design-atem-television-studio-pro-4k-live-production-switcher\/","title":{"rendered":"Blackmagic Design ATEM Television Studio Pro 4K Live Production Switcher"},"content":{"rendered":"<div class=\"title_OMS5rN7R1Z\">\n<div data-selenium=\"sellingPointsTitle\">El ATEM Television Studio Pro 4K es un Switcher de producci\u00f3n en vivo compatible con UHD 4K, que tiene ocho entradas independientes de 12G-SDI que aceptan todas las se\u00f1ales HD y UHD populares hasta 2160p60.<\/div>\n<div data-selenium=\"sellingPointsTitle\">El ATEM Television Studio Pro 4K tiene un panel de control integrado que te permite seleccionar las fuentes, activar las transiciones y configurar los efectos de video.<\/div>\n<div data-selenium=\"sellingPointsTitle\">Tambi\u00e9n tiene un mezclador de audio de 12 entradas y 2 canales, una salida multivisor UHD 4K, un conversor de baja latencia, una funci\u00f3n de talkback integrada y un control CCU para c\u00e1maras seleccionadas.<\/div>\n<div data-selenium=\"sellingPointsTitle\">El ATEM Television Studio Pro 4K cuenta con un ATEM Advanced Chroma Keyer, con una tecla ascendente y dos descendentes, que ofrece gr\u00e1ficos en vivo y creaci\u00f3n de sets virtuales con mejor control de imagen y correcci\u00f3n de derrames.<\/div>\n<div data-selenium=\"sellingPointsTitle\">El ATEM Televisi\u00f3n Studio Pro 4K es un dispositivo ideal para crear producciones en vivo de alta calidad para transmisi\u00f3n, deportes, web y A\/V<\/div>\n<div data-selenium=\"sellingPointsTitle\"><\/div>\n<div class=\"text_TAw0W35QK_ comfy_TAw0W35QK_ sizeTitle4_TAw0W35QK_ weightBold_TAw0W35QK_ primary_i3MsQsqoe0\" data-selenium=\"sellingPointsTitle\"><strong>Caracter\u00edsticas principales:\u00a0<\/strong><\/div>\n<\/div>\n<ul class=\"list_OMS5rN7R1Z\">\n<li class=\"listItem_OMS5rN7R1Z\" data-selenium=\"sellingPointsListItem\">Switcher 12G-SDI de 8 canales<\/li>\n<li class=\"listItem_OMS5rN7R1Z\" data-selenium=\"sellingPointsListItem\">Se\u00f1al HD y UHD compatible con 2160p60<\/li>\n<li class=\"listItem_OMS5rN7R1Z\" data-selenium=\"sellingPointsListItem\">Mezclador de audio de 12 entradas y 2 canales<\/li>\n<li class=\"listItem_OMS5rN7R1Z\" data-selenium=\"sellingPointsListItem\">Volver a sincronizar todas las entradas<\/li>\n<li class=\"listItem_OMS5rN7R1Z\" data-selenium=\"sellingPointsListItem\">Salida multivista UHD 4K<\/li>\n<li class=\"listItem_OMS5rN7R1Z\" data-selenium=\"sellingPointsListItem\">Convertidor de baja latencia<\/li>\n<li class=\"listItem_OMS5rN7R1Z\" data-selenium=\"sellingPointsListItem\">Funci\u00f3n de conversaci\u00f3n incorporada<\/li>\n<li class=\"listItem_OMS5rN7R1Z\" data-selenium=\"sellingPointsListItem\">Control CCU para c\u00e1maras selectas<\/li>\n<li class=\"listItem_OMS5rN7R1Z\" data-selenium=\"sellingPointsListItem\">Incrustador de croma avanzado ATEM<\/li>\n<li class=\"listItem_OMS5rN7R1Z\" data-selenium=\"sellingPointsListItem\">Potente procesador DVE, 2 x Clip Pool<\/li>\n<\/ul>\n","protected":false},"excerpt":{"rendered":"<p>SWATEMTVSTU\/PRO4K<\/p>\n","protected":false},"featured_media":4519,"template":"","meta":{"om_disable_all_campaigns":false},"pwb-brand":[],"product_brand":[],"product_cat":[71,66,741],"product_tag":[194],"class_list":{"0":"post-1936","1":"product","2":"type-product","3":"status-publish","4":"has-post-thumbnail","6":"product_cat-blackmagic-design","7":"product_cat-switchers","8":"product_cat-switcher","9":"product_tag-swatemtvstu-pro4k","11":"first","12":"onbackorder","13":"shipping-taxable","14":"product-type-simple"},"aioseo_notices":[],"jetpack_sharing_enabled":true,"brands":[],"_links":{"self":[{"href":"https:\/\/proservice.com.ar\/index.php\/wp-json\/wp\/v2\/product\/1936","targetHints":{"allow":["GET"]}}],"collection":[{"href":"https:\/\/proservice.com.ar\/index.php\/wp-json\/wp\/v2\/product"}],"about":[{"href":"https:\/\/proservice.com.ar\/index.php\/wp-json\/wp\/v2\/types\/product"}],"wp:featuredmedia":[{"embeddable":true,"href":"https:\/\/proservice.com.ar\/index.php\/wp-json\/wp\/v2\/media\/4519"}],"wp:attachment":[{"href":"https:\/\/proservice.com.ar\/index.php\/wp-json\/wp\/v2\/media?parent=1936"}],"wp:term":[{"taxonomy":"pwb-brand","embeddable":true,"href":"https:\/\/proservice.com.ar\/index.php\/wp-json\/wp\/v2\/pwb-brand?post=1936"},{"taxonomy":"product_brand","embeddable":true,"href":"https:\/\/proservice.com.ar\/index.php\/wp-json\/wp\/v2\/product_brand?post=1936"},{"taxonomy":"product_cat","embeddable":true,"href":"https:\/\/proservice.com.ar\/index.php\/wp-json\/wp\/v2\/product_cat?post=1936"},{"taxonomy":"product_tag","embeddable":true,"href":"https:\/\/proservice.com.ar\/index.php\/wp-json\/wp\/v2\/product_tag?post=1936"}],"curies":[{"name":"wp","href":"https:\/\/api.w.org\/{rel}","templated":true}]}}