{"id":1942,"date":"2023-04-27T15:35:54","date_gmt":"2023-04-27T19:35:54","guid":{"rendered":"https:\/\/proservice.com.ar\/?post_type=product&#038;p=1942"},"modified":"2026-04-05T15:44:42","modified_gmt":"2026-04-05T18:44:42","slug":"blackmagic-design-atem-constellation-8k","status":"publish","type":"product","link":"https:\/\/proservice.com.ar\/index.php\/product\/blackmagic-design-atem-constellation-8k\/","title":{"rendered":"Blackmagic Design ATEM Constellation 8K"},"content":{"rendered":"<div data-selenium=\"sellingPointsTitle\">El ATEM Constellation 8K es un switcher de producci\u00f3n en vivo que te permite manejar video en 4K y 8K con facilidad.<\/div>\n<div data-selenium=\"sellingPointsTitle\">Tiene un panel de control integrado en el frente y 40 entradas de 12G-SDI, con dos salidas principales y 24 salidas AUX de 12G-SDI. Cada entrada tiene su propio conversor de est\u00e1ndares, lo que te permite cambiar entre diferentes formatos de video sin problemas.<\/div>\n<div data-selenium=\"sellingPointsTitle\">El ATEM Constellation 8K incorpora cuatro DVE, 16 keyers, cuatro reproductores de medios, cuatro salidas multivista, una pantalla LCD integrada y un mezclador de audio Fairlight con ecualizador y procesadores de din\u00e1mica.<\/div>\n<div data-selenium=\"sellingPointsTitle\">Tambi\u00e9n tiene una funci\u00f3n de talkback integrada y un control CCU para c\u00e1maras seleccionadas. El ATEM Constellation 8K cuenta con un ATEM Advanced Chroma Keyer, que te ofrece gr\u00e1ficos en vivo y creaci\u00f3n de sets virtuales con mejor control de imagen y correcci\u00f3n de derrames. Tambi\u00e9n tiene un procesador DVE potente, que te permite crear efectos PiP, redimensionar y escalar el video en vivo, y elegir entre 17 transiciones con movimiento. El ATEM Constellation 8K es un dispositivo ideal para crear producciones en vivo de alta calidad para transmisi\u00f3n, deportes, web y A\/V.<\/div>\n<div class=\"title_OMS5rN7R1Z\">\n<div data-selenium=\"sellingPointsTitle\"><\/div>\n<div class=\"text_TAw0W35QK_ comfy_TAw0W35QK_ sizeTitle4_TAw0W35QK_ weightBold_TAw0W35QK_ primary_i3MsQsqoe0\" data-selenium=\"sellingPointsTitle\"><strong>Caracter\u00edsticas principales:\u00a0<\/strong><\/div>\n<\/div>\n<ul class=\"list_OMS5rN7R1Z\">\n<li class=\"listItem_OMS5rN7R1Z\" data-selenium=\"sellingPointsListItem\">40 entradas 12G-SDI, 2 salidas 12G-SDI<\/li>\n<li class=\"listItem_OMS5rN7R1Z\" data-selenium=\"sellingPointsListItem\">24 salidas auxiliares 12G-SDI<\/li>\n<li class=\"listItem_OMS5rN7R1Z\" data-selenium=\"sellingPointsListItem\">Convertidor de est\u00e1ndares en cada entrada<\/li>\n<li class=\"listItem_OMS5rN7R1Z\" data-selenium=\"sellingPointsListItem\">4 x DVE, 16 x llaves<\/li>\n<li class=\"listItem_OMS5rN7R1Z\" data-selenium=\"sellingPointsListItem\">4 reproductores multimedia<\/li>\n<li class=\"listItem_OMS5rN7R1Z\" data-selenium=\"sellingPointsListItem\">4 x salidas multivista<\/li>\n<li class=\"listItem_OMS5rN7R1Z\" data-selenium=\"sellingPointsListItem\">Pantalla de visualizaci\u00f3n LCD incorporada<\/li>\n<li class=\"listItem_OMS5rN7R1Z\" data-selenium=\"sellingPointsListItem\">Panel frontal o control Ethernet<\/li>\n<li class=\"listItem_OMS5rN7R1Z\" data-selenium=\"sellingPointsListItem\">Mezclador de audio Fairlight incorporado<\/li>\n<li class=\"listItem_OMS5rN7R1Z\" data-selenium=\"sellingPointsListItem\">Conectores Talkback delanteros y traseros<\/li>\n<\/ul>\n","protected":false},"excerpt":{"rendered":"<p>SWATEMSCN4\/1ME4\/8K<\/p>\n","protected":false},"featured_media":4521,"template":"","meta":{"om_disable_all_campaigns":false},"pwb-brand":[],"product_brand":[],"product_cat":[71,66,741],"product_tag":[195],"class_list":{"0":"post-1942","1":"product","2":"type-product","3":"status-publish","4":"has-post-thumbnail","6":"product_cat-blackmagic-design","7":"product_cat-switchers","8":"product_cat-switcher","9":"product_tag-swatemscn4-1me4-8k","11":"first","12":"onbackorder","13":"shipping-taxable","14":"product-type-simple"},"aioseo_notices":[],"jetpack_sharing_enabled":true,"brands":[],"_links":{"self":[{"href":"https:\/\/proservice.com.ar\/index.php\/wp-json\/wp\/v2\/product\/1942","targetHints":{"allow":["GET"]}}],"collection":[{"href":"https:\/\/proservice.com.ar\/index.php\/wp-json\/wp\/v2\/product"}],"about":[{"href":"https:\/\/proservice.com.ar\/index.php\/wp-json\/wp\/v2\/types\/product"}],"wp:featuredmedia":[{"embeddable":true,"href":"https:\/\/proservice.com.ar\/index.php\/wp-json\/wp\/v2\/media\/4521"}],"wp:attachment":[{"href":"https:\/\/proservice.com.ar\/index.php\/wp-json\/wp\/v2\/media?parent=1942"}],"wp:term":[{"taxonomy":"pwb-brand","embeddable":true,"href":"https:\/\/proservice.com.ar\/index.php\/wp-json\/wp\/v2\/pwb-brand?post=1942"},{"taxonomy":"product_brand","embeddable":true,"href":"https:\/\/proservice.com.ar\/index.php\/wp-json\/wp\/v2\/product_brand?post=1942"},{"taxonomy":"product_cat","embeddable":true,"href":"https:\/\/proservice.com.ar\/index.php\/wp-json\/wp\/v2\/product_cat?post=1942"},{"taxonomy":"product_tag","embeddable":true,"href":"https:\/\/proservice.com.ar\/index.php\/wp-json\/wp\/v2\/product_tag?post=1942"}],"curies":[{"name":"wp","href":"https:\/\/api.w.org\/{rel}","templated":true}]}}