{"id":1950,"date":"2023-04-27T15:42:09","date_gmt":"2023-04-27T19:42:09","guid":{"rendered":"https:\/\/proservice.com.ar\/?post_type=product&#038;p=1950"},"modified":"2026-04-05T15:44:41","modified_gmt":"2026-04-05T18:44:41","slug":"blackmagic-design-atem-camera-control-panel","status":"publish","type":"product","link":"https:\/\/proservice.com.ar\/index.php\/product\/blackmagic-design-atem-camera-control-panel\/","title":{"rendered":"Blackmagic Design ATEM Camera Control Panel"},"content":{"rendered":"<div class=\"title_OMS5rN7R1Z\">\n<div data-selenium=\"sellingPointsTitle\">El ATEM Camera Control Panel es un panel de control para c\u00e1maras que permite conectar y controlar hasta cuatro unidades URSA Mini, URSA Broadcast, Blackmagic Studio o Blackmagic Micro Studio de forma remota. El panel tiene cuatro bancos de control con pantallas LCD, botones y mandos multifunci\u00f3n que permiten ajustar par\u00e1metros como el iris, la velocidad de obturaci\u00f3n, el balance de blancos, la ganancia, el pedestal, el RGB para blancos y negros y m\u00e1s. El panel se conecta a las c\u00e1maras mediante una entrada 3G-SDI y se alimenta con una entrada XLR de 4 pines. El panel se puede configurar y actualizar mediante una conexi\u00f3n USB.<\/div>\n<\/div>\n<div data-selenium=\"sellingPointsTitle\"><\/div>\n<div class=\"title_OMS5rN7R1Z\">\n<div class=\"text_TAw0W35QK_ comfy_TAw0W35QK_ sizeTitle4_TAw0W35QK_ weightBold_TAw0W35QK_ primary_i3MsQsqoe0\" data-selenium=\"sellingPointsTitle\"><strong>Caracter\u00edsticas principales:\u00a0<\/strong><\/div>\n<\/div>\n<ul class=\"list_OMS5rN7R1Z\">\n<li class=\"listItem_OMS5rN7R1Z\" data-selenium=\"sellingPointsListItem\">Controla hasta 4 c\u00e1maras<\/li>\n<li class=\"listItem_OMS5rN7R1Z\" data-selenium=\"sellingPointsListItem\">Para c\u00e1maras BMD URSA y de estudio<\/li>\n<li class=\"listItem_OMS5rN7R1Z\" data-selenium=\"sellingPointsListItem\">Controles de iris, velocidad de obturaci\u00f3n y pintura<\/li>\n<li class=\"listItem_OMS5rN7R1Z\" data-selenium=\"sellingPointsListItem\">Conectividad Ethernet<\/li>\n<li class=\"listItem_OMS5rN7R1Z\" data-selenium=\"sellingPointsListItem\">Pantallas LCD con botones programables y codificadores<\/li>\n<li class=\"listItem_OMS5rN7R1Z\" data-selenium=\"sellingPointsListItem\">4 joysticks de alta calidad<\/li>\n<li class=\"listItem_OMS5rN7R1Z\" data-selenium=\"sellingPointsListItem\">Presets recuperables<\/li>\n<\/ul>\n","protected":false},"excerpt":{"rendered":"<p>SWPANELCCU4<\/p>\n","protected":false},"featured_media":4458,"template":"","meta":{"om_disable_all_campaigns":false},"pwb-brand":[],"product_brand":[],"product_cat":[71,66,741],"product_tag":[197],"class_list":{"0":"post-1950","1":"product","2":"type-product","3":"status-publish","4":"has-post-thumbnail","6":"product_cat-blackmagic-design","7":"product_cat-switchers","8":"product_cat-switcher","9":"product_tag-swpanelccu4","11":"first","12":"onbackorder","13":"shipping-taxable","14":"product-type-simple"},"aioseo_notices":[],"jetpack_sharing_enabled":true,"brands":[],"_links":{"self":[{"href":"https:\/\/proservice.com.ar\/index.php\/wp-json\/wp\/v2\/product\/1950","targetHints":{"allow":["GET"]}}],"collection":[{"href":"https:\/\/proservice.com.ar\/index.php\/wp-json\/wp\/v2\/product"}],"about":[{"href":"https:\/\/proservice.com.ar\/index.php\/wp-json\/wp\/v2\/types\/product"}],"wp:featuredmedia":[{"embeddable":true,"href":"https:\/\/proservice.com.ar\/index.php\/wp-json\/wp\/v2\/media\/4458"}],"wp:attachment":[{"href":"https:\/\/proservice.com.ar\/index.php\/wp-json\/wp\/v2\/media?parent=1950"}],"wp:term":[{"taxonomy":"pwb-brand","embeddable":true,"href":"https:\/\/proservice.com.ar\/index.php\/wp-json\/wp\/v2\/pwb-brand?post=1950"},{"taxonomy":"product_brand","embeddable":true,"href":"https:\/\/proservice.com.ar\/index.php\/wp-json\/wp\/v2\/product_brand?post=1950"},{"taxonomy":"product_cat","embeddable":true,"href":"https:\/\/proservice.com.ar\/index.php\/wp-json\/wp\/v2\/product_cat?post=1950"},{"taxonomy":"product_tag","embeddable":true,"href":"https:\/\/proservice.com.ar\/index.php\/wp-json\/wp\/v2\/product_tag?post=1950"}],"curies":[{"name":"wp","href":"https:\/\/api.w.org\/{rel}","templated":true}]}}