{"id":1954,"date":"2023-04-27T15:45:09","date_gmt":"2023-04-27T19:45:09","guid":{"rendered":"https:\/\/proservice.com.ar\/?post_type=product&#038;p=1954"},"modified":"2026-04-05T15:44:41","modified_gmt":"2026-04-05T18:44:41","slug":"blackmagic-design-atem-4-m-e-constellation-hd-live-production-switcher-2-ru","status":"publish","type":"product","link":"https:\/\/proservice.com.ar\/index.php\/product\/blackmagic-design-atem-4-m-e-constellation-hd-live-production-switcher-2-ru\/","title":{"rendered":"Blackmagic Design ATEM 4 M\/E Constellation HD Live Production Switcher (2 RU)"},"content":{"rendered":"<div class=\"title_OMS5rN7R1Z\">\n<div data-selenium=\"sellingPointsTitle\">El ATEM 4 M\/E Constellation HD de producci\u00f3n en vivo HD que permite conectar y controlar hasta 40 fuentes de video 3G-\/HD-SDI con una profundidad de color de 10 bits. El conmutador tiene 24 salidas 3G-SDI, una salida USB-C para usar como webcam, dos salidas multivista con hasta 16 ventanas configurables, cuatro DVE, 16 keyers crom\u00e1ticos avanzados ATEM, dos multiviews y un SuperSource para un total de seis DVE. Adem\u00e1s, el conmutador tiene un mezclador de audio Fairlight con 156 canales y procesamiento din\u00e1mico, ecualizaci\u00f3n y expansi\u00f3n en cada entrada. El conmutador se puede controlar mediante el panel frontal integrado, el software ATEM Software Control gratuito o los paneles ATEM Advanced Panel opcionales.<\/div>\n<div data-selenium=\"sellingPointsTitle\"><\/div>\n<div class=\"text_TAw0W35QK_ comfy_TAw0W35QK_ sizeTitle4_TAw0W35QK_ weightBold_TAw0W35QK_ primary_i3MsQsqoe0\" data-selenium=\"sellingPointsTitle\"><strong>Caracter\u00edsticas principales:\u00a0<\/strong><\/div>\n<\/div>\n<ul class=\"list_OMS5rN7R1Z\">\n<li class=\"listItem_OMS5rN7R1Z\" data-selenium=\"sellingPointsListItem\">Soporta 3G\/HD-SDI a 10 bits<\/li>\n<li class=\"listItem_OMS5rN7R1Z\" data-selenium=\"sellingPointsListItem\">40 entradas 3G-SDI, 24 salidas 3G-SDI<\/li>\n<li class=\"listItem_OMS5rN7R1Z\" data-selenium=\"sellingPointsListItem\">Hasta 16 ventanas de monitoreo multivista<\/li>\n<li class=\"listItem_OMS5rN7R1Z\" data-selenium=\"sellingPointsListItem\">Salida de c\u00e1mara web a trav\u00e9s de USB-C<\/li>\n<li class=\"listItem_OMS5rN7R1Z\" data-selenium=\"sellingPointsListItem\">Convertidor de velocidad de fotogramas\/formato por entrada<\/li>\n<li class=\"listItem_OMS5rN7R1Z\" data-selenium=\"sellingPointsListItem\">Mezclador de audio de 156 canales<\/li>\n<li class=\"listItem_OMS5rN7R1Z\" data-selenium=\"sellingPointsListItem\">16 x ascendentes, 4 x manipuladores descendentes<\/li>\n<li class=\"listItem_OMS5rN7R1Z\" data-selenium=\"sellingPointsListItem\">Incrustadores de croma\/luma<\/li>\n<li class=\"listItem_OMS5rN7R1Z\" data-selenium=\"sellingPointsListItem\">Generadores de colores\/patrones<\/li>\n<li class=\"listItem_OMS5rN7R1Z\" data-selenium=\"sellingPointsListItem\">Control de hardware o software Mac\/Windows<\/li>\n<\/ul>\n","protected":false},"excerpt":{"rendered":"<p>SWATEMSCN2\/1ME4\/HD<\/p>\n","protected":false},"featured_media":4461,"template":"","meta":{"om_disable_all_campaigns":false},"pwb-brand":[],"product_brand":[],"product_cat":[71,66,741],"product_tag":[198],"class_list":{"0":"post-1954","1":"product","2":"type-product","3":"status-publish","4":"has-post-thumbnail","6":"product_cat-blackmagic-design","7":"product_cat-switchers","8":"product_cat-switcher","9":"product_tag-swatemscn2-1me4-hd","11":"first","12":"onbackorder","13":"shipping-taxable","14":"product-type-simple"},"aioseo_notices":[],"jetpack_sharing_enabled":true,"brands":[],"_links":{"self":[{"href":"https:\/\/proservice.com.ar\/index.php\/wp-json\/wp\/v2\/product\/1954","targetHints":{"allow":["GET"]}}],"collection":[{"href":"https:\/\/proservice.com.ar\/index.php\/wp-json\/wp\/v2\/product"}],"about":[{"href":"https:\/\/proservice.com.ar\/index.php\/wp-json\/wp\/v2\/types\/product"}],"wp:featuredmedia":[{"embeddable":true,"href":"https:\/\/proservice.com.ar\/index.php\/wp-json\/wp\/v2\/media\/4461"}],"wp:attachment":[{"href":"https:\/\/proservice.com.ar\/index.php\/wp-json\/wp\/v2\/media?parent=1954"}],"wp:term":[{"taxonomy":"pwb-brand","embeddable":true,"href":"https:\/\/proservice.com.ar\/index.php\/wp-json\/wp\/v2\/pwb-brand?post=1954"},{"taxonomy":"product_brand","embeddable":true,"href":"https:\/\/proservice.com.ar\/index.php\/wp-json\/wp\/v2\/product_brand?post=1954"},{"taxonomy":"product_cat","embeddable":true,"href":"https:\/\/proservice.com.ar\/index.php\/wp-json\/wp\/v2\/product_cat?post=1954"},{"taxonomy":"product_tag","embeddable":true,"href":"https:\/\/proservice.com.ar\/index.php\/wp-json\/wp\/v2\/product_tag?post=1954"}],"curies":[{"name":"wp","href":"https:\/\/api.w.org\/{rel}","templated":true}]}}