{"id":1969,"date":"2023-04-28T13:59:47","date_gmt":"2023-04-28T17:59:47","guid":{"rendered":"https:\/\/proservice.com.ar\/?post_type=product&#038;p=1969"},"modified":"2026-04-05T15:44:41","modified_gmt":"2026-04-05T18:44:41","slug":"blackmagic-design-atem-1-m-e-constellation-hd-live-production-switcher-1-ru","status":"publish","type":"product","link":"https:\/\/proservice.com.ar\/index.php\/product\/blackmagic-design-atem-1-m-e-constellation-hd-live-production-switcher-1-ru\/","title":{"rendered":"Blackmagic Design ATEM 1 M\/E Constellation HD Live Production Switcher (1 RU)"},"content":{"rendered":"<div data-selenium=\"sellingPointsTitle\">El ATEM 1 M\/E Constellation HD\u00a0 es un switcher de producci\u00f3n en vivo HD que permite conectar y controlar hasta 10 fuentes de video 3G-SDI o HD-SDI con una profundidad de color de 10 bits. El switcher tiene 6 salidas 3G-SDI, una salida USB-C para usar como webcam, una salida multivista con hasta 16 ventanas configurables, un DVE, 4 keyers crom\u00e1ticos avanzados ATEM, un reproductor multimedia y un mezclador de audio Fairlight con 28 canales y procesamiento din\u00e1mico, ecualizaci\u00f3n y expansi\u00f3n en cada entrada. El switcher se puede controlar mediante el panel frontal integrado, el software ATEM Software Control gratuito o los paneles ATEM Advanced Panel opcionales.<\/div>\n<div data-selenium=\"sellingPointsTitle\"><\/div>\n<div class=\"title_OMS5rN7R1Z\">\n<div class=\"text_TAw0W35QK_ comfy_TAw0W35QK_ sizeTitle4_TAw0W35QK_ weightBold_TAw0W35QK_ primary_i3MsQsqoe0\" data-selenium=\"sellingPointsTitle\"><strong>Caracter\u00edsticas principales:\u00a0<\/strong><\/div>\n<\/div>\n<ul class=\"list_OMS5rN7R1Z\">\n<li class=\"listItem_OMS5rN7R1Z\" data-selenium=\"sellingPointsListItem\">Soporta 3G\/HD-SDI a 10 bits<\/li>\n<li class=\"listItem_OMS5rN7R1Z\" data-selenium=\"sellingPointsListItem\">10 entradas 3G-SDI, 6 salidas 3G-SDI<\/li>\n<li class=\"listItem_OMS5rN7R1Z\" data-selenium=\"sellingPointsListItem\">Hasta 16 ventanas de monitoreo multivista<\/li>\n<li class=\"listItem_OMS5rN7R1Z\" data-selenium=\"sellingPointsListItem\">Salida de c\u00e1mara web a trav\u00e9s de USB-C<\/li>\n<li class=\"listItem_OMS5rN7R1Z\" data-selenium=\"sellingPointsListItem\">Convertidor de velocidad de fotogramas\/formato por entrada<\/li>\n<li class=\"listItem_OMS5rN7R1Z\" data-selenium=\"sellingPointsListItem\">Mezclador de audio de 28 canales<\/li>\n<li class=\"listItem_OMS5rN7R1Z\" data-selenium=\"sellingPointsListItem\">4 x ascendentes, 1 x manipulador descendente<\/li>\n<li class=\"listItem_OMS5rN7R1Z\" data-selenium=\"sellingPointsListItem\">Incrustadores de croma\/luma<\/li>\n<li class=\"listItem_OMS5rN7R1Z\" data-selenium=\"sellingPointsListItem\">Generadores de colores\/patrones<\/li>\n<li class=\"listItem_OMS5rN7R1Z\" data-selenium=\"sellingPointsListItem\">Control de hardware o software Mac\/Windows<\/li>\n<\/ul>\n","protected":false},"excerpt":{"rendered":"<p>SWATEMSCN2\/1ME1\/HD<\/p>\n","protected":false},"featured_media":4470,"template":"","meta":{"om_disable_all_campaigns":false},"pwb-brand":[],"product_brand":[],"product_cat":[71,66,741],"product_tag":[201],"class_list":{"0":"post-1969","1":"product","2":"type-product","3":"status-publish","4":"has-post-thumbnail","6":"product_cat-blackmagic-design","7":"product_cat-switchers","8":"product_cat-switcher","9":"product_tag-swatemscn2-1me1-hd","11":"first","12":"onbackorder","13":"shipping-taxable","14":"product-type-simple"},"aioseo_notices":[],"jetpack_sharing_enabled":true,"brands":[],"_links":{"self":[{"href":"https:\/\/proservice.com.ar\/index.php\/wp-json\/wp\/v2\/product\/1969","targetHints":{"allow":["GET"]}}],"collection":[{"href":"https:\/\/proservice.com.ar\/index.php\/wp-json\/wp\/v2\/product"}],"about":[{"href":"https:\/\/proservice.com.ar\/index.php\/wp-json\/wp\/v2\/types\/product"}],"wp:featuredmedia":[{"embeddable":true,"href":"https:\/\/proservice.com.ar\/index.php\/wp-json\/wp\/v2\/media\/4470"}],"wp:attachment":[{"href":"https:\/\/proservice.com.ar\/index.php\/wp-json\/wp\/v2\/media?parent=1969"}],"wp:term":[{"taxonomy":"pwb-brand","embeddable":true,"href":"https:\/\/proservice.com.ar\/index.php\/wp-json\/wp\/v2\/pwb-brand?post=1969"},{"taxonomy":"product_brand","embeddable":true,"href":"https:\/\/proservice.com.ar\/index.php\/wp-json\/wp\/v2\/product_brand?post=1969"},{"taxonomy":"product_cat","embeddable":true,"href":"https:\/\/proservice.com.ar\/index.php\/wp-json\/wp\/v2\/product_cat?post=1969"},{"taxonomy":"product_tag","embeddable":true,"href":"https:\/\/proservice.com.ar\/index.php\/wp-json\/wp\/v2\/product_tag?post=1969"}],"curies":[{"name":"wp","href":"https:\/\/api.w.org\/{rel}","templated":true}]}}