{"id":1977,"date":"2023-04-28T14:14:54","date_gmt":"2023-04-28T18:14:54","guid":{"rendered":"https:\/\/proservice.com.ar\/?post_type=product&#038;p=1977"},"modified":"2026-04-05T15:44:41","modified_gmt":"2026-04-05T18:44:41","slug":"blackmagic-design-atem-1-m-e-advanced-panel","status":"publish","type":"product","link":"https:\/\/proservice.com.ar\/index.php\/product\/blackmagic-design-atem-1-m-e-advanced-panel\/","title":{"rendered":"Blackmagic Design ATEM 1 M\/E Advanced Panel"},"content":{"rendered":"<div class=\"title_OMS5rN7R1Z\">\n<div data-selenium=\"sellingPointsTitle\">El ATEM 1 M\/E Advanced Panel es un panel de control avanzado para los conmutadores ATEM de Blackmagic Design. Este panel de control de hardware est\u00e1 dise\u00f1ado para proporcionar un control t\u00e1ctil y pr\u00e1ctico, esencial para estudios de transmisi\u00f3n. Se conecta a trav\u00e9s de Ethernet y cuenta con una pantalla LCD de informaci\u00f3n rodeada de botones de men\u00fa t\u00e1ctiles y codificadores rotativos que permiten una programaci\u00f3n intuitiva de las funciones de control. Adem\u00e1s de la pantalla principal, cada bot\u00f3n programable tiene una tira de escritura LCD para ilustrar su funci\u00f3n. Los botones tienen hendiduras curvas para ayudar a evitar pulsaciones incorrectas. Los controles din\u00e1micos en tiempo real est\u00e1n disponibles en forma de un joystick de 3 ejes y una barra en T grande y ponderada.<\/div>\n<div data-selenium=\"sellingPointsTitle\"><\/div>\n<div class=\"text_TAw0W35QK_ comfy_TAw0W35QK_ sizeTitle4_TAw0W35QK_ weightBold_TAw0W35QK_ primary_i3MsQsqoe0\" data-selenium=\"sellingPointsTitle\"><strong>Caracter\u00edsticas principales:\u00a0<\/strong><\/div>\n<\/div>\n<ul class=\"list_OMS5rN7R1Z\">\n<li class=\"listItem_OMS5rN7R1Z\" data-selenium=\"sellingPointsListItem\">Panel de control para conmutadores ATEM<\/li>\n<li class=\"listItem_OMS5rN7R1Z\" data-selenium=\"sellingPointsListItem\">LCD de informaci\u00f3n grande con codificadores rotatorios<\/li>\n<li class=\"listItem_OMS5rN7R1Z\" data-selenium=\"sellingPointsListItem\">Botones de men\u00fa suaves al tacto<\/li>\n<li class=\"listItem_OMS5rN7R1Z\" data-selenium=\"sellingPointsListItem\">Botones programables retroiluminados en color<\/li>\n<li class=\"listItem_OMS5rN7R1Z\" data-selenium=\"sellingPointsListItem\">Tiras LCD para garabatear para botones<\/li>\n<li class=\"listItem_OMS5rN7R1Z\" data-selenium=\"sellingPointsListItem\">Barra en T ponderada<\/li>\n<li class=\"listItem_OMS5rN7R1Z\" data-selenium=\"sellingPointsListItem\">Joystick para DVE y ajuste de c\u00e1mara<\/li>\n<li class=\"listItem_OMS5rN7R1Z\" data-selenium=\"sellingPointsListItem\">Controla hasta 20 entradas<\/li>\n<\/ul>\n","protected":false},"excerpt":{"rendered":"<p>SWPANELADV1ME10<\/p>\n","protected":false},"featured_media":4477,"template":"","meta":{"om_disable_all_campaigns":false},"pwb-brand":[],"product_brand":[],"product_cat":[71,66,741],"product_tag":[203],"class_list":{"0":"post-1977","1":"product","2":"type-product","3":"status-publish","4":"has-post-thumbnail","6":"product_cat-blackmagic-design","7":"product_cat-switchers","8":"product_cat-switcher","9":"product_tag-swpaneladv1me10","11":"first","12":"onbackorder","13":"shipping-taxable","14":"product-type-simple"},"aioseo_notices":[],"jetpack_sharing_enabled":true,"brands":[],"_links":{"self":[{"href":"https:\/\/proservice.com.ar\/index.php\/wp-json\/wp\/v2\/product\/1977","targetHints":{"allow":["GET"]}}],"collection":[{"href":"https:\/\/proservice.com.ar\/index.php\/wp-json\/wp\/v2\/product"}],"about":[{"href":"https:\/\/proservice.com.ar\/index.php\/wp-json\/wp\/v2\/types\/product"}],"wp:featuredmedia":[{"embeddable":true,"href":"https:\/\/proservice.com.ar\/index.php\/wp-json\/wp\/v2\/media\/4477"}],"wp:attachment":[{"href":"https:\/\/proservice.com.ar\/index.php\/wp-json\/wp\/v2\/media?parent=1977"}],"wp:term":[{"taxonomy":"pwb-brand","embeddable":true,"href":"https:\/\/proservice.com.ar\/index.php\/wp-json\/wp\/v2\/pwb-brand?post=1977"},{"taxonomy":"product_brand","embeddable":true,"href":"https:\/\/proservice.com.ar\/index.php\/wp-json\/wp\/v2\/product_brand?post=1977"},{"taxonomy":"product_cat","embeddable":true,"href":"https:\/\/proservice.com.ar\/index.php\/wp-json\/wp\/v2\/product_cat?post=1977"},{"taxonomy":"product_tag","embeddable":true,"href":"https:\/\/proservice.com.ar\/index.php\/wp-json\/wp\/v2\/product_tag?post=1977"}],"curies":[{"name":"wp","href":"https:\/\/api.w.org\/{rel}","templated":true}]}}