{"id":1996,"date":"2023-04-28T14:24:45","date_gmt":"2023-04-28T18:24:45","guid":{"rendered":"https:\/\/proservice.com.ar\/?post_type=product&#038;p=1996"},"modified":"2026-04-05T15:44:40","modified_gmt":"2026-04-05T18:44:40","slug":"blackmagic-design-atem-2-m-e-advanced-panel-40","status":"publish","type":"product","link":"https:\/\/proservice.com.ar\/index.php\/product\/blackmagic-design-atem-2-m-e-advanced-panel-40\/","title":{"rendered":"Blackmagic Design ATEM 2 M\/E Advanced Panel 40"},"content":{"rendered":"<div class=\"title_OMS5rN7R1Z\">\n<div data-selenium=\"sellingPointsTitle\">El ATEM 2 M\/E Advanced Panel 40\u00a0 es un panel de control avanzado para el\u00a0 ATEM Constellation de Blackmagic Design. El panel tiene dos filas de 40 botones cada una para seleccionar las fuentes de video, cuatro puertos Ethernet con salidas en bucle, tres pantallas LCD por fila para controlar el sistema, un joystick de tres ejes, un teclado num\u00e9rico, dos barras de deslizamiento y botones y mandos de alta calidad. El panel permite controlar hasta cuatro mezcladores de efectos (M\/E) con cuatro keyers ascendentes y dos keyers descendentes cada uno, 16 keyers crom\u00e1ticos avanzados ATEM, cuatro reproductores multimedia y una piscina de medios con capacidad para 64 im\u00e1genes fijas y 32 clips. El panel se puede personalizar con etiquetas y colores, y tiene una fuente de alimentaci\u00f3n redundante.<\/div>\n<div data-selenium=\"sellingPointsTitle\"><\/div>\n<div class=\"text_TAw0W35QK_ comfy_TAw0W35QK_ sizeTitle4_TAw0W35QK_ weightBold_TAw0W35QK_ primary_i3MsQsqoe0\" data-selenium=\"sellingPointsTitle\"><strong>Caracter\u00edsticas principales:\u00a0<\/strong><\/div>\n<\/div>\n<ul class=\"list_OMS5rN7R1Z\">\n<li class=\"listItem_OMS5rN7R1Z\" data-selenium=\"sellingPointsListItem\">Panel para conmutador ATEM Constellation<\/li>\n<li class=\"listItem_OMS5rN7R1Z\" data-selenium=\"sellingPointsListItem\">2 filas M\/E, 40 botones de entrada cada una<\/li>\n<li class=\"listItem_OMS5rN7R1Z\" data-selenium=\"sellingPointsListItem\">4 x LCD de control del sistema para cada fila<\/li>\n<li class=\"listItem_OMS5rN7R1Z\" data-selenium=\"sellingPointsListItem\">Botones\/perillas\/controles de alta calidad<\/li>\n<li class=\"listItem_OMS5rN7R1Z\" data-selenium=\"sellingPointsListItem\">4 puertos Ethernet GbE con bucles<\/li>\n<li class=\"listItem_OMS5rN7R1Z\" data-selenium=\"sellingPointsListItem\">Etiquetado personalizado, fuente de alimentaci\u00f3n redundante<\/li>\n<li class=\"listItem_OMS5rN7R1Z\" data-selenium=\"sellingPointsListItem\">12 indicadores en el aire, 40 puntos de cruce<\/li>\n<li class=\"listItem_OMS5rN7R1Z\" data-selenium=\"sellingPointsListItem\">Joystick de 3 ejes, teclado, 2 barras de atenuadores<\/li>\n<li class=\"listItem_OMS5rN7R1Z\" data-selenium=\"sellingPointsListItem\">Entrada USB tipo C para actualizaciones de firmware<\/li>\n<\/ul>\n","protected":false},"excerpt":{"rendered":"<p>SWPANELADV2ME40<\/p>\n","protected":false},"featured_media":4427,"template":"","meta":{"om_disable_all_campaigns":false},"pwb-brand":[],"product_brand":[],"product_cat":[71,66,741],"product_tag":[207],"class_list":{"0":"post-1996","1":"product","2":"type-product","3":"status-publish","4":"has-post-thumbnail","6":"product_cat-blackmagic-design","7":"product_cat-switchers","8":"product_cat-switcher","9":"product_tag-swpaneladv2me40","11":"first","12":"onbackorder","13":"shipping-taxable","14":"product-type-simple"},"aioseo_notices":[],"jetpack_sharing_enabled":true,"brands":[],"_links":{"self":[{"href":"https:\/\/proservice.com.ar\/index.php\/wp-json\/wp\/v2\/product\/1996","targetHints":{"allow":["GET"]}}],"collection":[{"href":"https:\/\/proservice.com.ar\/index.php\/wp-json\/wp\/v2\/product"}],"about":[{"href":"https:\/\/proservice.com.ar\/index.php\/wp-json\/wp\/v2\/types\/product"}],"wp:featuredmedia":[{"embeddable":true,"href":"https:\/\/proservice.com.ar\/index.php\/wp-json\/wp\/v2\/media\/4427"}],"wp:attachment":[{"href":"https:\/\/proservice.com.ar\/index.php\/wp-json\/wp\/v2\/media?parent=1996"}],"wp:term":[{"taxonomy":"pwb-brand","embeddable":true,"href":"https:\/\/proservice.com.ar\/index.php\/wp-json\/wp\/v2\/pwb-brand?post=1996"},{"taxonomy":"product_brand","embeddable":true,"href":"https:\/\/proservice.com.ar\/index.php\/wp-json\/wp\/v2\/product_brand?post=1996"},{"taxonomy":"product_cat","embeddable":true,"href":"https:\/\/proservice.com.ar\/index.php\/wp-json\/wp\/v2\/product_cat?post=1996"},{"taxonomy":"product_tag","embeddable":true,"href":"https:\/\/proservice.com.ar\/index.php\/wp-json\/wp\/v2\/product_tag?post=1996"}],"curies":[{"name":"wp","href":"https:\/\/api.w.org\/{rel}","templated":true}]}}