{"id":2000,"date":"2023-04-28T14:27:11","date_gmt":"2023-04-28T18:27:11","guid":{"rendered":"https:\/\/proservice.com.ar\/?post_type=product&#038;p=2000"},"modified":"2026-04-05T15:44:40","modified_gmt":"2026-04-05T18:44:40","slug":"blackmagic-design-atem-4-m-e-advanced-panel","status":"publish","type":"product","link":"https:\/\/proservice.com.ar\/index.php\/product\/blackmagic-design-atem-4-m-e-advanced-panel\/","title":{"rendered":"Blackmagic Design ATEM 4 M\/E Advanced Panel"},"content":{"rendered":"<div class=\"title_OMS5rN7R1Z\">\n<div data-selenium=\"sellingPointsTitle\">El ATEM 4 M\/E Advanced Panel es un panel de control avanzado para el\u00a0 ATEM Constellation de Blackmagic Design. El panel permite controlar hasta cuatro bancos de mezcla y efectos con 40 botones para entradas y 4 pantallas de control independientes. Tambi\u00e9n dispone de una pantalla LCD y botones curvos retroiluminados que facilitan la selecci\u00f3n de las fuentes y las funciones. Adem\u00e1s, incluye un mando para ajustar las c\u00e1maras y los efectos visuales, cuatro palancas de transiciones, un teclado num\u00e9rico, dos barras de deslizamiento y un joystick de tres ejes. El panel se puede personalizar con etiquetas y colores, y tiene una fuente de alimentaci\u00f3n redundante.<\/div>\n<div data-selenium=\"sellingPointsTitle\"><\/div>\n<div class=\"text_TAw0W35QK_ comfy_TAw0W35QK_ sizeTitle4_TAw0W35QK_ weightBold_TAw0W35QK_ primary_i3MsQsqoe0\" data-selenium=\"sellingPointsTitle\"><strong>Caracter\u00edsticas principales:\u00a0<\/strong><\/div>\n<\/div>\n<ul class=\"list_OMS5rN7R1Z\">\n<li class=\"listItem_OMS5rN7R1Z\" data-selenium=\"sellingPointsListItem\">Panel para\u00a0 ATEM Constellation<\/li>\n<li class=\"listItem_OMS5rN7R1Z\" data-selenium=\"sellingPointsListItem\">Botones\/perillas\/controles de alta calidad<\/li>\n<li class=\"listItem_OMS5rN7R1Z\" data-selenium=\"sellingPointsListItem\">4 filas M\/E, 40 botones de entrada cada fila<\/li>\n<li class=\"listItem_OMS5rN7R1Z\" data-selenium=\"sellingPointsListItem\">24 LCD independientes, 4 de control del sistema<\/li>\n<li class=\"listItem_OMS5rN7R1Z\" data-selenium=\"sellingPointsListItem\">4 salidas de bucle Gigabit Ethernet<\/li>\n<li class=\"listItem_OMS5rN7R1Z\" data-selenium=\"sellingPointsListItem\">Etiquetado personalizado, fuente de alimentaci\u00f3n redundante<\/li>\n<li class=\"listItem_OMS5rN7R1Z\" data-selenium=\"sellingPointsListItem\">20 indicadores en el aire, 40 puntos de cruce<\/li>\n<li class=\"listItem_OMS5rN7R1Z\" data-selenium=\"sellingPointsListItem\">Joystick de 3 ejes, teclado, 4 barras de atenuadores<\/li>\n<li class=\"listItem_OMS5rN7R1Z\" data-selenium=\"sellingPointsListItem\">Entrada USB tipo C para actualizaciones de firmware<\/li>\n<\/ul>\n","protected":false},"excerpt":{"rendered":"<p>SWPANELADV4ME40<\/p>\n","protected":false},"featured_media":5385,"template":"","meta":{"om_disable_all_campaigns":false},"pwb-brand":[],"product_brand":[],"product_cat":[71,66,741],"product_tag":[208],"class_list":{"0":"post-2000","1":"product","2":"type-product","3":"status-publish","4":"has-post-thumbnail","6":"product_cat-blackmagic-design","7":"product_cat-switchers","8":"product_cat-switcher","9":"product_tag-swpaneladv4me40","11":"first","12":"onbackorder","13":"shipping-taxable","14":"product-type-simple"},"aioseo_notices":[],"jetpack_sharing_enabled":true,"brands":[],"_links":{"self":[{"href":"https:\/\/proservice.com.ar\/index.php\/wp-json\/wp\/v2\/product\/2000","targetHints":{"allow":["GET"]}}],"collection":[{"href":"https:\/\/proservice.com.ar\/index.php\/wp-json\/wp\/v2\/product"}],"about":[{"href":"https:\/\/proservice.com.ar\/index.php\/wp-json\/wp\/v2\/types\/product"}],"wp:featuredmedia":[{"embeddable":true,"href":"https:\/\/proservice.com.ar\/index.php\/wp-json\/wp\/v2\/media\/5385"}],"wp:attachment":[{"href":"https:\/\/proservice.com.ar\/index.php\/wp-json\/wp\/v2\/media?parent=2000"}],"wp:term":[{"taxonomy":"pwb-brand","embeddable":true,"href":"https:\/\/proservice.com.ar\/index.php\/wp-json\/wp\/v2\/pwb-brand?post=2000"},{"taxonomy":"product_brand","embeddable":true,"href":"https:\/\/proservice.com.ar\/index.php\/wp-json\/wp\/v2\/product_brand?post=2000"},{"taxonomy":"product_cat","embeddable":true,"href":"https:\/\/proservice.com.ar\/index.php\/wp-json\/wp\/v2\/product_cat?post=2000"},{"taxonomy":"product_tag","embeddable":true,"href":"https:\/\/proservice.com.ar\/index.php\/wp-json\/wp\/v2\/product_tag?post=2000"}],"curies":[{"name":"wp","href":"https:\/\/api.w.org\/{rel}","templated":true}]}}