{"id":2004,"date":"2023-04-28T14:34:51","date_gmt":"2023-04-28T18:34:51","guid":{"rendered":"https:\/\/proservice.com.ar\/?post_type=product&#038;p=2004"},"modified":"2025-05-12T14:23:04","modified_gmt":"2025-05-12T17:23:04","slug":"blackmagic-design-ursa-broadcast-g2-camera","status":"publish","type":"product","link":"https:\/\/proservice.com.ar\/index.php\/product\/blackmagic-design-ursa-broadcast-g2-camera\/","title":{"rendered":"Blackmagic Design URSA Broadcast G2 Camera"},"content":{"rendered":"<div data-selenium=\"sellingPointsTitle\">La Camera URSA Broadcast G2 es una c\u00e1mara de producci\u00f3n y transmisi\u00f3n que permite grabar y transmitir video en resoluciones desde HD hasta 6K. La c\u00e1mara tiene un sensor CMOS de 6K con doble ISO nativo, un montaje de lente B4 para usar con lentes ENG, y un adaptador de montaje EF activo para usar con lentes de cine o foto. La c\u00e1mara puede grabar en formatos Blackmagic RAW, ProRes, H.265 y H.264, usando tarjetas SD, UHS-II, CFast 2.0 o discos USB externos. La c\u00e1mara tambi\u00e9n tiene una entrada y una salida 12G-SDI, filtros ND \u00f3pticos integrados, dos entradas XLR para audio, y un control de color avanzado. La c\u00e1mara se puede usar como una c\u00e1mara de producci\u00f3n 4K, una c\u00e1mara de estudio 4K o una c\u00e1mara de cine digital 6K.<\/div>\n<div data-selenium=\"sellingPointsTitle\"><\/div>\n<div class=\"title_OMS5rN7R1Z\">\n<div class=\"text_TAw0W35QK_ comfy_TAw0W35QK_ sizeTitle4_TAw0W35QK_ weightBold_TAw0W35QK_ primary_i3MsQsqoe0\" data-selenium=\"sellingPointsTitle\"><strong>Caracter\u00edsticas principales:\u00a0<\/strong><\/div>\n<\/div>\n<ul class=\"list_OMS5rN7R1Z\">\n<li class=\"listItem_OMS5rN7R1Z\" data-selenium=\"sellingPointsListItem\">Sensor CMOS 6K, ISO nativo dual<\/li>\n<li class=\"listItem_OMS5rN7R1Z\" data-selenium=\"sellingPointsListItem\">Montura de lente B4 de 2\/3&#8243; y montura EF activa<\/li>\n<li class=\"listItem_OMS5rN7R1Z\" data-selenium=\"sellingPointsListItem\">Grabaci\u00f3n RAW Blackmagic 6K<\/li>\n<li class=\"listItem_OMS5rN7R1Z\" data-selenium=\"sellingPointsListItem\">Graba en ProRes, H.265\/264<\/li>\n<li class=\"listItem_OMS5rN7R1Z\" data-selenium=\"sellingPointsListItem\">Entrada y salida 12G-SDI, Genlock\/c\u00f3digo de tiempo<\/li>\n<li class=\"listItem_OMS5rN7R1Z\" data-selenium=\"sellingPointsListItem\">13 x paradas de rango din\u00e1mico<\/li>\n<li class=\"listItem_OMS5rN7R1Z\" data-selenium=\"sellingPointsListItem\">2 ranuras SD UHS-II, 2 ranuras CFast 2.0<\/li>\n<li class=\"listItem_OMS5rN7R1Z\" data-selenium=\"sellingPointsListItem\">Filtros ND integrados de 2\/4\/6 pasos<\/li>\n<li class=\"listItem_OMS5rN7R1Z\" data-selenium=\"sellingPointsListItem\">Entradas XLR, salida de audio de 3,5 mm.<\/li>\n<li class=\"listItem_OMS5rN7R1Z\" data-selenium=\"sellingPointsListItem\">Grabaci\u00f3n ProRes hasta 1080p120<\/li>\n<\/ul>\n","protected":false},"excerpt":{"rendered":"<p>CINEURSAMWC6KG2<\/p>\n","protected":false},"featured_media":4432,"template":"","meta":{"om_disable_all_campaigns":false},"pwb-brand":[],"product_brand":[],"product_cat":[71,15],"product_tag":[209],"class_list":{"0":"post-2004","1":"product","2":"type-product","3":"status-publish","4":"has-post-thumbnail","6":"product_cat-blackmagic-design","7":"product_cat-camera","8":"product_tag-cineursamwc6kg2","10":"first","11":"onbackorder","12":"shipping-taxable","13":"product-type-simple"},"aioseo_notices":[],"jetpack_sharing_enabled":true,"brands":[],"_links":{"self":[{"href":"https:\/\/proservice.com.ar\/index.php\/wp-json\/wp\/v2\/product\/2004","targetHints":{"allow":["GET"]}}],"collection":[{"href":"https:\/\/proservice.com.ar\/index.php\/wp-json\/wp\/v2\/product"}],"about":[{"href":"https:\/\/proservice.com.ar\/index.php\/wp-json\/wp\/v2\/types\/product"}],"wp:featuredmedia":[{"embeddable":true,"href":"https:\/\/proservice.com.ar\/index.php\/wp-json\/wp\/v2\/media\/4432"}],"wp:attachment":[{"href":"https:\/\/proservice.com.ar\/index.php\/wp-json\/wp\/v2\/media?parent=2004"}],"wp:term":[{"taxonomy":"pwb-brand","embeddable":true,"href":"https:\/\/proservice.com.ar\/index.php\/wp-json\/wp\/v2\/pwb-brand?post=2004"},{"taxonomy":"product_brand","embeddable":true,"href":"https:\/\/proservice.com.ar\/index.php\/wp-json\/wp\/v2\/product_brand?post=2004"},{"taxonomy":"product_cat","embeddable":true,"href":"https:\/\/proservice.com.ar\/index.php\/wp-json\/wp\/v2\/product_cat?post=2004"},{"taxonomy":"product_tag","embeddable":true,"href":"https:\/\/proservice.com.ar\/index.php\/wp-json\/wp\/v2\/product_tag?post=2004"}],"curies":[{"name":"wp","href":"https:\/\/api.w.org\/{rel}","templated":true}]}}