{"id":2009,"date":"2023-04-28T14:37:06","date_gmt":"2023-04-28T18:37:06","guid":{"rendered":"https:\/\/proservice.com.ar\/?post_type=product&#038;p=2009"},"modified":"2025-05-12T14:23:10","modified_gmt":"2025-05-12T17:23:10","slug":"blackmagic-design-ursa-mini-pro-12k-pl","status":"publish","type":"product","link":"https:\/\/proservice.com.ar\/index.php\/product\/blackmagic-design-ursa-mini-pro-12k-pl\/","title":{"rendered":"Blackmagic Design URSA Mini Pro 12K (PL)"},"content":{"rendered":"<div class=\"title_OMS5rN7R1Z\">\n<div data-selenium=\"sellingPointsTitle\">La URSA Mini Pro 12K (PL) es una c\u00e1mara de cine digital que permite grabar y transmitir video en resoluciones desde HD hasta 12K. La c\u00e1mara tiene un sensor CMOS de 12K con doble ISO nativo, un montaje de lente intercambiable, y filtros de densidad neutra integrados. La c\u00e1mara puede grabar en formatos Blackmagic RAW, ProRes, H.265 y H.264, usando tarjetas CFast, SD UHS-II o discos USB externos. La c\u00e1mara tambi\u00e9n tiene una entrada y una salida 12G-SDI, dos entradas XLR para audio, y un control de color avanzado. La c\u00e1mara se puede usar como una c\u00e1mara de producci\u00f3n 4K, una c\u00e1mara de estudio 4K o una c\u00e1mara de cine digital 12K.<\/div>\n<div data-selenium=\"sellingPointsTitle\"><\/div>\n<div class=\"text_TAw0W35QK_ comfy_TAw0W35QK_ sizeTitle4_TAw0W35QK_ weightBold_TAw0W35QK_ primary_i3MsQsqoe0\" data-selenium=\"sellingPointsTitle\"><strong>Caracter\u00edsticas principales:\u00a0<\/strong><\/div>\n<\/div>\n<ul class=\"list_OMS5rN7R1Z\">\n<li class=\"listItem_OMS5rN7R1Z\" data-selenium=\"sellingPointsListItem\">Sensor CMOS Super35 HDR de 12K<\/li>\n<li class=\"listItem_OMS5rN7R1Z\" data-selenium=\"sellingPointsListItem\">12K 17:9 a 60 fps\/12K 2,4:1 a 75 fps<\/li>\n<li class=\"listItem_OMS5rN7R1Z\" data-selenium=\"sellingPointsListItem\">DCI 8K a 120 fps\/14 pasos de rango din\u00e1mico<\/li>\n<li class=\"listItem_OMS5rN7R1Z\" data-selenium=\"sellingPointsListItem\">Montura de lente PL cambiable por el usuario<\/li>\n<li class=\"listItem_OMS5rN7R1Z\" data-selenium=\"sellingPointsListItem\">4K Super16 hasta 220 fps<\/li>\n<li class=\"listItem_OMS5rN7R1Z\" data-selenium=\"sellingPointsListItem\">80MP\/cuadro Blackmagic Raw<\/li>\n<li class=\"listItem_OMS5rN7R1Z\" data-selenium=\"sellingPointsListItem\">Grabaci\u00f3n dual CFast 2.0 o tarjeta SD<\/li>\n<li class=\"listItem_OMS5rN7R1Z\" data-selenium=\"sellingPointsListItem\">Grabaci\u00f3n USB tipo C en disco\/SSD<\/li>\n<\/ul>\n","protected":false},"excerpt":{"rendered":"<p>CINEURSAMUPRO12K<\/p>\n","protected":false},"featured_media":4436,"template":"","meta":{"om_disable_all_campaigns":false},"pwb-brand":[],"product_brand":[],"product_cat":[71,15],"product_tag":[210],"class_list":{"0":"post-2009","1":"product","2":"type-product","3":"status-publish","4":"has-post-thumbnail","6":"product_cat-blackmagic-design","7":"product_cat-camera","8":"product_tag-cineursamupro12k","10":"first","11":"onbackorder","12":"shipping-taxable","13":"product-type-simple"},"aioseo_notices":[],"jetpack_sharing_enabled":true,"brands":[],"_links":{"self":[{"href":"https:\/\/proservice.com.ar\/index.php\/wp-json\/wp\/v2\/product\/2009","targetHints":{"allow":["GET"]}}],"collection":[{"href":"https:\/\/proservice.com.ar\/index.php\/wp-json\/wp\/v2\/product"}],"about":[{"href":"https:\/\/proservice.com.ar\/index.php\/wp-json\/wp\/v2\/types\/product"}],"wp:featuredmedia":[{"embeddable":true,"href":"https:\/\/proservice.com.ar\/index.php\/wp-json\/wp\/v2\/media\/4436"}],"wp:attachment":[{"href":"https:\/\/proservice.com.ar\/index.php\/wp-json\/wp\/v2\/media?parent=2009"}],"wp:term":[{"taxonomy":"pwb-brand","embeddable":true,"href":"https:\/\/proservice.com.ar\/index.php\/wp-json\/wp\/v2\/pwb-brand?post=2009"},{"taxonomy":"product_brand","embeddable":true,"href":"https:\/\/proservice.com.ar\/index.php\/wp-json\/wp\/v2\/product_brand?post=2009"},{"taxonomy":"product_cat","embeddable":true,"href":"https:\/\/proservice.com.ar\/index.php\/wp-json\/wp\/v2\/product_cat?post=2009"},{"taxonomy":"product_tag","embeddable":true,"href":"https:\/\/proservice.com.ar\/index.php\/wp-json\/wp\/v2\/product_tag?post=2009"}],"curies":[{"name":"wp","href":"https:\/\/api.w.org\/{rel}","templated":true}]}}