{"id":2013,"date":"2023-04-28T14:39:56","date_gmt":"2023-04-28T18:39:56","guid":{"rendered":"https:\/\/proservice.com.ar\/?post_type=product&#038;p=2013"},"modified":"2025-05-12T14:23:16","modified_gmt":"2025-05-12T17:23:16","slug":"blackmagic-design-ursa-mini-pro-4-6k-g2-digital-cinema-camera","status":"publish","type":"product","link":"https:\/\/proservice.com.ar\/index.php\/product\/blackmagic-design-ursa-mini-pro-4-6k-g2-digital-cinema-camera\/","title":{"rendered":"Blackmagic Design URSA Mini Pro 4.6K G2 Digital Cinema Camera"},"content":{"rendered":"<div class=\"title_OMS5rN7R1Z\">\n<div data-selenium=\"sellingPointsTitle\">La URSA Mini Pro 4.6K G2 es una c\u00e1mara de producci\u00f3n y transmisi\u00f3n que permite grabar y transmitir video en resoluciones desde HD hasta 4.6K. La c\u00e1mara tiene un sensor CMOS de 4.6K con doble ISO nativo, un montaje de lente intercambiable, y filtros de densidad neutra integrados. La c\u00e1mara puede grabar en formatos Blackmagic RAW, ProRes, H.265 y H.264, usando tarjetas CFast 2.0, SD UHS-II o discos USB externos. La c\u00e1mara tambi\u00e9n tiene una entrada y una salida 12G-SDI, dos entradas XLR para audio, y un control de color avanzado. La c\u00e1mara se puede usar como una c\u00e1mara de producci\u00f3n 4K, una c\u00e1mara de estudio 4K o una c\u00e1mara de cine digital 4.6K.<\/div>\n<div data-selenium=\"sellingPointsTitle\"><\/div>\n<div class=\"text_TAw0W35QK_ comfy_TAw0W35QK_ sizeTitle4_TAw0W35QK_ weightBold_TAw0W35QK_ primary_i3MsQsqoe0\" data-selenium=\"sellingPointsTitle\"><strong>Caracter\u00edsticas principales:\u00a0<\/strong><\/div>\n<\/div>\n<ul class=\"list_OMS5rN7R1Z\">\n<li class=\"listItem_OMS5rN7R1Z\" data-selenium=\"sellingPointsListItem\">Sensor CMOS S\u00faper 35 HDR de 4,6K<\/li>\n<li class=\"listItem_OMS5rN7R1Z\" data-selenium=\"sellingPointsListItem\">4,6K hasta 120 fps, 300 fps a 1080p<\/li>\n<li class=\"listItem_OMS5rN7R1Z\" data-selenium=\"sellingPointsListItem\">15 pasos de rango din\u00e1mico a 3200 ISO<\/li>\n<li class=\"listItem_OMS5rN7R1Z\" data-selenium=\"sellingPointsListItem\">Puerto de expansi\u00f3n USB-C para discos externos<\/li>\n<li class=\"listItem_OMS5rN7R1Z\" data-selenium=\"sellingPointsListItem\">Compatibilidad con Blackmagic RAW y ProRes 444\/422<\/li>\n<li class=\"listItem_OMS5rN7R1Z\" data-selenium=\"sellingPointsListItem\">Ranuras duales para tarjetas de memoria CFast 2.0 y SD<\/li>\n<li class=\"listItem_OMS5rN7R1Z\" data-selenium=\"sellingPointsListItem\">Salida 12G-SDI, c\u00f3digo de tiempo y entrada REF<\/li>\n<li class=\"listItem_OMS5rN7R1Z\" data-selenium=\"sellingPointsListItem\">2 entradas de audio XLR con alimentaci\u00f3n fantasma<\/li>\n<li class=\"listItem_OMS5rN7R1Z\" data-selenium=\"sellingPointsListItem\">Filtro ND de 2\/4\/6 pasos, cuerpo de magnesio<\/li>\n<li class=\"listItem_OMS5rN7R1Z\" data-selenium=\"sellingPointsListItem\">Montura de lentes intercambiables<\/li>\n<\/ul>\n","protected":false},"excerpt":{"rendered":"<p>CINEURSAMUPRO46KG2<\/p>\n","protected":false},"featured_media":4440,"template":"","meta":{"om_disable_all_campaigns":false},"pwb-brand":[],"product_brand":[],"product_cat":[71,15],"product_tag":[211],"class_list":{"0":"post-2013","1":"product","2":"type-product","3":"status-publish","4":"has-post-thumbnail","6":"product_cat-blackmagic-design","7":"product_cat-camera","8":"product_tag-cineursamupro46kg2","10":"first","11":"onbackorder","12":"shipping-taxable","13":"product-type-simple"},"aioseo_notices":[],"jetpack_sharing_enabled":true,"brands":[],"_links":{"self":[{"href":"https:\/\/proservice.com.ar\/index.php\/wp-json\/wp\/v2\/product\/2013","targetHints":{"allow":["GET"]}}],"collection":[{"href":"https:\/\/proservice.com.ar\/index.php\/wp-json\/wp\/v2\/product"}],"about":[{"href":"https:\/\/proservice.com.ar\/index.php\/wp-json\/wp\/v2\/types\/product"}],"wp:featuredmedia":[{"embeddable":true,"href":"https:\/\/proservice.com.ar\/index.php\/wp-json\/wp\/v2\/media\/4440"}],"wp:attachment":[{"href":"https:\/\/proservice.com.ar\/index.php\/wp-json\/wp\/v2\/media?parent=2013"}],"wp:term":[{"taxonomy":"pwb-brand","embeddable":true,"href":"https:\/\/proservice.com.ar\/index.php\/wp-json\/wp\/v2\/pwb-brand?post=2013"},{"taxonomy":"product_brand","embeddable":true,"href":"https:\/\/proservice.com.ar\/index.php\/wp-json\/wp\/v2\/product_brand?post=2013"},{"taxonomy":"product_cat","embeddable":true,"href":"https:\/\/proservice.com.ar\/index.php\/wp-json\/wp\/v2\/product_cat?post=2013"},{"taxonomy":"product_tag","embeddable":true,"href":"https:\/\/proservice.com.ar\/index.php\/wp-json\/wp\/v2\/product_tag?post=2013"}],"curies":[{"name":"wp","href":"https:\/\/api.w.org\/{rel}","templated":true}]}}