{"id":2020,"date":"2023-04-28T14:44:40","date_gmt":"2023-04-28T18:44:40","guid":{"rendered":"https:\/\/proservice.com.ar\/?post_type=product&#038;p=2020"},"modified":"2025-05-12T14:23:26","modified_gmt":"2025-05-12T17:23:26","slug":"blackmagic-design-7-ursa-studio-viewfinder-g2","status":"publish","type":"product","link":"https:\/\/proservice.com.ar\/index.php\/product\/blackmagic-design-7-ursa-studio-viewfinder-g2\/","title":{"rendered":"Blackmagic Design 7&#8243; URSA Studio Viewfinder G2"},"content":{"rendered":"<div class=\"title_OMS5rN7R1Z\">\n<div data-selenium=\"sellingPointsTitle\">El URSA Studio Viewfinder G2 7&#8243; es un visor de estudio para las c\u00e1maras URSA Studio G2 y URSA Mini de Blackmagic Design. El visor tiene una pantalla LCD TFT de 7 pulgadas con una resoluci\u00f3n de 1920 x 1200 y un brillo de 2000 cd\/m\u00b2. El visor se conecta a la c\u00e1mara mediante una entrada 3G-SDI y se alimenta con una entrada XLR de 4 pines. El visor tiene controles digitales y botones personalizables para ajustar la configuraci\u00f3n, el enfoque, el zoom, el peaking, las gu\u00edas y el recuento. El visor tambi\u00e9n tiene un parasol desmontable, manijas laterales y pivotes articulados que permiten cambiar su posici\u00f3n sin mover la c\u00e1mara. El visor se puede montar en la parte superior de la c\u00e1mara con una montura en V.<\/div>\n<div data-selenium=\"sellingPointsTitle\"><\/div>\n<div class=\"text_TAw0W35QK_ comfy_TAw0W35QK_ sizeTitle4_TAw0W35QK_ weightBold_TAw0W35QK_ primary_i3MsQsqoe0\" data-selenium=\"sellingPointsTitle\"><strong>Caracter\u00edsticas principales:\u00a0<\/strong><\/div>\n<\/div>\n<ul class=\"list_OMS5rN7R1Z\">\n<li class=\"listItem_OMS5rN7R1Z\" data-selenium=\"sellingPointsListItem\">Dise\u00f1ado para minic\u00e1maras URSA G2\/URSA<\/li>\n<li class=\"listItem_OMS5rN7R1Z\" data-selenium=\"sellingPointsListItem\">Pantalla LCD TFT de 7&#8243; 1920 x 1200<\/li>\n<li class=\"listItem_OMS5rN7R1Z\" data-selenium=\"sellingPointsListItem\">Conector 3G-SDI a c\u00e1mara<\/li>\n<li class=\"listItem_OMS5rN7R1Z\" data-selenium=\"sellingPointsListItem\">Brillo de 2000 cd\/m\u00b2<\/li>\n<li class=\"listItem_OMS5rN7R1Z\" data-selenium=\"sellingPointsListItem\">Alimentaci\u00f3n XLR de 4 pines, montaje V-Lock<\/li>\n<li class=\"listItem_OMS5rN7R1Z\" data-selenium=\"sellingPointsListItem\">Diales giratorios, botones personalizables<\/li>\n<li class=\"listItem_OMS5rN7R1Z\" data-selenium=\"sellingPointsListItem\">Parasol desmontable.<\/li>\n<\/ul>\n","protected":false},"excerpt":{"rendered":"<p>CINEURSANSVF2<\/p>\n","protected":false},"featured_media":4445,"template":"","meta":{"om_disable_all_campaigns":false},"pwb-brand":[],"product_brand":[],"product_cat":[71,63],"product_tag":[212],"class_list":{"0":"post-2020","1":"product","2":"type-product","3":"status-publish","4":"has-post-thumbnail","6":"product_cat-blackmagic-design","7":"product_cat-monitors-multiview","8":"product_tag-cineursansvf2","10":"first","11":"onbackorder","12":"shipping-taxable","13":"product-type-simple"},"aioseo_notices":[],"jetpack_sharing_enabled":true,"brands":[],"_links":{"self":[{"href":"https:\/\/proservice.com.ar\/index.php\/wp-json\/wp\/v2\/product\/2020","targetHints":{"allow":["GET"]}}],"collection":[{"href":"https:\/\/proservice.com.ar\/index.php\/wp-json\/wp\/v2\/product"}],"about":[{"href":"https:\/\/proservice.com.ar\/index.php\/wp-json\/wp\/v2\/types\/product"}],"wp:featuredmedia":[{"embeddable":true,"href":"https:\/\/proservice.com.ar\/index.php\/wp-json\/wp\/v2\/media\/4445"}],"wp:attachment":[{"href":"https:\/\/proservice.com.ar\/index.php\/wp-json\/wp\/v2\/media?parent=2020"}],"wp:term":[{"taxonomy":"pwb-brand","embeddable":true,"href":"https:\/\/proservice.com.ar\/index.php\/wp-json\/wp\/v2\/pwb-brand?post=2020"},{"taxonomy":"product_brand","embeddable":true,"href":"https:\/\/proservice.com.ar\/index.php\/wp-json\/wp\/v2\/product_brand?post=2020"},{"taxonomy":"product_cat","embeddable":true,"href":"https:\/\/proservice.com.ar\/index.php\/wp-json\/wp\/v2\/product_cat?post=2020"},{"taxonomy":"product_tag","embeddable":true,"href":"https:\/\/proservice.com.ar\/index.php\/wp-json\/wp\/v2\/product_tag?post=2020"}],"curies":[{"name":"wp","href":"https:\/\/api.w.org\/{rel}","templated":true}]}}