{"id":2028,"date":"2023-04-28T14:52:12","date_gmt":"2023-04-28T18:52:12","guid":{"rendered":"https:\/\/proservice.com.ar\/?post_type=product&#038;p=2028"},"modified":"2025-05-27T15:23:43","modified_gmt":"2025-05-27T18:23:43","slug":"blackmagic-design-microphone-mount-for-ursa-mini-mini-pro","status":"publish","type":"product","link":"https:\/\/proservice.com.ar\/index.php\/product\/blackmagic-design-microphone-mount-for-ursa-mini-mini-pro\/","title":{"rendered":"Blackmagic Design Microphone Mount for URSA Mini\/Mini Pro"},"content":{"rendered":"<div data-selenium=\"sellingPointsTitle\">Mejore la calidad del sonido de sus videos agregando un micr\u00f3fono externo a su URSA Mini o Mini Pro a trav\u00e9s de este\u00a0soporte para micr\u00f3fono\u00a0de\u00a0Blackmagic Design\u00a0.\u00a0El soporte, aislado de golpes y vibraciones, minimiza los ruidos retumbantes y de manipulaci\u00f3n.\u00a0Se incluyen tornillos de montaje para una f\u00e1cil instalaci\u00f3n en su c\u00e1mara.<\/div>\n<div data-selenium=\"sellingPointsTitle\"><\/div>\n<div class=\"title_OMS5rN7R1Z\">\n<div class=\"text_TAw0W35QK_ comfy_TAw0W35QK_ sizeTitle4_TAw0W35QK_ weightBold_TAw0W35QK_ primary_i3MsQsqoe0\" data-selenium=\"sellingPointsTitle\"><strong>Caracter\u00edsticas principales:\u00a0<\/strong><\/div>\n<\/div>\n<ul class=\"list_OMS5rN7R1Z\">\n<li class=\"listItem_OMS5rN7R1Z\" data-selenium=\"sellingPointsListItem\">Para c\u00e1maras URSA Mini y URSA Mini Pro<\/li>\n<li class=\"listItem_OMS5rN7R1Z\" data-selenium=\"sellingPointsListItem\">Sistema de montaje de micr\u00f3fono externo<\/li>\n<li class=\"listItem_OMS5rN7R1Z\" data-selenium=\"sellingPointsListItem\">Aislamiento de golpes y vibraciones<\/li>\n<li class=\"listItem_OMS5rN7R1Z\" data-selenium=\"sellingPointsListItem\">Reduce el ruido<\/li>\n<li class=\"listItem_OMS5rN7R1Z\" data-selenium=\"sellingPointsListItem\">Reduce el ruido de manejo<\/li>\n<li class=\"listItem_OMS5rN7R1Z\" data-selenium=\"sellingPointsListItem\">F\u00e1cil instalaci\u00f3n<\/li>\n<\/ul>\n","protected":false},"excerpt":{"rendered":"<p>CINEURSASHSMC<\/p>\n","protected":false},"featured_media":4413,"template":"","meta":{"om_disable_all_campaigns":false},"pwb-brand":[],"product_brand":[],"product_cat":[33,71,15],"product_tag":[214],"class_list":{"0":"post-2028","1":"product","2":"type-product","3":"status-publish","4":"has-post-thumbnail","6":"product_cat-accesorios","7":"product_cat-blackmagic-design","8":"product_cat-camera","9":"product_tag-cineursashsmc","11":"first","12":"onbackorder","13":"shipping-taxable","14":"product-type-simple"},"aioseo_notices":[],"jetpack_sharing_enabled":true,"brands":[],"_links":{"self":[{"href":"https:\/\/proservice.com.ar\/index.php\/wp-json\/wp\/v2\/product\/2028","targetHints":{"allow":["GET"]}}],"collection":[{"href":"https:\/\/proservice.com.ar\/index.php\/wp-json\/wp\/v2\/product"}],"about":[{"href":"https:\/\/proservice.com.ar\/index.php\/wp-json\/wp\/v2\/types\/product"}],"wp:featuredmedia":[{"embeddable":true,"href":"https:\/\/proservice.com.ar\/index.php\/wp-json\/wp\/v2\/media\/4413"}],"wp:attachment":[{"href":"https:\/\/proservice.com.ar\/index.php\/wp-json\/wp\/v2\/media?parent=2028"}],"wp:term":[{"taxonomy":"pwb-brand","embeddable":true,"href":"https:\/\/proservice.com.ar\/index.php\/wp-json\/wp\/v2\/pwb-brand?post=2028"},{"taxonomy":"product_brand","embeddable":true,"href":"https:\/\/proservice.com.ar\/index.php\/wp-json\/wp\/v2\/product_brand?post=2028"},{"taxonomy":"product_cat","embeddable":true,"href":"https:\/\/proservice.com.ar\/index.php\/wp-json\/wp\/v2\/product_cat?post=2028"},{"taxonomy":"product_tag","embeddable":true,"href":"https:\/\/proservice.com.ar\/index.php\/wp-json\/wp\/v2\/product_tag?post=2028"}],"curies":[{"name":"wp","href":"https:\/\/api.w.org\/{rel}","templated":true}]}}