{"id":2031,"date":"2023-04-28T14:55:02","date_gmt":"2023-04-28T18:55:02","guid":{"rendered":"https:\/\/proservice.com.ar\/?post_type=product&#038;p=2031"},"modified":"2025-05-27T15:24:27","modified_gmt":"2025-05-27T18:24:27","slug":"blackmagic-design-shoulder-mount-kit-for-the-ursa-mini","status":"publish","type":"product","link":"https:\/\/proservice.com.ar\/index.php\/product\/blackmagic-design-shoulder-mount-kit-for-the-ursa-mini\/","title":{"rendered":"Blackmagic Design Shoulder-Mount Kit for the URSA Mini"},"content":{"rendered":"<div class=\"title_OMS5rN7R1Z\">\n<div class=\"text_TAw0W35QK_ comfy_TAw0W35QK_ sizeTitle4_TAw0W35QK_ weightBold_TAw0W35QK_ primary_i3MsQsqoe0\" data-selenium=\"sellingPointsTitle\">\n<div class=\"title_OMS5rN7R1Z\">\n<div data-selenium=\"sellingPointsTitle\">Para grabaciones de estilo ENG y documentales, el\u00a0kit de montaje para hombro\u00a0dise\u00f1ado para\u00a0Blackmagic Design URSA Mini\u00a0proporciona un soporte para hombro para que usted apoye c\u00f3modamente la c\u00e1mara en su hombro durante largas sesiones de grabaci\u00f3n.\u00a0Integrados en el soporte de hombro hay un sistema de liberaci\u00f3n r\u00e1pida compatible con placas de cu\u00f1a VCT, abrazaderas de varilla livianas de 15 mm y rosetas a ambos lados para montar manijas y otros accesorios.\u00a0Tambi\u00e9n se incluye en el kit un asa superior para disparar en modo bajo y para transportar la c\u00e1mara cuando no est\u00e9 en uso.<\/div>\n<div data-selenium=\"sellingPointsTitle\"><\/div>\n<div class=\"text_TAw0W35QK_ comfy_TAw0W35QK_ sizeTitle4_TAw0W35QK_ weightBold_TAw0W35QK_ primary_i3MsQsqoe0\" data-selenium=\"sellingPointsTitle\"><strong>Caracter\u00edsticas principales:\u00a0<\/strong><\/div>\n<\/div>\n<ul class=\"list_OMS5rN7R1Z\">\n<li class=\"listItem_OMS5rN7R1Z\" data-selenium=\"sellingPointsListItem\">Hombrera para filmaci\u00f3n estilo ENG\/Doc<\/li>\n<li class=\"listItem_OMS5rN7R1Z\" data-selenium=\"sellingPointsListItem\">Liberaci\u00f3n r\u00e1pida compatible con cu\u00f1a VCT<\/li>\n<li class=\"listItem_OMS5rN7R1Z\" data-selenium=\"sellingPointsListItem\">Abrazaderas de varilla LWS de 15 mm<\/li>\n<li class=\"listItem_OMS5rN7R1Z\" data-selenium=\"sellingPointsListItem\">Rosetas accesorias en ambos lados<\/li>\n<li class=\"listItem_OMS5rN7R1Z\" data-selenium=\"sellingPointsListItem\">Incluye manija superior<\/li>\n<\/ul>\n<\/div>\n<\/div>\n<p>&nbsp;<\/p>\n","protected":false},"excerpt":{"rendered":"<p>CINEURSASHMKM<\/p>\n","protected":false},"featured_media":4451,"template":"","meta":{"om_disable_all_campaigns":false},"pwb-brand":[],"product_brand":[],"product_cat":[33,71,15],"product_tag":[215],"class_list":{"0":"post-2031","1":"product","2":"type-product","3":"status-publish","4":"has-post-thumbnail","6":"product_cat-accesorios","7":"product_cat-blackmagic-design","8":"product_cat-camera","9":"product_tag-cineursashmkm","11":"first","12":"onbackorder","13":"shipping-taxable","14":"product-type-simple"},"aioseo_notices":[],"jetpack_sharing_enabled":true,"brands":[],"_links":{"self":[{"href":"https:\/\/proservice.com.ar\/index.php\/wp-json\/wp\/v2\/product\/2031","targetHints":{"allow":["GET"]}}],"collection":[{"href":"https:\/\/proservice.com.ar\/index.php\/wp-json\/wp\/v2\/product"}],"about":[{"href":"https:\/\/proservice.com.ar\/index.php\/wp-json\/wp\/v2\/types\/product"}],"wp:featuredmedia":[{"embeddable":true,"href":"https:\/\/proservice.com.ar\/index.php\/wp-json\/wp\/v2\/media\/4451"}],"wp:attachment":[{"href":"https:\/\/proservice.com.ar\/index.php\/wp-json\/wp\/v2\/media?parent=2031"}],"wp:term":[{"taxonomy":"pwb-brand","embeddable":true,"href":"https:\/\/proservice.com.ar\/index.php\/wp-json\/wp\/v2\/pwb-brand?post=2031"},{"taxonomy":"product_brand","embeddable":true,"href":"https:\/\/proservice.com.ar\/index.php\/wp-json\/wp\/v2\/product_brand?post=2031"},{"taxonomy":"product_cat","embeddable":true,"href":"https:\/\/proservice.com.ar\/index.php\/wp-json\/wp\/v2\/product_cat?post=2031"},{"taxonomy":"product_tag","embeddable":true,"href":"https:\/\/proservice.com.ar\/index.php\/wp-json\/wp\/v2\/product_tag?post=2031"}],"curies":[{"name":"wp","href":"https:\/\/api.w.org\/{rel}","templated":true}]}}