{"id":2040,"date":"2023-05-02T10:27:45","date_gmt":"2023-05-02T14:27:45","guid":{"rendered":"https:\/\/proservice.com.ar\/?post_type=product&#038;p=2040"},"modified":"2025-05-27T15:25:20","modified_gmt":"2025-05-27T18:25:20","slug":"blackmagic-design-ursa-mini-pro-b4-mount","status":"publish","type":"product","link":"https:\/\/proservice.com.ar\/index.php\/product\/blackmagic-design-ursa-mini-pro-b4-mount\/","title":{"rendered":"Blackmagic Design URSA Mini Pro B4 Mount"},"content":{"rendered":"<div class=\"title_OMS5rN7R1Z\">\n<div data-selenium=\"sellingPointsTitle\">El\u00a0soporte URSA Mini Pro B4\u00a0de\u00a0Blackmagic Design\u00a0es un soporte de repuesto para usar en el URSA Mini Pro.\u00a0Esta montura permite usar su lente HD montada estilo ENG B4 en su URSA Mini Pro.\u00a0La montura incorpora una \u00f3ptica correctiva que permite utilizar una lente dise\u00f1ada para funcionar en una c\u00e1mara de tres sensores y un prisma, en la URSA Mini Pro, que es una c\u00e1mara monosensor, sin que la imagen sufra degradaci\u00f3n \u00f3ptica.<\/div>\n<div data-selenium=\"sellingPointsTitle\"><\/div>\n<div class=\"text_TAw0W35QK_ comfy_TAw0W35QK_ sizeTitle4_TAw0W35QK_ weightBold_TAw0W35QK_ primary_i3MsQsqoe0\" data-selenium=\"sellingPointsTitle\"><strong>Caracter\u00edsticas principales:\u00a0<\/strong><\/div>\n<\/div>\n<ul class=\"list_OMS5rN7R1Z\">\n<li class=\"listItem_OMS5rN7R1Z\" data-selenium=\"sellingPointsListItem\"><span>Para lentes HD con montura B4<\/span><\/li>\n<li class=\"listItem_OMS5rN7R1Z\" data-selenium=\"sellingPointsListItem\"><span>Elementos \u00f3pticos integrados<\/span><\/li>\n<li class=\"listItem_OMS5rN7R1Z\" data-selenium=\"sellingPointsListItem\"><span>Correcci\u00f3n de aberraci\u00f3n esf\u00e9rica<\/span><\/li>\n<li class=\"listItem_OMS5rN7R1Z\" data-selenium=\"sellingPointsListItem\"><span>Incluye juego de cu\u00f1as<\/span><\/li>\n<\/ul>\n","protected":false},"excerpt":{"rendered":"<p>CINEURSAMUPROTB4HD<\/p>\n","protected":false},"featured_media":2044,"template":"","meta":{"om_disable_all_campaigns":false},"pwb-brand":[],"product_brand":[],"product_cat":[33,71,15],"product_tag":[217],"class_list":{"0":"post-2040","1":"product","2":"type-product","3":"status-publish","4":"has-post-thumbnail","6":"product_cat-accesorios","7":"product_cat-blackmagic-design","8":"product_cat-camera","9":"product_tag-cineursamuprotb4hd","11":"first","12":"onbackorder","13":"shipping-taxable","14":"product-type-simple"},"aioseo_notices":[],"jetpack_sharing_enabled":true,"brands":[],"_links":{"self":[{"href":"https:\/\/proservice.com.ar\/index.php\/wp-json\/wp\/v2\/product\/2040","targetHints":{"allow":["GET"]}}],"collection":[{"href":"https:\/\/proservice.com.ar\/index.php\/wp-json\/wp\/v2\/product"}],"about":[{"href":"https:\/\/proservice.com.ar\/index.php\/wp-json\/wp\/v2\/types\/product"}],"wp:featuredmedia":[{"embeddable":true,"href":"https:\/\/proservice.com.ar\/index.php\/wp-json\/wp\/v2\/media\/2044"}],"wp:attachment":[{"href":"https:\/\/proservice.com.ar\/index.php\/wp-json\/wp\/v2\/media?parent=2040"}],"wp:term":[{"taxonomy":"pwb-brand","embeddable":true,"href":"https:\/\/proservice.com.ar\/index.php\/wp-json\/wp\/v2\/pwb-brand?post=2040"},{"taxonomy":"product_brand","embeddable":true,"href":"https:\/\/proservice.com.ar\/index.php\/wp-json\/wp\/v2\/product_brand?post=2040"},{"taxonomy":"product_cat","embeddable":true,"href":"https:\/\/proservice.com.ar\/index.php\/wp-json\/wp\/v2\/product_cat?post=2040"},{"taxonomy":"product_tag","embeddable":true,"href":"https:\/\/proservice.com.ar\/index.php\/wp-json\/wp\/v2\/product_tag?post=2040"}],"curies":[{"name":"wp","href":"https:\/\/api.w.org\/{rel}","templated":true}]}}