{"id":2047,"date":"2023-05-02T10:32:34","date_gmt":"2023-05-02T14:32:34","guid":{"rendered":"https:\/\/proservice.com.ar\/?post_type=product&#038;p=2047"},"modified":"2025-05-12T14:24:14","modified_gmt":"2025-05-12T17:24:14","slug":"blackmagic-design-ursa-mini-pro-f-mount-for-nikon-af-s-g-and-af-d-series-lenses","status":"publish","type":"product","link":"https:\/\/proservice.com.ar\/index.php\/product\/blackmagic-design-ursa-mini-pro-f-mount-for-nikon-af-s-g-and-af-d-series-lenses\/","title":{"rendered":"Blackmagic Design URSA Mini Pro F Mount for Nikon AF-S G and AF-D Series Lenses"},"content":{"rendered":"<div class=\"title_OMS5rN7R1Z\">\n<div data-selenium=\"sellingPointsTitle\">\n<p id=\"tw-target-text\" class=\"tw-data-text tw-text-large tw-ta\" dir=\"ltr\" data-placeholder=\"Translation\" data-ved=\"2ahUKEwj36J-VldiCAxVXq5UCHaNtDFcQ3ewLegQICBAQ\"><span class=\"Y2IQFc\" lang=\"es\">El URSA Mini Pro F es una montura para la c\u00e1mara Blackmagic URSA Mini Pro que permite utilizar objetivos Nikon con control de iris mec\u00e1nico. Es compatible con los objetivos de las series Nikon AF-S G y AF-D, que son populares entre fot\u00f3grafos y cineastas. La montura URSA Mini Pro F es un accesorio opcional que se puede instalar f\u00e1cilmente en la c\u00e1mara reemplazando la montura PL original.<\/span><\/p>\n<\/div>\n<div data-selenium=\"sellingPointsTitle\"><\/div>\n<div class=\"text_TAw0W35QK_ comfy_TAw0W35QK_ sizeTitle4_TAw0W35QK_ weightBold_TAw0W35QK_ primary_i3MsQsqoe0\" data-selenium=\"sellingPointsTitle\"><strong>C<\/strong><strong>aracter\u00edsticas principales:\u00a0<\/strong><\/div>\n<\/div>\n<ul class=\"list_OMS5rN7R1Z\">\n<li class=\"listItem_OMS5rN7R1Z\" data-selenium=\"sellingPointsListItem\">Para URSA Mini Pro<\/li>\n<li class=\"listItem_OMS5rN7R1Z\" data-selenium=\"sellingPointsListItem\">Compatible con lentes con montura F<\/li>\n<li class=\"listItem_OMS5rN7R1Z\" data-selenium=\"sellingPointsListItem\">Objetivos Nikon de las series AF-S G y AF-D<\/li>\n<li class=\"listItem_OMS5rN7R1Z\" data-selenium=\"sellingPointsListItem\">Control mec\u00e1nico del iris<\/li>\n<\/ul>\n","protected":false},"excerpt":{"rendered":"<p>CINEURSAMUPROTF<\/p>\n","protected":false},"featured_media":2048,"template":"","meta":{"om_disable_all_campaigns":false},"pwb-brand":[],"product_brand":[],"product_cat":[71],"product_tag":[219],"class_list":{"0":"post-2047","1":"product","2":"type-product","3":"status-publish","4":"has-post-thumbnail","6":"product_cat-blackmagic-design","7":"product_tag-cineursamuprotf","9":"first","10":"onbackorder","11":"shipping-taxable","12":"product-type-simple"},"aioseo_notices":[],"jetpack_sharing_enabled":true,"brands":[],"_links":{"self":[{"href":"https:\/\/proservice.com.ar\/index.php\/wp-json\/wp\/v2\/product\/2047","targetHints":{"allow":["GET"]}}],"collection":[{"href":"https:\/\/proservice.com.ar\/index.php\/wp-json\/wp\/v2\/product"}],"about":[{"href":"https:\/\/proservice.com.ar\/index.php\/wp-json\/wp\/v2\/types\/product"}],"wp:featuredmedia":[{"embeddable":true,"href":"https:\/\/proservice.com.ar\/index.php\/wp-json\/wp\/v2\/media\/2048"}],"wp:attachment":[{"href":"https:\/\/proservice.com.ar\/index.php\/wp-json\/wp\/v2\/media?parent=2047"}],"wp:term":[{"taxonomy":"pwb-brand","embeddable":true,"href":"https:\/\/proservice.com.ar\/index.php\/wp-json\/wp\/v2\/pwb-brand?post=2047"},{"taxonomy":"product_brand","embeddable":true,"href":"https:\/\/proservice.com.ar\/index.php\/wp-json\/wp\/v2\/product_brand?post=2047"},{"taxonomy":"product_cat","embeddable":true,"href":"https:\/\/proservice.com.ar\/index.php\/wp-json\/wp\/v2\/product_cat?post=2047"},{"taxonomy":"product_tag","embeddable":true,"href":"https:\/\/proservice.com.ar\/index.php\/wp-json\/wp\/v2\/product_tag?post=2047"}],"curies":[{"name":"wp","href":"https:\/\/api.w.org\/{rel}","templated":true}]}}