{"id":2053,"date":"2023-05-02T10:34:34","date_gmt":"2023-05-02T14:34:34","guid":{"rendered":"https:\/\/proservice.com.ar\/?post_type=product&#038;p=2053"},"modified":"2025-05-12T14:24:18","modified_gmt":"2025-05-12T17:24:18","slug":"blackmagic-design-ursa-mini-pro-pl-mount","status":"publish","type":"product","link":"https:\/\/proservice.com.ar\/index.php\/product\/blackmagic-design-ursa-mini-pro-pl-mount\/","title":{"rendered":"Blackmagic Design URSA Mini Pro PL Mount"},"content":{"rendered":"<div class=\"title_OMS5rN7R1Z\">\n<div class=\"text_TAw0W35QK_ comfy_TAw0W35QK_ sizeTitle4_TAw0W35QK_ weightBold_TAw0W35QK_ primary_i3MsQsqoe0\" data-selenium=\"sellingPointsTitle\">\n<div class=\"title_OMS5rN7R1Z\">\n<div data-selenium=\"sellingPointsTitle\">\n<p id=\"tw-target-text\" class=\"tw-data-text tw-text-large tw-ta\" dir=\"ltr\" data-placeholder=\"Translation\" data-ved=\"2ahUKEwj36J-VldiCAxVXq5UCHaNtDFcQ3ewLegQICBAQ\"><span class=\"Y2IQFc\" lang=\"es\">La montura URSA Mini Pro PL es un accesorio opcional para la c\u00e1mara URSA Mini Pro que le permite utilizar lentes PL en su c\u00e1mara. Los lentes PL son lentes de cine profesionales que tienen alta calidad \u00f3ptica, enfoque preciso y control del iris, y compatibilidad con el protocolo Cooke i\/Technology. El protocolo Cooke i\/Technology permite que la lente se comunique con la c\u00e1mara y almacene informaci\u00f3n de la lente como metadatos, como distancia focal, apertura, distancia de enfoque y m\u00e1s. Esto puede resultar \u00fatil para la posproducci\u00f3n, los efectos visuales y la etalonaje. La montura URSA Mini Pro PL es f\u00e1cil de instalar y reemplazar y tiene contactos electr\u00f3nicos que se conectan con la lente y la c\u00e1mara.<\/span><\/p>\n<\/div>\n<div data-selenium=\"sellingPointsTitle\"><\/div>\n<div class=\"text_TAw0W35QK_ comfy_TAw0W35QK_ sizeTitle4_TAw0W35QK_ weightBold_TAw0W35QK_ primary_i3MsQsqoe0\" data-selenium=\"sellingPointsTitle\"><strong>Caracter\u00edsticas principales:\u00a0<\/strong><\/div>\n<\/div>\n<ul class=\"list_OMS5rN7R1Z\">\n<li class=\"listItem_OMS5rN7R1Z\" data-selenium=\"sellingPointsListItem\">Para lentes con montura PL<\/li>\n<li class=\"listItem_OMS5rN7R1Z\" data-selenium=\"sellingPointsListItem\">Pines compatibles con Cooke i\/Technology<\/li>\n<li class=\"listItem_OMS5rN7R1Z\" data-selenium=\"sellingPointsListItem\">Incluye kit de cu\u00f1as<\/li>\n<\/ul>\n<\/div>\n<\/div>\n","protected":false},"excerpt":{"rendered":"<p>CINEURSAMUPROTPL<\/p>\n<p>&nbsp;<\/p>\n","protected":false},"featured_media":2054,"template":"","meta":{"om_disable_all_campaigns":false},"pwb-brand":[],"product_brand":[],"product_cat":[71],"product_tag":[220],"class_list":{"0":"post-2053","1":"product","2":"type-product","3":"status-publish","4":"has-post-thumbnail","6":"product_cat-blackmagic-design","7":"product_tag-cineursamuprotpl","9":"first","10":"onbackorder","11":"shipping-taxable","12":"product-type-simple"},"aioseo_notices":[],"jetpack_sharing_enabled":true,"brands":[],"_links":{"self":[{"href":"https:\/\/proservice.com.ar\/index.php\/wp-json\/wp\/v2\/product\/2053","targetHints":{"allow":["GET"]}}],"collection":[{"href":"https:\/\/proservice.com.ar\/index.php\/wp-json\/wp\/v2\/product"}],"about":[{"href":"https:\/\/proservice.com.ar\/index.php\/wp-json\/wp\/v2\/types\/product"}],"wp:featuredmedia":[{"embeddable":true,"href":"https:\/\/proservice.com.ar\/index.php\/wp-json\/wp\/v2\/media\/2054"}],"wp:attachment":[{"href":"https:\/\/proservice.com.ar\/index.php\/wp-json\/wp\/v2\/media?parent=2053"}],"wp:term":[{"taxonomy":"pwb-brand","embeddable":true,"href":"https:\/\/proservice.com.ar\/index.php\/wp-json\/wp\/v2\/pwb-brand?post=2053"},{"taxonomy":"product_brand","embeddable":true,"href":"https:\/\/proservice.com.ar\/index.php\/wp-json\/wp\/v2\/product_brand?post=2053"},{"taxonomy":"product_cat","embeddable":true,"href":"https:\/\/proservice.com.ar\/index.php\/wp-json\/wp\/v2\/product_cat?post=2053"},{"taxonomy":"product_tag","embeddable":true,"href":"https:\/\/proservice.com.ar\/index.php\/wp-json\/wp\/v2\/product_tag?post=2053"}],"curies":[{"name":"wp","href":"https:\/\/api.w.org\/{rel}","templated":true}]}}