{"id":2063,"date":"2023-05-02T10:38:42","date_gmt":"2023-05-02T14:38:42","guid":{"rendered":"https:\/\/proservice.com.ar\/?post_type=product&#038;p=2063"},"modified":"2025-05-12T14:24:27","modified_gmt":"2025-05-12T17:24:27","slug":"blackmagic-design-video-assist-3g-sdi-hdmi-5-recorder-monitor","status":"publish","type":"product","link":"https:\/\/proservice.com.ar\/index.php\/product\/blackmagic-design-video-assist-3g-sdi-hdmi-5-recorder-monitor\/","title":{"rendered":"Blackmagic Design Video Assist 3G-SDI\/HDMI 5&#8243; Recorder\/Monitor"},"content":{"rendered":"<div data-selenium=\"sellingPointsTitle\">El Video Assist 3G-SDI\/HDMI 5&#8243; es un monitor de grabaci\u00f3n que permite conectar y grabar el video de salida de cualquier c\u00e1mara profesional o dom\u00e9stica con entradas 3G-SDI y HDMI. Tiene una pantalla t\u00e1ctil LCD de 5 pulgadas, 1920 x 1080 con un brillo de 300 cd\/m\u00b2 para ayudarte a encuadrar y enfocar tus tomas. Puedes grabar y monitorear video hasta 1080p60 10-bit 4:2:2, y hasta 16 canales de audio integrado de 24-bit 48 kHz. Tambi\u00e9n puedes usar la salida USB-C para convertir tu c\u00e1mara en una webcam. Adem\u00e1s, incluye el software Media Express para gestionar la captura desde dispositivos externos y el firmware se actualiza a trav\u00e9s de una conexi\u00f3n USB.<\/div>\n<div data-selenium=\"sellingPointsTitle\"><\/div>\n<div class=\"title_OMS5rN7R1Z\">\n<div class=\"text_TAw0W35QK_ comfy_TAw0W35QK_ sizeTitle4_TAw0W35QK_ weightBold_TAw0W35QK_ primary_i3MsQsqoe0\" data-selenium=\"sellingPointsTitle\"><strong>Caracter\u00edsticas principales:\u00a0<\/strong><\/div>\n<\/div>\n<ul class=\"list_OMS5rN7R1Z\">\n<li class=\"listItem_OMS5rN7R1Z\" data-selenium=\"sellingPointsListItem\">Pantalla t\u00e1ctil LCD de 1920 x 1080 de 5&#8243;<\/li>\n<li class=\"listItem_OMS5rN7R1Z\" data-selenium=\"sellingPointsListItem\">Entradas de v\u00eddeo HDMI y 3G-SDI<\/li>\n<li class=\"listItem_OMS5rN7R1Z\" data-selenium=\"sellingPointsListItem\">Graba v\u00eddeo de hasta 1080p60.<\/li>\n<li class=\"listItem_OMS5rN7R1Z\" data-selenium=\"sellingPointsListItem\">Salida de v\u00eddeo de c\u00e1mara web USB tipo C<\/li>\n<li class=\"listItem_OMS5rN7R1Z\" data-selenium=\"sellingPointsListItem\">Se almacena en 1 tarjeta de memoria SDXC\/SDHC<\/li>\n<li class=\"listItem_OMS5rN7R1Z\" data-selenium=\"sellingPointsListItem\">Salidas de v\u00eddeo en bucle<\/li>\n<li class=\"listItem_OMS5rN7R1Z\" data-selenium=\"sellingPointsListItem\">Forma de onda, vectorscopio e histograma<\/li>\n<li class=\"listItem_OMS5rN7R1Z\" data-selenium=\"sellingPointsListItem\">Enfoque m\u00e1ximo, color falso y cebra<\/li>\n<li class=\"listItem_OMS5rN7R1Z\" data-selenium=\"sellingPointsListItem\">11 x Opciones de idioma de visualizaci\u00f3n<\/li>\n<li class=\"listItem_OMS5rN7R1Z\" data-selenium=\"sellingPointsListItem\">Ranuras duales para bater\u00eda tipo Sony serie L<\/li>\n<\/ul>\n","protected":false},"excerpt":{"rendered":"<p>HYPERD\/AVIDA03\/5<\/p>\n","protected":false},"featured_media":2064,"template":"","meta":{"om_disable_all_campaigns":false},"pwb-brand":[],"product_brand":[],"product_cat":[71,238],"product_tag":[222],"class_list":{"0":"post-2063","1":"product","2":"type-product","3":"status-publish","4":"has-post-thumbnail","6":"product_cat-blackmagic-design","7":"product_cat-recorders","8":"product_tag-hyperd-avida03-5","10":"first","11":"onbackorder","12":"shipping-taxable","13":"product-type-simple"},"aioseo_notices":[],"jetpack_sharing_enabled":true,"brands":[],"_links":{"self":[{"href":"https:\/\/proservice.com.ar\/index.php\/wp-json\/wp\/v2\/product\/2063","targetHints":{"allow":["GET"]}}],"collection":[{"href":"https:\/\/proservice.com.ar\/index.php\/wp-json\/wp\/v2\/product"}],"about":[{"href":"https:\/\/proservice.com.ar\/index.php\/wp-json\/wp\/v2\/types\/product"}],"wp:featuredmedia":[{"embeddable":true,"href":"https:\/\/proservice.com.ar\/index.php\/wp-json\/wp\/v2\/media\/2064"}],"wp:attachment":[{"href":"https:\/\/proservice.com.ar\/index.php\/wp-json\/wp\/v2\/media?parent=2063"}],"wp:term":[{"taxonomy":"pwb-brand","embeddable":true,"href":"https:\/\/proservice.com.ar\/index.php\/wp-json\/wp\/v2\/pwb-brand?post=2063"},{"taxonomy":"product_brand","embeddable":true,"href":"https:\/\/proservice.com.ar\/index.php\/wp-json\/wp\/v2\/product_brand?post=2063"},{"taxonomy":"product_cat","embeddable":true,"href":"https:\/\/proservice.com.ar\/index.php\/wp-json\/wp\/v2\/product_cat?post=2063"},{"taxonomy":"product_tag","embeddable":true,"href":"https:\/\/proservice.com.ar\/index.php\/wp-json\/wp\/v2\/product_tag?post=2063"}],"curies":[{"name":"wp","href":"https:\/\/api.w.org\/{rel}","templated":true}]}}