{"id":2071,"date":"2023-05-02T10:46:45","date_gmt":"2023-05-02T14:46:45","guid":{"rendered":"https:\/\/proservice.com.ar\/?post_type=product&#038;p=2071"},"modified":"2025-05-12T14:24:48","modified_gmt":"2025-05-12T17:24:48","slug":"blackmagic-design-decklink-quad-3g-sdi-mezzanine-card-for-decklink-4k-extreme-12g","status":"publish","type":"product","link":"https:\/\/proservice.com.ar\/index.php\/product\/blackmagic-design-decklink-quad-3g-sdi-mezzanine-card-for-decklink-4k-extreme-12g\/","title":{"rendered":"Blackmagic Design Decklink Quad 3G-SDI Mezzanine Card for Decklink 4K Extreme 12G"},"content":{"rendered":"<div data-selenium=\"sellingPointsTitle\">La Decklink 4K Extreme 12G\u00a0 es una tarjeta intermedia que se puede usar con la placa principal Decklink 4K Extreme 12G de Blackmagic Design. Esta tarjeta permite conectar cualquier monitor HDMI o SDI con una resoluci\u00f3n de hasta 4K (Ultra HD o DCI). Tambi\u00e9n ofrece dos entradas y dos salidas de fibra \u00f3ptica para transmitir se\u00f1ales de video a largas distancias. La tarjeta es compatible con los formatos de video m\u00e1s populares, tanto comprimidos como incompresos, y se puede configurar y actualizar mediante una conexi\u00f3n USB.<\/div>\n<div data-selenium=\"sellingPointsTitle\"><\/div>\n<div class=\"title_OMS5rN7R1Z\">\n<div class=\"text_TAw0W35QK_ comfy_TAw0W35QK_ sizeTitle4_TAw0W35QK_ weightBold_TAw0W35QK_ primary_i3MsQsqoe0\" data-selenium=\"sellingPointsTitle\"><strong>Caracter\u00edsticas principales:\u00a0<\/strong><\/div>\n<\/div>\n<ul class=\"list_OMS5rN7R1Z\">\n<li class=\"listItem_OMS5rN7R1Z\" data-selenium=\"sellingPointsListItem\">Para placa principal Decklink 4K Extreme 12G<\/li>\n<li class=\"listItem_OMS5rN7R1Z\" data-selenium=\"sellingPointsListItem\">2 entradas 3G-SDI, 2 salidas 3G-SDI<\/li>\n<li class=\"listItem_OMS5rN7R1Z\" data-selenium=\"sellingPointsListItem\">Reemplazo de la tarjeta secundaria original<\/li>\n<\/ul>\n","protected":false},"excerpt":{"rendered":"<p>BDLKHDEXTR4KQUAD<\/p>\n","protected":false},"featured_media":2072,"template":"","meta":{"om_disable_all_campaigns":false},"pwb-brand":[],"product_brand":[],"product_cat":[71,56],"product_tag":[],"class_list":{"0":"post-2071","1":"product","2":"type-product","3":"status-publish","4":"has-post-thumbnail","6":"product_cat-blackmagic-design","7":"product_cat-capture-device","9":"first","10":"onbackorder","11":"shipping-taxable","12":"product-type-simple"},"aioseo_notices":[],"jetpack_sharing_enabled":true,"brands":[],"_links":{"self":[{"href":"https:\/\/proservice.com.ar\/index.php\/wp-json\/wp\/v2\/product\/2071","targetHints":{"allow":["GET"]}}],"collection":[{"href":"https:\/\/proservice.com.ar\/index.php\/wp-json\/wp\/v2\/product"}],"about":[{"href":"https:\/\/proservice.com.ar\/index.php\/wp-json\/wp\/v2\/types\/product"}],"wp:featuredmedia":[{"embeddable":true,"href":"https:\/\/proservice.com.ar\/index.php\/wp-json\/wp\/v2\/media\/2072"}],"wp:attachment":[{"href":"https:\/\/proservice.com.ar\/index.php\/wp-json\/wp\/v2\/media?parent=2071"}],"wp:term":[{"taxonomy":"pwb-brand","embeddable":true,"href":"https:\/\/proservice.com.ar\/index.php\/wp-json\/wp\/v2\/pwb-brand?post=2071"},{"taxonomy":"product_brand","embeddable":true,"href":"https:\/\/proservice.com.ar\/index.php\/wp-json\/wp\/v2\/product_brand?post=2071"},{"taxonomy":"product_cat","embeddable":true,"href":"https:\/\/proservice.com.ar\/index.php\/wp-json\/wp\/v2\/product_cat?post=2071"},{"taxonomy":"product_tag","embeddable":true,"href":"https:\/\/proservice.com.ar\/index.php\/wp-json\/wp\/v2\/product_tag?post=2071"}],"curies":[{"name":"wp","href":"https:\/\/api.w.org\/{rel}","templated":true}]}}