{"id":2080,"date":"2023-05-02T10:57:49","date_gmt":"2023-05-02T14:57:49","guid":{"rendered":"https:\/\/proservice.com.ar\/?post_type=product&#038;p=2080"},"modified":"2025-05-29T13:21:58","modified_gmt":"2025-05-29T16:21:58","slug":"blackmagic-design-decklink-sdi-4k-capture-playback-card","status":"publish","type":"product","link":"https:\/\/proservice.com.ar\/index.php\/product\/blackmagic-design-decklink-sdi-4k-capture-playback-card\/","title":{"rendered":"Blackmagic Design Decklink SDI 4K Capture &#038; Playback Card"},"content":{"rendered":"<div data-selenium=\"sellingPointsTitle\">La Decklink SDI 4K es una tarjeta de captura y reproducci\u00f3n de video que permite conectar cualquier monitor HDMI o SDI con una resoluci\u00f3n desde SD hasta Ultra HD 4K (3840&#215;2160) y DCI 4K (4096&#215;2160). Tambi\u00e9n ofrece una amplia gama de conexiones de video y audio anal\u00f3gicas y digitales mediante un cable de ruptura incluido. La tarjeta es compatible con los formatos comprimidos e incompresos m\u00e1s populares, como ProRes, DNxHD, AVI, QuickTime, etc. Adem\u00e1s, incluye el software Media Express para gestionar la captura desde dispositivos externos y el firmware se actualiza a trav\u00e9s de una conexi\u00f3n USB. Es una soluci\u00f3n de alta calidad y versatilidad para la edici\u00f3n, el dise\u00f1o, los efectos y la producci\u00f3n de video.<\/div>\n<div data-selenium=\"sellingPointsTitle\"><\/div>\n<div class=\"title_OMS5rN7R1Z\">\n<div class=\"text_TAw0W35QK_ comfy_TAw0W35QK_ sizeTitle4_TAw0W35QK_ weightBold_TAw0W35QK_ primary_i3MsQsqoe0\" data-selenium=\"sellingPointsTitle\"><strong>Caracter\u00edsticas principales:\u00a0<\/strong><\/div>\n<\/div>\n<ul class=\"list_OMS5rN7R1Z\">\n<li class=\"listItem_OMS5rN7R1Z\" data-selenium=\"sellingPointsListItem\">Entrada\/Salida SD\/HD\/3G\/6G-SDI<\/li>\n<li class=\"listItem_OMS5rN7R1Z\" data-selenium=\"sellingPointsListItem\">Interfaz PCIe<\/li>\n<li class=\"listItem_OMS5rN7R1Z\" data-selenium=\"sellingPointsListItem\">UHD \/ DCI 4K 4:2:2 mediante 6G-SDI de enlace \u00fanico<\/li>\n<li class=\"listItem_OMS5rN7R1Z\" data-selenium=\"sellingPointsListItem\">1080p 4:4:4 mediante 3G-SDI de enlace \u00fanico<\/li>\n<li class=\"listItem_OMS5rN7R1Z\" data-selenium=\"sellingPointsListItem\">Procesamiento de 10 bits<\/li>\n<li class=\"listItem_OMS5rN7R1Z\" data-selenium=\"sellingPointsListItem\">Control de plataforma RS-422<\/li>\n<li class=\"listItem_OMS5rN7R1Z\" data-selenium=\"sellingPointsListItem\">Codificaci\u00f3n interna<\/li>\n<li class=\"listItem_OMS5rN7R1Z\" data-selenium=\"sellingPointsListItem\">Entrada de referencia<\/li>\n<li class=\"listItem_OMS5rN7R1Z\" data-selenium=\"sellingPointsListItem\">Conversiones abajo\/arriba\/cruzada<\/li>\n<li class=\"listItem_OMS5rN7R1Z\" data-selenium=\"sellingPointsListItem\">Compatible con Mac OS X, Windows y Linux<\/li>\n<\/ul>\n","protected":false},"excerpt":{"rendered":"<p>BDLKSDI4K<\/p>\n","protected":false},"featured_media":2082,"template":"","meta":{"om_disable_all_campaigns":false},"pwb-brand":[],"product_brand":[],"product_cat":[71,56],"product_tag":[228],"class_list":{"0":"post-2080","1":"product","2":"type-product","3":"status-publish","4":"has-post-thumbnail","6":"product_cat-blackmagic-design","7":"product_cat-capture-device","8":"product_tag-bdlksdi4k","10":"first","11":"outofstock","12":"shipping-taxable","13":"purchasable","14":"product-type-simple"},"aioseo_notices":[],"jetpack_sharing_enabled":true,"brands":[],"_links":{"self":[{"href":"https:\/\/proservice.com.ar\/index.php\/wp-json\/wp\/v2\/product\/2080","targetHints":{"allow":["GET"]}}],"collection":[{"href":"https:\/\/proservice.com.ar\/index.php\/wp-json\/wp\/v2\/product"}],"about":[{"href":"https:\/\/proservice.com.ar\/index.php\/wp-json\/wp\/v2\/types\/product"}],"wp:featuredmedia":[{"embeddable":true,"href":"https:\/\/proservice.com.ar\/index.php\/wp-json\/wp\/v2\/media\/2082"}],"wp:attachment":[{"href":"https:\/\/proservice.com.ar\/index.php\/wp-json\/wp\/v2\/media?parent=2080"}],"wp:term":[{"taxonomy":"pwb-brand","embeddable":true,"href":"https:\/\/proservice.com.ar\/index.php\/wp-json\/wp\/v2\/pwb-brand?post=2080"},{"taxonomy":"product_brand","embeddable":true,"href":"https:\/\/proservice.com.ar\/index.php\/wp-json\/wp\/v2\/product_brand?post=2080"},{"taxonomy":"product_cat","embeddable":true,"href":"https:\/\/proservice.com.ar\/index.php\/wp-json\/wp\/v2\/product_cat?post=2080"},{"taxonomy":"product_tag","embeddable":true,"href":"https:\/\/proservice.com.ar\/index.php\/wp-json\/wp\/v2\/product_tag?post=2080"}],"curies":[{"name":"wp","href":"https:\/\/api.w.org\/{rel}","templated":true}]}}