{"id":2085,"date":"2023-05-02T11:02:27","date_gmt":"2023-05-02T15:02:27","guid":{"rendered":"https:\/\/proservice.com.ar\/?post_type=product&#038;p=2085"},"modified":"2025-04-14T14:39:17","modified_gmt":"2025-04-14T17:39:17","slug":"blackmagic-design-fairlight-desktop-console-usb-control-surface","status":"publish","type":"product","link":"https:\/\/proservice.com.ar\/index.php\/product\/blackmagic-design-fairlight-desktop-console-usb-control-surface\/","title":{"rendered":"Blackmagic Design Fairlight Desktop Console USB Control Surface"},"content":{"rendered":"<div data-selenium=\"sellingPointsTitle\">El producto Fairlight Desktop Console USB Control Surface es una consola de mezcla de audio USB dise\u00f1ada para trabajar con la p\u00e1gina Fairlight de DaVinci Resolve. Tiene 12 faders motorizados sensibles al tacto, 12 botones multifunci\u00f3n asignables para controlar el panorama, la ecualizaci\u00f3n, la din\u00e1mica y los plug-ins, 12 pantallas LCD de alta resoluci\u00f3n que muestran la informaci\u00f3n del canal, botones de solo y mute por canal, controles de navegaci\u00f3n y transporte, controles basados en tareas, grabaci\u00f3n y edici\u00f3n de automatizaci\u00f3n, controles de monitorizaci\u00f3n flexibles y una salida HDMI externa para conectar un monitor. Es una consola compacta y profesional que permite mezclar m\u00faltiples pistas de audio, automatizar una variedad de par\u00e1metros y ajustes, controlar las funciones del canal, grabar, monitorizar y navegar por el proyecto. Es ideal para usuarios nuevos, estudios peque\u00f1os, comerciales, trabajos online e independientes<\/div>\n<div data-selenium=\"sellingPointsTitle\"><\/div>\n<div class=\"title_OMS5rN7R1Z\">\n<div class=\"text_TAw0W35QK_ comfy_TAw0W35QK_ sizeTitle4_TAw0W35QK_ weightBold_TAw0W35QK_ primary_i3MsQsqoe0\" data-selenium=\"sellingPointsTitle\"><strong>Caracter\u00edsticas principales:\u00a0<\/strong><\/div>\n<\/div>\n<ul class=\"list_OMS5rN7R1Z\">\n<li class=\"listItem_OMS5rN7R1Z\" data-selenium=\"sellingPointsListItem\">12 atenuadores motorizados sensibles al tacto<\/li>\n<li class=\"listItem_OMS5rN7R1Z\" data-selenium=\"sellingPointsListItem\">12 perillas de sart\u00e9n multifunci\u00f3n asignables<\/li>\n<li class=\"listItem_OMS5rN7R1Z\" data-selenium=\"sellingPointsListItem\">12 LCD informativos de alta resoluci\u00f3n<\/li>\n<li class=\"listItem_OMS5rN7R1Z\" data-selenium=\"sellingPointsListItem\">Botones Solo y Mute por canal<\/li>\n<li class=\"listItem_OMS5rN7R1Z\" data-selenium=\"sellingPointsListItem\">Controles l\u00f3gicos de navegaci\u00f3n y transporte<\/li>\n<li class=\"listItem_OMS5rN7R1Z\" data-selenium=\"sellingPointsListItem\">Controles basados \u200b\u200ben tareas<\/li>\n<li class=\"listItem_OMS5rN7R1Z\" data-selenium=\"sellingPointsListItem\">Grabar y editar aut\u00f3mata<\/li>\n<li class=\"listItem_OMS5rN7R1Z\" data-selenium=\"sellingPointsListItem\">Controles de monitoreo flexibles<\/li>\n<li class=\"listItem_OMS5rN7R1Z\" data-selenium=\"sellingPointsListItem\">Monitoreo HDMI externo<\/li>\n<li class=\"listItem_OMS5rN7R1Z\" data-selenium=\"sellingPointsListItem\">Compatible con Mac y Windows<\/li>\n<\/ul>\n","protected":false},"excerpt":{"rendered":"<p>DV\/RESF\/EDTAUSMIN<\/p>\n","protected":false},"featured_media":2086,"template":"","meta":{"om_disable_all_campaigns":false},"pwb-brand":[],"product_brand":[],"product_cat":[71,61],"product_tag":[230],"class_list":{"0":"post-2085","1":"product","2":"type-product","3":"status-publish","4":"has-post-thumbnail","6":"product_cat-blackmagic-design","7":"product_cat-keyboard-and-control-panel","8":"product_tag-dv-resf-edtausmin","10":"first","11":"onbackorder","12":"shipping-taxable","13":"product-type-simple"},"aioseo_notices":[],"jetpack_sharing_enabled":true,"brands":[],"_links":{"self":[{"href":"https:\/\/proservice.com.ar\/index.php\/wp-json\/wp\/v2\/product\/2085","targetHints":{"allow":["GET"]}}],"collection":[{"href":"https:\/\/proservice.com.ar\/index.php\/wp-json\/wp\/v2\/product"}],"about":[{"href":"https:\/\/proservice.com.ar\/index.php\/wp-json\/wp\/v2\/types\/product"}],"wp:featuredmedia":[{"embeddable":true,"href":"https:\/\/proservice.com.ar\/index.php\/wp-json\/wp\/v2\/media\/2086"}],"wp:attachment":[{"href":"https:\/\/proservice.com.ar\/index.php\/wp-json\/wp\/v2\/media?parent=2085"}],"wp:term":[{"taxonomy":"pwb-brand","embeddable":true,"href":"https:\/\/proservice.com.ar\/index.php\/wp-json\/wp\/v2\/pwb-brand?post=2085"},{"taxonomy":"product_brand","embeddable":true,"href":"https:\/\/proservice.com.ar\/index.php\/wp-json\/wp\/v2\/product_brand?post=2085"},{"taxonomy":"product_cat","embeddable":true,"href":"https:\/\/proservice.com.ar\/index.php\/wp-json\/wp\/v2\/product_cat?post=2085"},{"taxonomy":"product_tag","embeddable":true,"href":"https:\/\/proservice.com.ar\/index.php\/wp-json\/wp\/v2\/product_tag?post=2085"}],"curies":[{"name":"wp","href":"https:\/\/api.w.org\/{rel}","templated":true}]}}