{"id":2089,"date":"2023-05-02T12:01:30","date_gmt":"2023-05-02T16:01:30","guid":{"rendered":"https:\/\/proservice.com.ar\/?post_type=product&#038;p=2089"},"modified":"2025-05-29T13:20:55","modified_gmt":"2025-05-29T16:20:55","slug":"blackmagic-design-fairlight-hdmi-monitor-interface","status":"publish","type":"product","link":"https:\/\/proservice.com.ar\/index.php\/product\/blackmagic-design-fairlight-hdmi-monitor-interface\/","title":{"rendered":"Blackmagic Design Fairlight HDMI Monitor Interface"},"content":{"rendered":"<div class=\"title_OMS5rN7R1Z\">\n<div data-selenium=\"sellingPointsTitle\">El producto Fairlight HDMI Monitor Interface es una interfaz de monitor HDMI que permite usar cualquier monitor HDMI o SDI con una consola Fairlight de DaVinci Resolve. Convierte los datos de ethernet de la consola Fairlight en formato HDMI y SDI, lo que lo hace compatible con casi cualquier pantalla de ordenador o monitor de difusi\u00f3n. Se puede ver la informaci\u00f3n del canal, los niveles, la ecualizaci\u00f3n, el procesamiento din\u00e1mico, las interfaces de los plug-ins y m\u00e1s. Tambi\u00e9n tiene un interruptor de entrada Ethernet\/SDI para seleccionar la entrada SDI y comprobar la sincronizaci\u00f3n labial mientras se mezcla. Es un dispositivo compacto y f\u00e1cil de ocultar que se puede colocar en la parte trasera del monitor HDMI<\/div>\n<div data-selenium=\"sellingPointsTitle\"><\/div>\n<div class=\"text_TAw0W35QK_ comfy_TAw0W35QK_ sizeTitle4_TAw0W35QK_ weightBold_TAw0W35QK_ primary_i3MsQsqoe0\" data-selenium=\"sellingPointsTitle\"><strong>Caracter\u00edsticas principales:\u00a0<\/strong><\/div>\n<\/div>\n<ul class=\"list_OMS5rN7R1Z\">\n<li class=\"listItem_OMS5rN7R1Z\" data-selenium=\"sellingPointsListItem\">Para sistemas DaVinci Resolve<\/li>\n<li class=\"listItem_OMS5rN7R1Z\" data-selenium=\"sellingPointsListItem\">Permite el uso de un monitor HDMI<\/li>\n<li class=\"listItem_OMS5rN7R1Z\" data-selenium=\"sellingPointsListItem\">El dise\u00f1o compacto se oculta f\u00e1cilmente<\/li>\n<li class=\"listItem_OMS5rN7R1Z\" data-selenium=\"sellingPointsListItem\">Conmutador de entrada Ethernet\/SDI<\/li>\n<li class=\"listItem_OMS5rN7R1Z\" data-selenium=\"sellingPointsListItem\">Salida HDMI tipo A<\/li>\n<li class=\"listItem_OMS5rN7R1Z\" data-selenium=\"sellingPointsListItem\">Salidas SDI duales<\/li>\n<li class=\"listItem_OMS5rN7R1Z\" data-selenium=\"sellingPointsListItem\">LED de estado de Ethernet\/SDI<\/li>\n<li class=\"listItem_OMS5rN7R1Z\" data-selenium=\"sellingPointsListItem\">Puerto USB tipo C para configuraci\u00f3n<\/li>\n<\/ul>\n","protected":false},"excerpt":{"rendered":"<p>DV\/RESFA\/MONINT<\/p>\n","protected":false},"featured_media":2090,"template":"","meta":{"om_disable_all_campaigns":false},"pwb-brand":[],"product_brand":[],"product_cat":[71,57],"product_tag":[231],"class_list":{"0":"post-2089","1":"product","2":"type-product","3":"status-publish","4":"has-post-thumbnail","6":"product_cat-blackmagic-design","7":"product_cat-converter","8":"product_tag-dv-resfa-monint","10":"first","11":"outofstock","12":"shipping-taxable","13":"purchasable","14":"product-type-simple"},"aioseo_notices":[],"jetpack_sharing_enabled":true,"brands":[],"_links":{"self":[{"href":"https:\/\/proservice.com.ar\/index.php\/wp-json\/wp\/v2\/product\/2089","targetHints":{"allow":["GET"]}}],"collection":[{"href":"https:\/\/proservice.com.ar\/index.php\/wp-json\/wp\/v2\/product"}],"about":[{"href":"https:\/\/proservice.com.ar\/index.php\/wp-json\/wp\/v2\/types\/product"}],"wp:featuredmedia":[{"embeddable":true,"href":"https:\/\/proservice.com.ar\/index.php\/wp-json\/wp\/v2\/media\/2090"}],"wp:attachment":[{"href":"https:\/\/proservice.com.ar\/index.php\/wp-json\/wp\/v2\/media?parent=2089"}],"wp:term":[{"taxonomy":"pwb-brand","embeddable":true,"href":"https:\/\/proservice.com.ar\/index.php\/wp-json\/wp\/v2\/pwb-brand?post=2089"},{"taxonomy":"product_brand","embeddable":true,"href":"https:\/\/proservice.com.ar\/index.php\/wp-json\/wp\/v2\/product_brand?post=2089"},{"taxonomy":"product_cat","embeddable":true,"href":"https:\/\/proservice.com.ar\/index.php\/wp-json\/wp\/v2\/product_cat?post=2089"},{"taxonomy":"product_tag","embeddable":true,"href":"https:\/\/proservice.com.ar\/index.php\/wp-json\/wp\/v2\/product_tag?post=2089"}],"curies":[{"name":"wp","href":"https:\/\/api.w.org\/{rel}","templated":true}]}}