{"id":2123,"date":"2023-05-02T12:22:23","date_gmt":"2023-05-02T16:22:23","guid":{"rendered":"https:\/\/proservice.com.ar\/?post_type=product&#038;p=2123"},"modified":"2025-04-14T14:36:35","modified_gmt":"2025-04-14T17:36:35","slug":"blackmagic-design-hyperdeck-extreme-rack-kit","status":"publish","type":"product","link":"https:\/\/proservice.com.ar\/index.php\/product\/blackmagic-design-hyperdeck-extreme-rack-kit\/","title":{"rendered":"Blackmagic Design HyperDeck Extreme Rack Kit"},"content":{"rendered":"<div data-selenium=\"sellingPointsTitle\">El HyperDeck Extreme Rack es un producto de Blackmagic Design que le permite instalar dos dispositivos HyperDeck Extreme uno al lado del otro en un rack o consola est\u00e1ndar de 19 pulgadas. Los dispositivos HyperDeck Extreme pueden ser HyperDeck Extreme 8K HDR, que es una grabadora profesional de 8K con compresi\u00f3n H.265, cach\u00e9 interna, 3D LUT, resoluci\u00f3n nativa de 8K y compatibilidad con HDR, o HyperDeck Extreme Control, que es un control de plataforma tradicional. unidad con conectividad RS-422, rueda jog\/shuttle, botones de transporte y salida de monitoreo SDI. El kit HyperDeck Extreme Rack incluye dos orejas de rack, cuatro paneles en blanco y accesorios de montaje.<\/div>\n<div data-selenium=\"sellingPointsTitle\"><\/div>\n<div class=\"title_OMS5rN7R1Z\">\n<div class=\"text_TAw0W35QK_ comfy_TAw0W35QK_ sizeTitle4_TAw0W35QK_ weightBold_TAw0W35QK_ primary_i3MsQsqoe0\" data-selenium=\"sellingPointsTitle\"><strong>Caracter\u00edsticas principales:<\/strong><\/div>\n<\/div>\n<ul class=\"list_OMS5rN7R1Z\">\n<li class=\"listItem_OMS5rN7R1Z\" data-selenium=\"sellingPointsListItem\">Tama\u00f1o de bastidor de 3 RU<\/li>\n<li class=\"listItem_OMS5rN7R1Z\" data-selenium=\"sellingPointsListItem\">Admite dos unidades HyperDeck Extreme<\/li>\n<\/ul>\n","protected":false},"excerpt":{"rendered":"<p>HYPERD\/RSTEXRMK<\/p>\n","protected":false},"featured_media":2124,"template":"","meta":{"om_disable_all_campaigns":false},"pwb-brand":[],"product_brand":[],"product_cat":[71],"product_tag":[237],"class_list":{"0":"post-2123","1":"product","2":"type-product","3":"status-publish","4":"has-post-thumbnail","6":"product_cat-blackmagic-design","7":"product_tag-hyperd-rstexrmk","9":"first","10":"onbackorder","11":"shipping-taxable","12":"product-type-simple"},"aioseo_notices":[],"jetpack_sharing_enabled":true,"brands":[],"_links":{"self":[{"href":"https:\/\/proservice.com.ar\/index.php\/wp-json\/wp\/v2\/product\/2123","targetHints":{"allow":["GET"]}}],"collection":[{"href":"https:\/\/proservice.com.ar\/index.php\/wp-json\/wp\/v2\/product"}],"about":[{"href":"https:\/\/proservice.com.ar\/index.php\/wp-json\/wp\/v2\/types\/product"}],"wp:featuredmedia":[{"embeddable":true,"href":"https:\/\/proservice.com.ar\/index.php\/wp-json\/wp\/v2\/media\/2124"}],"wp:attachment":[{"href":"https:\/\/proservice.com.ar\/index.php\/wp-json\/wp\/v2\/media?parent=2123"}],"wp:term":[{"taxonomy":"pwb-brand","embeddable":true,"href":"https:\/\/proservice.com.ar\/index.php\/wp-json\/wp\/v2\/pwb-brand?post=2123"},{"taxonomy":"product_brand","embeddable":true,"href":"https:\/\/proservice.com.ar\/index.php\/wp-json\/wp\/v2\/product_brand?post=2123"},{"taxonomy":"product_cat","embeddable":true,"href":"https:\/\/proservice.com.ar\/index.php\/wp-json\/wp\/v2\/product_cat?post=2123"},{"taxonomy":"product_tag","embeddable":true,"href":"https:\/\/proservice.com.ar\/index.php\/wp-json\/wp\/v2\/product_tag?post=2123"}],"curies":[{"name":"wp","href":"https:\/\/api.w.org\/{rel}","templated":true}]}}