{"id":2324,"date":"2024-01-24T15:11:55","date_gmt":"2024-01-24T18:11:55","guid":{"rendered":"https:\/\/proservice.com.ar\/?post_type=product&#038;p=2324"},"modified":"2026-04-14T13:49:16","modified_gmt":"2026-04-14T16:49:16","slug":"smallrig-freeblazer-heavy-duty-carbon-fiber-tripod-system","status":"publish","type":"product","link":"https:\/\/proservice.com.ar\/index.php\/product\/smallrig-freeblazer-heavy-duty-carbon-fiber-tripod-system\/","title":{"rendered":"SmallRig FreeBlazer Heavy-Duty Carbon Fiber Tripod System"},"content":{"rendered":"<div class=\"title_OMS5rN7R1Z\">\n<div data-selenium=\"sellingPointsTitle\">\n<p>Tr\u00edpode de fibra de carbono de alta resistencia FreeBlazer\u00a0de\u00a0SmallRig\u00a0es una opci\u00f3n de soporte duradera, liviana y port\u00e1til para fot\u00f3grafos, vide\u00f3grafos y vloggers profesionales.\u00a0El tr\u00edpode de alta resistencia est\u00e1 construido con fibra de carbono liviana y duradera, cuenta con un separador de nivel medio y tiene un rango de altura ajustable de 37 a 77&#8243;. Se pliega hasta 39&#8243; de largo para transportarlo en la bolsa de transporte incluida.<\/p>\n<p>El cabezal fluido le permite utilizar la placa de liberaci\u00f3n r\u00e1pida estilo Manfrotto incluida o la placa de liberaci\u00f3n r\u00e1pida original DJI RS 2, RS 3 o RS 3 Pro con solo presionar un simple interruptor.\u00a0La media r\u00f3tula de 75 mm puede girar 360\u00b0 e inclinarse +90\/-60\u00b0, y la placa de liberaci\u00f3n r\u00e1pida cuenta con tornillos de c\u00e1mara de 1\/4&#8243;-20 y 3\/8&#8243;-16 para adaptarse a todo tipo de c\u00e1maras.\u00a0Otras caracter\u00edsticas incluyen un nivel de burbuja, roscas para accesorios de 1\/4&#8243;-20 y una barra panor\u00e1mica fija. Tambi\u00e9n cuenta con pies de goma extra\u00edbles y pies con p\u00faas para adaptarse a varias configuraciones.<\/p>\n<\/div>\n<div data-selenium=\"sellingPointsTitle\">\n<div style=\"width: 640px;\" class=\"wp-video\"><video class=\"wp-video-shortcode\" id=\"video-2324-1\" width=\"640\" height=\"360\" preload=\"metadata\" controls=\"controls\"><source type=\"video\/mp4\" src=\"https:\/\/static.smallrig.com\/mall\/img\/public%2F1681798268456_.mp4?_=1\" \/><a href=\"https:\/\/static.smallrig.com\/mall\/img\/public%2F1681798268456_.mp4\">https:\/\/static.smallrig.com\/mall\/img\/public%2F1681798268456_.mp4<\/a><\/video><\/div>\n<\/div>\n<div class=\"text_TAw0W35QK_ comfy_TAw0W35QK_ sizeTitle4_TAw0W35QK_ weightBold_TAw0W35QK_ primary_i3MsQsqoe0\" data-selenium=\"sellingPointsTitle\"><strong>Caracter\u00edsticas principales:\u00a0<\/strong><\/div>\n<\/div>\n<ul class=\"list_OMS5rN7R1Z\">\n<li class=\"listItem_OMS5rN7R1Z\" data-selenium=\"sellingPointsListItem\">Tr\u00edpode de fibra de carbono + sistema de cabezal fluido<\/li>\n<li class=\"listItem_OMS5rN7R1Z\" data-selenium=\"sellingPointsListItem\">Capacidad de carga de 22 lb, pesa 11 lb<\/li>\n<li class=\"listItem_OMS5rN7R1Z\" data-selenium=\"sellingPointsListItem\">Ajuste de altura de 37 a 77&#8243;, plegado de 39&#8243;<\/li>\n<li class=\"listItem_OMS5rN7R1Z\" data-selenium=\"sellingPointsListItem\">Compatibilidad con el modo DJI RS 2\/RS 3\/RS 3 Pro<\/li>\n<li class=\"listItem_OMS5rN7R1Z\" data-selenium=\"sellingPointsListItem\">Perillas de fricci\u00f3n, giro y cabeza esf\u00e9rica de 75 mm<\/li>\n<li class=\"listItem_OMS5rN7R1Z\" data-selenium=\"sellingPointsListItem\">Esparcidor de nivel medio, placa QR Manfrotto<\/li>\n<li class=\"listItem_OMS5rN7R1Z\" data-selenium=\"sellingPointsListItem\">Tornillos para c\u00e1mara de 1\/4&#8243;-20 y 3\/8&#8243;-16<\/li>\n<li class=\"listItem_OMS5rN7R1Z\" data-selenium=\"sellingPointsListItem\">Rosca para accesorios de 1\/4&#8243;-20<\/li>\n<li class=\"listItem_OMS5rN7R1Z\" data-selenium=\"sellingPointsListItem\">Incluye bolsa de transporte<\/li>\n<\/ul>\n","protected":false},"excerpt":{"rendered":"<p class=\"text_TAw0W35QK_ comfy_TAw0W35QK_ sizeTitle1_TAw0W35QK_ weightNormal_TAw0W35QK_ primary_i3MsQsqoe0\" data-selenium=\"productTitle\">Heavy-Duty Carbon Fiber Tripod System &#8211;\u00a03989<\/p>\n<p>Tripods<\/p>\n","protected":false},"featured_media":2325,"template":"","meta":{"om_disable_all_campaigns":false},"pwb-brand":[],"product_brand":[],"product_cat":[83,299],"product_tag":[349,348,300],"class_list":{"0":"post-2324","1":"product","2":"type-product","3":"status-publish","4":"has-post-thumbnail","6":"product_cat-smallrig","7":"product_cat-tripods","8":"product_tag-349","9":"product_tag-348","10":"product_tag-tripods","12":"first","13":"instock","14":"sale","15":"shipping-taxable","16":"purchasable","17":"product-type-simple"},"aioseo_notices":[],"jetpack_sharing_enabled":true,"brands":[],"_links":{"self":[{"href":"https:\/\/proservice.com.ar\/index.php\/wp-json\/wp\/v2\/product\/2324","targetHints":{"allow":["GET"]}}],"collection":[{"href":"https:\/\/proservice.com.ar\/index.php\/wp-json\/wp\/v2\/product"}],"about":[{"href":"https:\/\/proservice.com.ar\/index.php\/wp-json\/wp\/v2\/types\/product"}],"wp:featuredmedia":[{"embeddable":true,"href":"https:\/\/proservice.com.ar\/index.php\/wp-json\/wp\/v2\/media\/2325"}],"wp:attachment":[{"href":"https:\/\/proservice.com.ar\/index.php\/wp-json\/wp\/v2\/media?parent=2324"}],"wp:term":[{"taxonomy":"pwb-brand","embeddable":true,"href":"https:\/\/proservice.com.ar\/index.php\/wp-json\/wp\/v2\/pwb-brand?post=2324"},{"taxonomy":"product_brand","embeddable":true,"href":"https:\/\/proservice.com.ar\/index.php\/wp-json\/wp\/v2\/product_brand?post=2324"},{"taxonomy":"product_cat","embeddable":true,"href":"https:\/\/proservice.com.ar\/index.php\/wp-json\/wp\/v2\/product_cat?post=2324"},{"taxonomy":"product_tag","embeddable":true,"href":"https:\/\/proservice.com.ar\/index.php\/wp-json\/wp\/v2\/product_tag?post=2324"}],"curies":[{"name":"wp","href":"https:\/\/api.w.org\/{rel}","templated":true}]}}