{"id":2561,"date":"2023-09-04T13:52:01","date_gmt":"2023-09-04T16:52:01","guid":{"rendered":"https:\/\/proservice.com.ar\/?post_type=product&#038;p=2561"},"modified":"2025-06-18T14:22:28","modified_gmt":"2025-06-18T17:22:28","slug":"marshall-electronics-cv504-wp-all-weather-full-hd-micro-pov-camera","status":"publish","type":"product","link":"https:\/\/proservice.com.ar\/index.php\/product\/marshall-electronics-cv504-wp-all-weather-full-hd-micro-pov-camera\/","title":{"rendered":"Marshall Electronics CV504-WP All-Weather Full HD Micro POV Camera"},"content":{"rendered":"<div class=\"title_OMS5rN7R1Z\">\n<div data-selenium=\"sellingPointsTitle\">La\u00a0c\u00e1mara micro POV Full HD para todo clima Marshall CV504-WP\u00a0proporciona una soluci\u00f3n de video con calidad de transmisi\u00f3n con un factor de forma compacto y tiene clasificaci\u00f3n IP67 para resistir los elementos.\u00a0El CV504-WP est\u00e1 dise\u00f1ado pensando en los profesionales y ofrece v\u00eddeos n\u00edtidos que se adaptan a las necesidades individuales de cualquier producci\u00f3n.\u00a0La c\u00e1mara est\u00e1 construida alrededor de un sensor CMOS IMX IMX de 2.2MP de Sony de pr\u00f3xima generaci\u00f3n capaz de grabar im\u00e1genes a hasta 60 fps en situaciones de poca luz con una rica precisi\u00f3n de color a trav\u00e9s de una salida 3G-SDI.\u00a0El sistema de lentes intercambiables M12 de Marshall ofrece una variedad de distancias focales tanto para opciones principales como variables.\u00a0Se incluye una lente principal M12 de 4 mm con un \u00e1ngulo de visi\u00f3n horizontal de 85\u00b0.<\/div>\n<\/div>\n<div data-selenium=\"sellingPointsTitle\"><\/div>\n<div class=\"title_OMS5rN7R1Z\">\n<div class=\"text_TAw0W35QK_ comfy_TAw0W35QK_ sizeTitle4_TAw0W35QK_ weightBold_TAw0W35QK_ primary_i3MsQsqoe0\" data-selenium=\"sellingPointsTitle\"><span style=\"color: #000000\"><strong>Caracter\u00edsticas principales:<\/strong><\/span><\/div>\n<\/div>\n<ul class=\"list_OMS5rN7R1Z\">\n<li class=\"listItem_OMS5rN7R1Z\" data-selenium=\"sellingPointsListItem\">C\u00e1mara POV compacta<\/li>\n<li class=\"listItem_OMS5rN7R1Z\" data-selenium=\"sellingPointsListItem\">Sensor CMOS Sony de 1\/2,8&#8243;<\/li>\n<li class=\"listItem_OMS5rN7R1Z\" data-selenium=\"sellingPointsListItem\">Clasificaci\u00f3n IP67<\/li>\n<li class=\"listItem_OMS5rN7R1Z\" data-selenium=\"sellingPointsListItem\">Lente de 4,0 mm con campo de visi\u00f3n horizontal de 85\u00b0<\/li>\n<li class=\"listItem_OMS5rN7R1Z\" data-selenium=\"sellingPointsListItem\">Sistema de lentes intercambiables M12<\/li>\n<li class=\"listItem_OMS5rN7R1Z\" data-selenium=\"sellingPointsListItem\">Hasta 1080p60 a trav\u00e9s de 3G-SDI<\/li>\n<li class=\"listItem_OMS5rN7R1Z\" data-selenium=\"sellingPointsListItem\">Modo IR para entornos con poca luz<\/li>\n<\/ul>\n","protected":false},"excerpt":{"rendered":"<p>CV504-WP<\/p>\n","protected":false},"featured_media":3256,"template":"","meta":{"om_disable_all_campaigns":false},"pwb-brand":[],"product_brand":[],"product_cat":[15,81],"product_tag":[356],"class_list":{"0":"post-2561","1":"product","2":"type-product","3":"status-publish","4":"has-post-thumbnail","6":"product_cat-camera","7":"product_cat-marshall","8":"product_tag-cv504-wp","10":"first","11":"onbackorder","12":"shipping-taxable","13":"product-type-simple"},"aioseo_notices":[],"jetpack_sharing_enabled":true,"brands":[],"_links":{"self":[{"href":"https:\/\/proservice.com.ar\/index.php\/wp-json\/wp\/v2\/product\/2561","targetHints":{"allow":["GET"]}}],"collection":[{"href":"https:\/\/proservice.com.ar\/index.php\/wp-json\/wp\/v2\/product"}],"about":[{"href":"https:\/\/proservice.com.ar\/index.php\/wp-json\/wp\/v2\/types\/product"}],"wp:featuredmedia":[{"embeddable":true,"href":"https:\/\/proservice.com.ar\/index.php\/wp-json\/wp\/v2\/media\/3256"}],"wp:attachment":[{"href":"https:\/\/proservice.com.ar\/index.php\/wp-json\/wp\/v2\/media?parent=2561"}],"wp:term":[{"taxonomy":"pwb-brand","embeddable":true,"href":"https:\/\/proservice.com.ar\/index.php\/wp-json\/wp\/v2\/pwb-brand?post=2561"},{"taxonomy":"product_brand","embeddable":true,"href":"https:\/\/proservice.com.ar\/index.php\/wp-json\/wp\/v2\/product_brand?post=2561"},{"taxonomy":"product_cat","embeddable":true,"href":"https:\/\/proservice.com.ar\/index.php\/wp-json\/wp\/v2\/product_cat?post=2561"},{"taxonomy":"product_tag","embeddable":true,"href":"https:\/\/proservice.com.ar\/index.php\/wp-json\/wp\/v2\/product_tag?post=2561"}],"curies":[{"name":"wp","href":"https:\/\/api.w.org\/{rel}","templated":true}]}}