{"id":2568,"date":"2023-09-04T14:16:05","date_gmt":"2023-09-04T18:16:05","guid":{"rendered":"https:\/\/proservice.com.ar\/?post_type=product&#038;p=2568"},"modified":"2025-05-12T14:26:04","modified_gmt":"2025-05-12T17:26:04","slug":"aida-imaging-full-hd-hdmi-ip67-weatherproof-camera-with-trs-stereo-audio-input","status":"publish","type":"product","link":"https:\/\/proservice.com.ar\/index.php\/product\/aida-imaging-full-hd-hdmi-ip67-weatherproof-camera-with-trs-stereo-audio-input\/","title":{"rendered":"AIDA Imaging Full HD HDMI IP67 Weatherproof Camera with TRS Stereo Audio Input"},"content":{"rendered":"<div class=\"title_OMS5rN7R1Z\">\n<div data-selenium=\"sellingPointsTitle\">\n<p>La c\u00e1mara\u00a0 HD-100A-IP67\u00a0 es resistente a la intemperie Full HD HDMI IP67 con entrada de audio est\u00e9reo TRS\u00a0de\u00a0AIDA Imaging\u00a0.\u00a0La c\u00e1mara cuenta con un sensor de imagen CMOS de 1\/3&#8243; y una montura C\/CS con una lente de 4 mm incluida. Un cable multiconector integrado de 6&#8242; facilita la conexi\u00f3n de salida HDMI 1.3 de la c\u00e1mara y la entrada est\u00e9reo TRS de 3,5 mm para audio integrado. Control sobre la c\u00e1mara se puede lograr a trav\u00e9s de RS-485 VISCA y OSD. La c\u00e1mara en s\u00ed tiene clasificaci\u00f3n IP67 e incluye una tapa resistente a la intemperie para proteger el sensor cuando no est\u00e1 en uso.<\/p>\n<\/div>\n<div class=\"text_TAw0W35QK_ comfy_TAw0W35QK_ sizeTitle4_TAw0W35QK_ weightBold_TAw0W35QK_ primary_i3MsQsqoe0\" data-selenium=\"sellingPointsTitle\"><span style=\"color: #000000;\"><strong>Caracter\u00edsticas principales:\u00a0<\/strong><\/span><\/div>\n<\/div>\n<ul class=\"list_OMS5rN7R1Z\">\n<li class=\"listItem_OMS5rN7R1Z\" data-selenium=\"sellingPointsListItem\">V\u00eddeo de hasta 1080p60<\/li>\n<li class=\"listItem_OMS5rN7R1Z\" data-selenium=\"sellingPointsListItem\">Sensor de imagen CMOS de 1\/3&#8243;<\/li>\n<li class=\"listItem_OMS5rN7R1Z\" data-selenium=\"sellingPointsListItem\">Montura C\/CS con lente de 4 mm incluida<\/li>\n<li class=\"listItem_OMS5rN7R1Z\" data-selenium=\"sellingPointsListItem\">C\u00e1mara con clasificaci\u00f3n IP67, tapa resistente a la intemperie<\/li>\n<li class=\"listItem_OMS5rN7R1Z\" data-selenium=\"sellingPointsListItem\">Salida HDMI 1.3, entrada TRS de 3,5 mm<\/li>\n<li class=\"listItem_OMS5rN7R1Z\" data-selenium=\"sellingPointsListItem\">Puerto RS-485 con VISCA y control OSD<\/li>\n<li class=\"listItem_OMS5rN7R1Z\" data-selenium=\"sellingPointsListItem\">Cable de conexi\u00f3n integrado de 6&#8242;<\/li>\n<li class=\"listItem_OMS5rN7R1Z\" data-selenium=\"sellingPointsListItem\">Dos roscas de montaje de 1\/4&#8243;-20<\/li>\n<\/ul>\n","protected":false},"excerpt":{"rendered":"<p>HD-100A-IP67<\/p>\n","protected":false},"featured_media":2571,"template":"","meta":{"om_disable_all_campaigns":false},"pwb-brand":[],"product_brand":[],"product_cat":[70,15],"product_tag":[357],"class_list":{"0":"post-2568","1":"product","2":"type-product","3":"status-publish","4":"has-post-thumbnail","6":"product_cat-aida","7":"product_cat-camera","8":"product_tag-hd-100a-ip67","10":"first","11":"onbackorder","12":"shipping-taxable","13":"product-type-simple"},"aioseo_notices":[],"jetpack_sharing_enabled":true,"brands":[],"_links":{"self":[{"href":"https:\/\/proservice.com.ar\/index.php\/wp-json\/wp\/v2\/product\/2568","targetHints":{"allow":["GET"]}}],"collection":[{"href":"https:\/\/proservice.com.ar\/index.php\/wp-json\/wp\/v2\/product"}],"about":[{"href":"https:\/\/proservice.com.ar\/index.php\/wp-json\/wp\/v2\/types\/product"}],"wp:featuredmedia":[{"embeddable":true,"href":"https:\/\/proservice.com.ar\/index.php\/wp-json\/wp\/v2\/media\/2571"}],"wp:attachment":[{"href":"https:\/\/proservice.com.ar\/index.php\/wp-json\/wp\/v2\/media?parent=2568"}],"wp:term":[{"taxonomy":"pwb-brand","embeddable":true,"href":"https:\/\/proservice.com.ar\/index.php\/wp-json\/wp\/v2\/pwb-brand?post=2568"},{"taxonomy":"product_brand","embeddable":true,"href":"https:\/\/proservice.com.ar\/index.php\/wp-json\/wp\/v2\/product_brand?post=2568"},{"taxonomy":"product_cat","embeddable":true,"href":"https:\/\/proservice.com.ar\/index.php\/wp-json\/wp\/v2\/product_cat?post=2568"},{"taxonomy":"product_tag","embeddable":true,"href":"https:\/\/proservice.com.ar\/index.php\/wp-json\/wp\/v2\/product_tag?post=2568"}],"curies":[{"name":"wp","href":"https:\/\/api.w.org\/{rel}","templated":true}]}}