{"id":2573,"date":"2023-09-04T14:19:58","date_gmt":"2023-09-04T18:19:58","guid":{"rendered":"https:\/\/proservice.com.ar\/?post_type=product&#038;p=2573"},"modified":"2025-09-11T13:23:16","modified_gmt":"2025-09-11T16:23:16","slug":"aida-imaging-3g-sdi-hdmi-full-hd-genlock-camera-with-4mm-fixed-lens","status":"publish","type":"product","link":"https:\/\/proservice.com.ar\/index.php\/product\/aida-imaging-3g-sdi-hdmi-full-hd-genlock-camera-with-4mm-fixed-lens\/","title":{"rendered":"AIDA Imaging 3G-SDI\/HDMI Full HD Genlock Camera with 4mm Fixed Lens"},"content":{"rendered":"<div class=\"title_OMS5rN7R1Z\">\n<div data-selenium=\"sellingPointsTitle\">\n<p>La\u00a0c\u00e1mara GEN3G-200\u00a0 SDI\/HDMI Full HD con lente fija de 4 mm\u00a0de\u00a0AIDA Imaging\u00a0es una c\u00e1mara ultracompacta adecuada para conferencias web, deportes, carreras de autos, vigilancia, medicina, radiodifusi\u00f3n, producci\u00f3n en vivo, educaci\u00f3n, lugares de culto y otras aplicaciones. .<\/p>\n<p>Con unas medidas aproximadas de 1,5&#8243; de ancho por 1,5&#8243; de alto y 3&#8243; de profundidad, esta peque\u00f1a c\u00e1mara puede caber en una variedad de espacios en los que ocupa poco espacio es ventajoso, como la c\u00e1mara para salpicadero de un coche de carreras o discretamente en la esquina de un quir\u00f3fano. La c\u00e1mara captura video HD de hasta 1080p60 y cuenta con una montura C\/CS para montar lentes intercambiables e incluye una lente de 4 mm con control de iris.<\/p>\n<\/div>\n<div class=\"text_TAw0W35QK_ comfy_TAw0W35QK_ sizeTitle4_TAw0W35QK_ weightBold_TAw0W35QK_ primary_i3MsQsqoe0\" data-selenium=\"sellingPointsTitle\"><span style=\"color: #000000\"><strong>C<\/strong><\/span><span style=\"color: #000000\"><strong>aracter\u00edsticas principales:\u00a0<\/strong><\/span><\/div>\n<\/div>\n<ul class=\"list_OMS5rN7R1Z\">\n<li class=\"listItem_OMS5rN7R1Z\" data-selenium=\"sellingPointsListItem\">Capture v\u00eddeo con resoluci\u00f3n de hasta 1080p60<\/li>\n<li class=\"listItem_OMS5rN7R1Z\" data-selenium=\"sellingPointsListItem\">Montura C\/CS con lente de 4 mm incluida<\/li>\n<li class=\"listItem_OMS5rN7R1Z\" data-selenium=\"sellingPointsListItem\">Salidas Auto Iris, 3G-SDI y HDMI<\/li>\n<li class=\"listItem_OMS5rN7R1Z\" data-selenium=\"sellingPointsListItem\">Genlock de sincronizaci\u00f3n de tres niveles, reducci\u00f3n de ruido<\/li>\n<li class=\"listItem_OMS5rN7R1Z\" data-selenium=\"sellingPointsListItem\">Amplio rango din\u00e1mico, balance de blancos<\/li>\n<li class=\"listItem_OMS5rN7R1Z\" data-selenium=\"sellingPointsListItem\">Entrada RS-485, conector de lente con iris autom\u00e1tico<\/li>\n<li class=\"listItem_OMS5rN7R1Z\" data-selenium=\"sellingPointsListItem\">Cable de conexi\u00f3n con controles OSD<\/li>\n<li class=\"listItem_OMS5rN7R1Z\" data-selenium=\"sellingPointsListItem\"><span style=\"vertical-align: inherit\"><span style=\"vertical-align: inherit\">Audio integrado, entrada anal\u00f3gica de 3,5 mm<\/span><\/span><\/li>\n<li class=\"listItem_OMS5rN7R1Z\" data-selenium=\"sellingPointsListItem\">Dise\u00f1o robusto y compacto<\/li>\n<\/ul>\n","protected":false},"excerpt":{"rendered":"<p>GEN3G-200<\/p>\n","protected":false},"featured_media":2578,"template":"","meta":{"om_disable_all_campaigns":false},"pwb-brand":[],"product_brand":[],"product_cat":[70,15],"product_tag":[358],"class_list":{"0":"post-2573","1":"product","2":"type-product","3":"status-publish","4":"has-post-thumbnail","6":"product_cat-aida","7":"product_cat-camera","8":"product_tag-gen3g-200","10":"first","11":"onbackorder","12":"shipping-taxable","13":"product-type-simple"},"aioseo_notices":[],"jetpack_sharing_enabled":true,"brands":[],"_links":{"self":[{"href":"https:\/\/proservice.com.ar\/index.php\/wp-json\/wp\/v2\/product\/2573","targetHints":{"allow":["GET"]}}],"collection":[{"href":"https:\/\/proservice.com.ar\/index.php\/wp-json\/wp\/v2\/product"}],"about":[{"href":"https:\/\/proservice.com.ar\/index.php\/wp-json\/wp\/v2\/types\/product"}],"wp:featuredmedia":[{"embeddable":true,"href":"https:\/\/proservice.com.ar\/index.php\/wp-json\/wp\/v2\/media\/2578"}],"wp:attachment":[{"href":"https:\/\/proservice.com.ar\/index.php\/wp-json\/wp\/v2\/media?parent=2573"}],"wp:term":[{"taxonomy":"pwb-brand","embeddable":true,"href":"https:\/\/proservice.com.ar\/index.php\/wp-json\/wp\/v2\/pwb-brand?post=2573"},{"taxonomy":"product_brand","embeddable":true,"href":"https:\/\/proservice.com.ar\/index.php\/wp-json\/wp\/v2\/product_brand?post=2573"},{"taxonomy":"product_cat","embeddable":true,"href":"https:\/\/proservice.com.ar\/index.php\/wp-json\/wp\/v2\/product_cat?post=2573"},{"taxonomy":"product_tag","embeddable":true,"href":"https:\/\/proservice.com.ar\/index.php\/wp-json\/wp\/v2\/product_tag?post=2573"}],"curies":[{"name":"wp","href":"https:\/\/api.w.org\/{rel}","templated":true}]}}