{"id":2579,"date":"2023-09-04T14:23:31","date_gmt":"2023-09-04T18:23:31","guid":{"rendered":"https:\/\/proservice.com.ar\/?post_type=product&#038;p=2579"},"modified":"2025-06-27T12:03:31","modified_gmt":"2025-06-27T15:03:31","slug":"aida-imaging-fhd-120fps-ndihx3-pov-camera","status":"publish","type":"product","link":"https:\/\/proservice.com.ar\/index.php\/product\/aida-imaging-fhd-120fps-ndihx3-pov-camera\/","title":{"rendered":"AIDA Imaging FHD 120fps NDI|HX3 POV Camera"},"content":{"rendered":"<div class=\"title_OMS5rN7R1Z\">\n<div data-selenium=\"sellingPointsTitle\">\n<p>Esta\u00a0c\u00e1mara HD-NDI3-120 POV FHD 120 fps NDI|HX3\u00a0de\u00a0AIDA Imaging\u00a0proporciona una salida de v\u00eddeo 1080p120 a trav\u00e9s de HDMI o IP l\u00edder en la industria gracias a su compatibilidad nativa con NDI|HX3.\u00a0Las se\u00f1ales de transmisi\u00f3n de baja latencia, la energ\u00eda y la comunicaci\u00f3n de datos se pueden entregar a trav\u00e9s de una \u00fanica conexi\u00f3n.\u00a0La c\u00e1mara viene con una lente con montura CS de 4 mm preinstalada.<\/p>\n<\/div>\n<div data-selenium=\"sellingPointsTitle\"><\/div>\n<div class=\"text_TAw0W35QK_ comfy_TAw0W35QK_ sizeTitle4_TAw0W35QK_ weightBold_TAw0W35QK_ primary_i3MsQsqoe0\" data-selenium=\"sellingPointsTitle\"><strong><span style=\"color: #000000\">Caracter\u00edsticas principales:\u00a0<\/span><\/strong><\/div>\n<\/div>\n<ul class=\"list_OMS5rN7R1Z\">\n<li class=\"listItem_OMS5rN7R1Z\" data-selenium=\"sellingPointsListItem\">Para transmisiones en vivo, deportes y lugares<\/li>\n<li class=\"listItem_OMS5rN7R1Z\" data-selenium=\"sellingPointsListItem\">V\u00eddeo de hasta 1080p120<\/li>\n<li class=\"listItem_OMS5rN7R1Z\" data-selenium=\"sellingPointsListItem\">Soporte NDI|HX3 sobre IP<\/li>\n<li class=\"listItem_OMS5rN7R1Z\" data-selenium=\"sellingPointsListItem\">Montura CS con lente de 5 mm preinstalada<\/li>\n<li class=\"listItem_OMS5rN7R1Z\" data-selenium=\"sellingPointsListItem\">Salida HDMI\/entrada de audio de 3,5 mm<\/li>\n<li class=\"listItem_OMS5rN7R1Z\" data-selenium=\"sellingPointsListItem\">2 roscas de montaje de 1\/4&#8243;-20.<\/li>\n<\/ul>\n","protected":false},"excerpt":{"rendered":"<p>HD-NDI3-120<\/p>\n","protected":false},"featured_media":2582,"template":"","meta":{"om_disable_all_campaigns":false},"pwb-brand":[],"product_brand":[],"product_cat":[70,15],"product_tag":[359],"class_list":{"0":"post-2579","1":"product","2":"type-product","3":"status-publish","4":"has-post-thumbnail","6":"product_cat-aida","7":"product_cat-camera","8":"product_tag-hd-ndi3-120","10":"first","11":"onbackorder","12":"shipping-taxable","13":"product-type-simple"},"aioseo_notices":[],"jetpack_sharing_enabled":true,"brands":[],"_links":{"self":[{"href":"https:\/\/proservice.com.ar\/index.php\/wp-json\/wp\/v2\/product\/2579","targetHints":{"allow":["GET"]}}],"collection":[{"href":"https:\/\/proservice.com.ar\/index.php\/wp-json\/wp\/v2\/product"}],"about":[{"href":"https:\/\/proservice.com.ar\/index.php\/wp-json\/wp\/v2\/types\/product"}],"wp:featuredmedia":[{"embeddable":true,"href":"https:\/\/proservice.com.ar\/index.php\/wp-json\/wp\/v2\/media\/2582"}],"wp:attachment":[{"href":"https:\/\/proservice.com.ar\/index.php\/wp-json\/wp\/v2\/media?parent=2579"}],"wp:term":[{"taxonomy":"pwb-brand","embeddable":true,"href":"https:\/\/proservice.com.ar\/index.php\/wp-json\/wp\/v2\/pwb-brand?post=2579"},{"taxonomy":"product_brand","embeddable":true,"href":"https:\/\/proservice.com.ar\/index.php\/wp-json\/wp\/v2\/product_brand?post=2579"},{"taxonomy":"product_cat","embeddable":true,"href":"https:\/\/proservice.com.ar\/index.php\/wp-json\/wp\/v2\/product_cat?post=2579"},{"taxonomy":"product_tag","embeddable":true,"href":"https:\/\/proservice.com.ar\/index.php\/wp-json\/wp\/v2\/product_tag?post=2579"}],"curies":[{"name":"wp","href":"https:\/\/api.w.org\/{rel}","templated":true}]}}