{"id":2583,"date":"2023-09-04T14:29:22","date_gmt":"2023-09-04T18:29:22","guid":{"rendered":"https:\/\/proservice.com.ar\/?post_type=product&#038;p=2583"},"modified":"2025-06-27T12:06:30","modified_gmt":"2025-06-27T15:06:30","slug":"aida-imaging-fhd-120fps-ndihx3-weatherproof-pov-camera","status":"publish","type":"product","link":"https:\/\/proservice.com.ar\/index.php\/product\/aida-imaging-fhd-120fps-ndihx3-weatherproof-pov-camera\/","title":{"rendered":"AIDA Imaging FHD 120fps NDI|HX3 Weatherproof POV Camera"},"content":{"rendered":"<div class=\"title_OMS5rN7R1Z\">\n<div data-selenium=\"sellingPointsTitle\">\n<p>\u00a0Esta\u00a0c\u00e1mara HD-NDI3-IP67\u00a0 POV resistente a la intemperie FHD 120 fps NDI|HX3\u00a0de\u00a0AIDA Imaging\u00a0proporciona video 1080p120 l\u00edder en la industria a trav\u00e9s de HDMI o salida IP gracias a su soporte nativo NDI|HX3.\u00a0Las se\u00f1ales de transmisi\u00f3n de baja latencia, la energ\u00eda y la comunicaci\u00f3n de datos se pueden entregar a trav\u00e9s de una \u00fanica conexi\u00f3n.\u00a0La c\u00e1mara viene con una lente con montura CS de 4 mm preinstalada y est\u00e1 alojada en una carcasa resistente a la intemperie con clasificaci\u00f3n IP67.<\/p>\n<\/div>\n<div data-selenium=\"sellingPointsTitle\"><\/div>\n<div class=\"text_TAw0W35QK_ comfy_TAw0W35QK_ sizeTitle4_TAw0W35QK_ weightBold_TAw0W35QK_ primary_i3MsQsqoe0\" data-selenium=\"sellingPointsTitle\"><span style=\"color: #000000\"><strong>Caracter\u00edsticas principales:\u00a0<\/strong><\/span><\/div>\n<\/div>\n<ul class=\"list_OMS5rN7R1Z\">\n<li class=\"listItem_OMS5rN7R1Z\" data-selenium=\"sellingPointsListItem\">Para transmisiones en vivo, deportes y lugares<\/li>\n<li class=\"listItem_OMS5rN7R1Z\" data-selenium=\"sellingPointsListItem\">V\u00eddeo de hasta 1080p120<\/li>\n<li class=\"listItem_OMS5rN7R1Z\" data-selenium=\"sellingPointsListItem\">Soporte NDI|HX3 a trav\u00e9s de IP<\/li>\n<li class=\"listItem_OMS5rN7R1Z\" data-selenium=\"sellingPointsListItem\">Clasificaci\u00f3n de protecci\u00f3n ambiental IP67<\/li>\n<li class=\"listItem_OMS5rN7R1Z\" data-selenium=\"sellingPointsListItem\">Montura CS con lente de 4 mm preinstalada<\/li>\n<li class=\"listItem_OMS5rN7R1Z\" data-selenium=\"sellingPointsListItem\">Entrada de audio de 3,5 mm<\/li>\n<li class=\"listItem_OMS5rN7R1Z\" data-selenium=\"sellingPointsListItem\">2 roscas de montaje de 1\/4&#8243;-20.<\/li>\n<\/ul>\n","protected":false},"excerpt":{"rendered":"<p>HD-NDI3-IP67<\/p>\n","protected":false},"featured_media":2590,"template":"","meta":{"om_disable_all_campaigns":false},"pwb-brand":[],"product_brand":[],"product_cat":[70,15],"product_tag":[360],"class_list":{"0":"post-2583","1":"product","2":"type-product","3":"status-publish","4":"has-post-thumbnail","6":"product_cat-aida","7":"product_cat-camera","8":"product_tag-hd-ndi3-ip67","10":"first","11":"onbackorder","12":"shipping-taxable","13":"product-type-simple"},"aioseo_notices":[],"jetpack_sharing_enabled":true,"brands":[],"_links":{"self":[{"href":"https:\/\/proservice.com.ar\/index.php\/wp-json\/wp\/v2\/product\/2583","targetHints":{"allow":["GET"]}}],"collection":[{"href":"https:\/\/proservice.com.ar\/index.php\/wp-json\/wp\/v2\/product"}],"about":[{"href":"https:\/\/proservice.com.ar\/index.php\/wp-json\/wp\/v2\/types\/product"}],"wp:featuredmedia":[{"embeddable":true,"href":"https:\/\/proservice.com.ar\/index.php\/wp-json\/wp\/v2\/media\/2590"}],"wp:attachment":[{"href":"https:\/\/proservice.com.ar\/index.php\/wp-json\/wp\/v2\/media?parent=2583"}],"wp:term":[{"taxonomy":"pwb-brand","embeddable":true,"href":"https:\/\/proservice.com.ar\/index.php\/wp-json\/wp\/v2\/pwb-brand?post=2583"},{"taxonomy":"product_brand","embeddable":true,"href":"https:\/\/proservice.com.ar\/index.php\/wp-json\/wp\/v2\/product_brand?post=2583"},{"taxonomy":"product_cat","embeddable":true,"href":"https:\/\/proservice.com.ar\/index.php\/wp-json\/wp\/v2\/product_cat?post=2583"},{"taxonomy":"product_tag","embeddable":true,"href":"https:\/\/proservice.com.ar\/index.php\/wp-json\/wp\/v2\/product_tag?post=2583"}],"curies":[{"name":"wp","href":"https:\/\/api.w.org\/{rel}","templated":true}]}}