{"id":2592,"date":"2023-09-04T14:33:33","date_gmt":"2023-09-04T18:33:33","guid":{"rendered":"https:\/\/proservice.com.ar\/?post_type=product&#038;p=2592"},"modified":"2026-03-04T12:53:47","modified_gmt":"2026-03-04T15:53:47","slug":"aida-imaging-compact-full-hd-ndi-hx-ip-streaming-pov-camera","status":"publish","type":"product","link":"https:\/\/proservice.com.ar\/index.php\/product\/aida-imaging-compact-full-hd-ndi-hx-ip-streaming-pov-camera\/","title":{"rendered":"AIDA Imaging Compact Full HD NDI HX\/IP Streaming POV Camera"},"content":{"rendered":"<div data-selenium=\"sellingPointsTitle\">\n<p>La\u00a0c\u00e1mara HD-NDI-CUBE\u00a0 POV compacta Full HD NDI|HX\/IP Streaming\u00a0de\u00a0AIDA\u00a0ofrece salida IP y NDI simult\u00e1neas en una forma ultracompacta para aplicaciones de transmisi\u00f3n POV en transmisi\u00f3n, educaci\u00f3n, medicina, producci\u00f3n en vivo y otros campos.\u00a0La c\u00e1mara compacta genera transmisi\u00f3n IP de velocidad de fotogramas variable a trav\u00e9s de RTSP\/RTMP y\/o NDI|HX con una resoluci\u00f3n de hasta 1080p60.<\/p>\n<\/div>\n<div data-selenium=\"sellingPointsTitle\"><\/div>\n<div class=\"title_OMS5rN7R1Z\">\n<div class=\"text_TAw0W35QK_ comfy_TAw0W35QK_ sizeTitle4_TAw0W35QK_ weightBold_TAw0W35QK_ primary_i3MsQsqoe0\" data-selenium=\"sellingPointsTitle\"><strong>Caracter\u00edsticas principales:\u00a0<\/strong><\/div>\n<\/div>\n<ul class=\"list_OMS5rN7R1Z\">\n<li class=\"listItem_OMS5rN7R1Z\" data-selenium=\"sellingPointsListItem\">C\u00e1mara compacta de transmisi\u00f3n POV NDI<\/li>\n<li class=\"listItem_OMS5rN7R1Z\" data-selenium=\"sellingPointsListItem\">Hasta 1080p60 IP y NDI|HX simult\u00e1neos<\/li>\n<li class=\"listItem_OMS5rN7R1Z\" data-selenium=\"sellingPointsListItem\">Protocolos de transmisi\u00f3n SRT, RTSP y RTMP<\/li>\n<li class=\"listItem_OMS5rN7R1Z\" data-selenium=\"sellingPointsListItem\">Sensor CMOS Sony, montura de lente C\/CS<\/li>\n<li class=\"listItem_OMS5rN7R1Z\" data-selenium=\"sellingPointsListItem\">Montura de lente C\/CS, lente CS de 4 mm incluida<\/li>\n<li class=\"listItem_OMS5rN7R1Z\" data-selenium=\"sellingPointsListItem\">Soporte de control VISCA sobre IP<\/li>\n<li class=\"listItem_OMS5rN7R1Z\" data-selenium=\"sellingPointsListItem\">IP y NDI sobre una \u00fanica salida RJ45<\/li>\n<li class=\"listItem_OMS5rN7R1Z\" data-selenium=\"sellingPointsListItem\">Alimentaci\u00f3n a trav\u00e9s de entrada CC o PoE+ opcional<\/li>\n<\/ul>\n","protected":false},"excerpt":{"rendered":"<p>HD-NDI-CUBE<\/p>\n","protected":false},"featured_media":2593,"template":"","meta":{"om_disable_all_campaigns":false},"pwb-brand":[],"product_brand":[],"product_cat":[70,15],"product_tag":[361],"class_list":{"0":"post-2592","1":"product","2":"type-product","3":"status-publish","4":"has-post-thumbnail","6":"product_cat-aida","7":"product_cat-camera","8":"product_tag-hd-ndi-cube","10":"first","11":"instock","12":"sale","13":"shipping-taxable","14":"purchasable","15":"product-type-simple"},"aioseo_notices":[],"jetpack_sharing_enabled":true,"brands":[],"_links":{"self":[{"href":"https:\/\/proservice.com.ar\/index.php\/wp-json\/wp\/v2\/product\/2592","targetHints":{"allow":["GET"]}}],"collection":[{"href":"https:\/\/proservice.com.ar\/index.php\/wp-json\/wp\/v2\/product"}],"about":[{"href":"https:\/\/proservice.com.ar\/index.php\/wp-json\/wp\/v2\/types\/product"}],"wp:featuredmedia":[{"embeddable":true,"href":"https:\/\/proservice.com.ar\/index.php\/wp-json\/wp\/v2\/media\/2593"}],"wp:attachment":[{"href":"https:\/\/proservice.com.ar\/index.php\/wp-json\/wp\/v2\/media?parent=2592"}],"wp:term":[{"taxonomy":"pwb-brand","embeddable":true,"href":"https:\/\/proservice.com.ar\/index.php\/wp-json\/wp\/v2\/pwb-brand?post=2592"},{"taxonomy":"product_brand","embeddable":true,"href":"https:\/\/proservice.com.ar\/index.php\/wp-json\/wp\/v2\/product_brand?post=2592"},{"taxonomy":"product_cat","embeddable":true,"href":"https:\/\/proservice.com.ar\/index.php\/wp-json\/wp\/v2\/product_cat?post=2592"},{"taxonomy":"product_tag","embeddable":true,"href":"https:\/\/proservice.com.ar\/index.php\/wp-json\/wp\/v2\/product_tag?post=2592"}],"curies":[{"name":"wp","href":"https:\/\/api.w.org\/{rel}","templated":true}]}}