{"id":2670,"date":"2023-09-06T10:39:05","date_gmt":"2023-09-06T14:39:05","guid":{"rendered":"https:\/\/proservice.com.ar\/?post_type=product&#038;p=2670"},"modified":"2025-05-12T14:26:45","modified_gmt":"2025-05-12T17:26:45","slug":"aida-imaging-uhd-x3l-micro-4k-3x-zoom-hdmi-efp-camera-2","status":"publish","type":"product","link":"https:\/\/proservice.com.ar\/index.php\/product\/aida-imaging-uhd-x3l-micro-4k-3x-zoom-hdmi-efp-camera-2\/","title":{"rendered":"AIDA Imaging UHD-X3L Micro 4K 3X Zoom HDMI EFP Camera"},"content":{"rendered":"<div data-selenium=\"sellingPointsTitle\">La\u00a0c\u00e1mara UHD-X3L Micro 4K 3X Zoom HDMI EFP\u00a0de\u00a0AIDA Imaging\u00a0es una c\u00e1mara de producci\u00f3n de campo ultracompacta adecuada para conferencias web, deportes, carreras de autos, vigilancia, medicina, radiodifusi\u00f3n, producci\u00f3n en vivo, educaci\u00f3n, lugares de culto y otros. aplicaciones.\u00a0Mide aproximadamente 2 x 3&#8243;, y se puede montar, por ejemplo, como una c\u00e1mara para tablero en un auto de carreras o discretamente en la esquina de una sala quir\u00fargica.<\/div>\n<div data-selenium=\"sellingPointsTitle\"><\/div>\n<div class=\"title_OMS5rN7R1Z\">\n<div class=\"text_TAw0W35QK_ comfy_TAw0W35QK_ sizeTitle4_TAw0W35QK_ weightBold_TAw0W35QK_ primary_i3MsQsqoe0\" data-selenium=\"sellingPointsTitle\"><strong>Caracter\u00edsticas principales:\u00a0<\/strong><\/div>\n<\/div>\n<ul class=\"list_OMS5rN7R1Z\">\n<li class=\"listItem_OMS5rN7R1Z\" data-selenium=\"sellingPointsListItem\">Ultracompacto y apto para condiciones de poca luz<\/li>\n<li class=\"listItem_OMS5rN7R1Z\" data-selenium=\"sellingPointsListItem\">V\u00eddeo con resoluci\u00f3n hasta UHD 4K a 30 fps<\/li>\n<li class=\"listItem_OMS5rN7R1Z\" data-selenium=\"sellingPointsListItem\">Zoom \u00f3ptico 3X: campo de visi\u00f3n de 78 &#8211; 25\u00b0<\/li>\n<li class=\"listItem_OMS5rN7R1Z\" data-selenium=\"sellingPointsListItem\">Control de enfoque y iris<\/li>\n<li class=\"listItem_OMS5rN7R1Z\" data-selenium=\"sellingPointsListItem\">Salida HDMI<\/li>\n<li class=\"listItem_OMS5rN7R1Z\" data-selenium=\"sellingPointsListItem\">Entrada RS-485 a trav\u00e9s del cable de conexi\u00f3n incluido<\/li>\n<li class=\"listItem_OMS5rN7R1Z\" data-selenium=\"sellingPointsListItem\">Amplio rango din\u00e1mico<\/li>\n<li class=\"listItem_OMS5rN7R1Z\" data-selenium=\"sellingPointsListItem\">Reducci\u00f3n de ruido 2D\/3D<\/li>\n<li class=\"listItem_OMS5rN7R1Z\" data-selenium=\"sellingPointsListItem\">Estabilizaci\u00f3n de imagen digital<\/li>\n<li class=\"listItem_OMS5rN7R1Z\" data-selenium=\"sellingPointsListItem\">Orificio de montaje roscado de 1\/4&#8243;-20<\/li>\n<\/ul>\n","protected":false},"excerpt":{"rendered":"<p>UHD-X3L<\/p>\n","protected":false},"featured_media":2673,"template":"","meta":{"om_disable_all_campaigns":false},"pwb-brand":[],"product_brand":[],"product_cat":[15],"product_tag":[365],"class_list":{"0":"post-2670","1":"product","2":"type-product","3":"status-publish","4":"has-post-thumbnail","6":"product_cat-camera","7":"product_tag-uhd-x3l","9":"first","10":"onbackorder","11":"shipping-taxable","12":"product-type-simple"},"aioseo_notices":[],"jetpack_sharing_enabled":true,"brands":[],"_links":{"self":[{"href":"https:\/\/proservice.com.ar\/index.php\/wp-json\/wp\/v2\/product\/2670","targetHints":{"allow":["GET"]}}],"collection":[{"href":"https:\/\/proservice.com.ar\/index.php\/wp-json\/wp\/v2\/product"}],"about":[{"href":"https:\/\/proservice.com.ar\/index.php\/wp-json\/wp\/v2\/types\/product"}],"wp:featuredmedia":[{"embeddable":true,"href":"https:\/\/proservice.com.ar\/index.php\/wp-json\/wp\/v2\/media\/2673"}],"wp:attachment":[{"href":"https:\/\/proservice.com.ar\/index.php\/wp-json\/wp\/v2\/media?parent=2670"}],"wp:term":[{"taxonomy":"pwb-brand","embeddable":true,"href":"https:\/\/proservice.com.ar\/index.php\/wp-json\/wp\/v2\/pwb-brand?post=2670"},{"taxonomy":"product_brand","embeddable":true,"href":"https:\/\/proservice.com.ar\/index.php\/wp-json\/wp\/v2\/product_brand?post=2670"},{"taxonomy":"product_cat","embeddable":true,"href":"https:\/\/proservice.com.ar\/index.php\/wp-json\/wp\/v2\/product_cat?post=2670"},{"taxonomy":"product_tag","embeddable":true,"href":"https:\/\/proservice.com.ar\/index.php\/wp-json\/wp\/v2\/product_tag?post=2670"}],"curies":[{"name":"wp","href":"https:\/\/api.w.org\/{rel}","templated":true}]}}