{"id":2762,"date":"2023-09-11T12:20:59","date_gmt":"2023-09-11T16:20:59","guid":{"rendered":"https:\/\/proservice.com.ar\/?post_type=product&#038;p=2762"},"modified":"2026-04-01T11:40:58","modified_gmt":"2026-04-01T14:40:58","slug":"fieldcast-6g-video-sfp-optical-fiber-transceiver","status":"publish","type":"product","link":"https:\/\/proservice.com.ar\/index.php\/product\/fieldcast-6g-video-sfp-optical-fiber-transceiver\/","title":{"rendered":"FieldCast 6G Video SFP Optical Fiber Transceiver"},"content":{"rendered":"<div class=\"title_OMS5rN7R1Z\">\n<div class=\"text_TAw0W35QK_ comfy_TAw0W35QK_ sizeTitle4_TAw0W35QK_ weightBold_TAw0W35QK_ primary_i3MsQsqoe0\" data-selenium=\"sellingPointsTitle\">\n<p>Transmita y reciba se\u00f1ales de video 6G a trav\u00e9s de cables de fibra \u00f3ptica utilizando este\u00a0transceptor de fibra \u00f3ptica SFP de video 6G\u00a0de\u00a0FieldCast\u00a0.\u00a0El transceptor es compatible con equipos de fibra \u00f3ptica que utilizan m\u00f3dulos SFP (peque\u00f1o factor de forma conectable), como Blackmagic Mini Converter, Blackmagic Studio Camera 4K, ATEM Talkback Converter 4K, ATEM Studio Converter, extensores de fibra \u00f3ptica ShieldRock y m\u00e1s.<\/p>\n<p>El transceptor bidireccional transmite utilizando una longitud de onda de 1310 nm y admite resoluciones de v\u00eddeo de 1080p, 720p, NTSC y PAL.<\/p>\n<p><strong><span style=\"color: #000000\"><br \/>\nCaracter\u00edsticas principales:<\/span><\/strong><\/p>\n<\/div>\n<\/div>\n<ul class=\"list_OMS5rN7R1Z\">\n<li class=\"listItem_OMS5rN7R1Z\" data-selenium=\"sellingPointsListItem\">M\u00f3dulo de fibra \u00f3ptica SFP de v\u00eddeo 6G<\/li>\n<li class=\"listItem_OMS5rN7R1Z\" data-selenium=\"sellingPointsListItem\">Transmitir y recibir se\u00f1ales de v\u00eddeo<\/li>\n<li class=\"listItem_OMS5rN7R1Z\" data-selenium=\"sellingPointsListItem\">Compatible con convertidores y extensores<\/li>\n<li class=\"listItem_OMS5rN7R1Z\" data-selenium=\"sellingPointsListItem\">Compatible con ATEM, ShieldRock y Blackmagic<\/li>\n<li class=\"listItem_OMS5rN7R1Z\" data-selenium=\"sellingPointsListItem\">Longitud de onda de 1310 nm<\/li>\n<\/ul>\n","protected":false},"excerpt":{"rendered":"<p>C9801<\/p>\n","protected":false},"featured_media":2763,"template":"","meta":{"om_disable_all_campaigns":false},"pwb-brand":[],"product_brand":[],"product_cat":[33,57,76],"product_tag":[375],"class_list":{"0":"post-2762","1":"product","2":"type-product","3":"status-publish","4":"has-post-thumbnail","6":"product_cat-accesorios","7":"product_cat-converter","8":"product_cat-fieldcast","9":"product_tag-c9801","11":"first","12":"onbackorder","13":"shipping-taxable","14":"product-type-simple"},"aioseo_notices":[],"jetpack_sharing_enabled":true,"brands":[],"_links":{"self":[{"href":"https:\/\/proservice.com.ar\/index.php\/wp-json\/wp\/v2\/product\/2762","targetHints":{"allow":["GET"]}}],"collection":[{"href":"https:\/\/proservice.com.ar\/index.php\/wp-json\/wp\/v2\/product"}],"about":[{"href":"https:\/\/proservice.com.ar\/index.php\/wp-json\/wp\/v2\/types\/product"}],"wp:featuredmedia":[{"embeddable":true,"href":"https:\/\/proservice.com.ar\/index.php\/wp-json\/wp\/v2\/media\/2763"}],"wp:attachment":[{"href":"https:\/\/proservice.com.ar\/index.php\/wp-json\/wp\/v2\/media?parent=2762"}],"wp:term":[{"taxonomy":"pwb-brand","embeddable":true,"href":"https:\/\/proservice.com.ar\/index.php\/wp-json\/wp\/v2\/pwb-brand?post=2762"},{"taxonomy":"product_brand","embeddable":true,"href":"https:\/\/proservice.com.ar\/index.php\/wp-json\/wp\/v2\/product_brand?post=2762"},{"taxonomy":"product_cat","embeddable":true,"href":"https:\/\/proservice.com.ar\/index.php\/wp-json\/wp\/v2\/product_cat?post=2762"},{"taxonomy":"product_tag","embeddable":true,"href":"https:\/\/proservice.com.ar\/index.php\/wp-json\/wp\/v2\/product_tag?post=2762"}],"curies":[{"name":"wp","href":"https:\/\/api.w.org\/{rel}","templated":true}]}}