{"id":2766,"date":"2023-09-11T14:03:16","date_gmt":"2023-09-11T18:03:16","guid":{"rendered":"https:\/\/proservice.com.ar\/?post_type=product&#038;p=2766"},"modified":"2026-04-01T11:40:16","modified_gmt":"2026-04-01T14:40:16","slug":"blackmagic-design-ultimatte-12-4k-keyer-advanced-compositing-processor","status":"publish","type":"product","link":"https:\/\/proservice.com.ar\/index.php\/product\/blackmagic-design-ultimatte-12-4k-keyer-advanced-compositing-processor\/","title":{"rendered":"Blackmagic Design Ultimatte 12 4K Keyer Advanced Compositing Processor"},"content":{"rendered":"<div class=\"title_OMS5rN7R1Z\">\n<div data-selenium=\"sellingPointsTitle\">Este Ultimatte 12 4K se a dise\u00f1ado para realizar superposiciones y composiciones en tiempo real con gr\u00e1ficos de \u00faltima generaci\u00f3n. Es ideal tanto para transmisiones en directo como estudios virtuales e incluye nuevos algoritmos, adem\u00e1s de una colorimetr\u00eda innovadora. Asimismo, ofrece un procesamiento de bordes excepcional, una mayor separaci\u00f3n de colores, una fidelidad crom\u00e1tica extraordinaria y una mejor eliminaci\u00f3n de reflejos verdes o azules. Por su parte, la tecnolog\u00eda SDI 12G facilita la realizaci\u00f3n de proyectos en HD o UHD, procesando cada subpixel en forma individual para lograr una nitidez sin precedentes.<\/div>\n<div data-selenium=\"sellingPointsTitle\"><\/div>\n<div class=\"text_TAw0W35QK_ comfy_TAw0W35QK_ sizeTitle4_TAw0W35QK_ weightBold_TAw0W35QK_ primary_i3MsQsqoe0\" data-selenium=\"sellingPointsTitle\"><strong>Caracter\u00edsticas principales:\u00a0<\/strong><\/div>\n<\/div>\n<ul class=\"list_OMS5rN7R1Z\">\n<li class=\"listItem_OMS5rN7R1Z\" data-selenium=\"sellingPointsListItem\">Hasta UHD 4K60 a trav\u00e9s de un \u00fanico BNC 12G-SDI<\/li>\n<li class=\"listItem_OMS5rN7R1Z\" data-selenium=\"sellingPointsListItem\">Incrustaci\u00f3n con 1 toque, composici\u00f3n avanzada<\/li>\n<li class=\"listItem_OMS5rN7R1Z\" data-selenium=\"sellingPointsListItem\">Soporte SD\/HD\/3G\/6G\/12G-SDI<\/li>\n<li class=\"listItem_OMS5rN7R1Z\" data-selenium=\"sellingPointsListItem\">Requiere control remoto inteligente Ultimatte 4<\/li>\n<li class=\"listItem_OMS5rN7R1Z\" data-selenium=\"sellingPointsListItem\">7 x entradas SDI y salidas de bucle<\/li>\n<li class=\"listItem_OMS5rN7R1Z\" data-selenium=\"sellingPointsListItem\">Entradas de composici\u00f3n dedicadas<\/li>\n<li class=\"listItem_OMS5rN7R1Z\" data-selenium=\"sellingPointsListItem\">Realidad aumentada realista con tintes<\/li>\n<li class=\"listItem_OMS5rN7R1Z\" data-selenium=\"sellingPointsListItem\">Algoritmos avanzados y ciencia del color<\/li>\n<li class=\"listItem_OMS5rN7R1Z\" data-selenium=\"sellingPointsListItem\">Mejor fidelidad de color\/bordes\/transiciones<\/li>\n<li class=\"listItem_OMS5rN7R1Z\" data-selenium=\"sellingPointsListItem\">Unidad de tama\u00f1o de un estante<\/li>\n<\/ul>\n","protected":false},"excerpt":{"rendered":"<p>ULTMKEY12\/C\/4K<\/p>\n","protected":false},"featured_media":2769,"template":"","meta":{"om_disable_all_campaigns":false},"pwb-brand":[],"product_brand":[],"product_cat":[71,58],"product_tag":[377],"class_list":{"0":"post-2766","1":"product","2":"type-product","3":"status-publish","4":"has-post-thumbnail","6":"product_cat-blackmagic-design","7":"product_cat-chroma-key","8":"product_tag-ultmkey12-c-4k","10":"first","11":"onbackorder","12":"shipping-taxable","13":"product-type-simple"},"aioseo_notices":[],"jetpack_sharing_enabled":true,"brands":[],"_links":{"self":[{"href":"https:\/\/proservice.com.ar\/index.php\/wp-json\/wp\/v2\/product\/2766","targetHints":{"allow":["GET"]}}],"collection":[{"href":"https:\/\/proservice.com.ar\/index.php\/wp-json\/wp\/v2\/product"}],"about":[{"href":"https:\/\/proservice.com.ar\/index.php\/wp-json\/wp\/v2\/types\/product"}],"wp:featuredmedia":[{"embeddable":true,"href":"https:\/\/proservice.com.ar\/index.php\/wp-json\/wp\/v2\/media\/2769"}],"wp:attachment":[{"href":"https:\/\/proservice.com.ar\/index.php\/wp-json\/wp\/v2\/media?parent=2766"}],"wp:term":[{"taxonomy":"pwb-brand","embeddable":true,"href":"https:\/\/proservice.com.ar\/index.php\/wp-json\/wp\/v2\/pwb-brand?post=2766"},{"taxonomy":"product_brand","embeddable":true,"href":"https:\/\/proservice.com.ar\/index.php\/wp-json\/wp\/v2\/product_brand?post=2766"},{"taxonomy":"product_cat","embeddable":true,"href":"https:\/\/proservice.com.ar\/index.php\/wp-json\/wp\/v2\/product_cat?post=2766"},{"taxonomy":"product_tag","embeddable":true,"href":"https:\/\/proservice.com.ar\/index.php\/wp-json\/wp\/v2\/product_tag?post=2766"}],"curies":[{"name":"wp","href":"https:\/\/api.w.org\/{rel}","templated":true}]}}