{"id":2778,"date":"2023-09-11T14:10:41","date_gmt":"2023-09-11T18:10:41","guid":{"rendered":"https:\/\/proservice.com.ar\/?post_type=product&#038;p=2778"},"modified":"2026-04-01T11:39:41","modified_gmt":"2026-04-01T14:39:41","slug":"blackmagic-design-ultimatte-12-8k-keyer-advanced-compositing-processor","status":"publish","type":"product","link":"https:\/\/proservice.com.ar\/index.php\/product\/blackmagic-design-ultimatte-12-8k-keyer-advanced-compositing-processor\/","title":{"rendered":"Blackmagic Design Ultimatte 12 8K Keyer\/Advanced Compositing Processor"},"content":{"rendered":"<div data-selenium=\"sellingPointsTitle\"><span class=\"Y2IQFc\" lang=\"es\">El Ultimatte 12 8K es un dispositivo que le permite crear composiciones realistas y de alta calidad de videos de acci\u00f3n en vivo con fondos virtuales, gr\u00e1ficos o elementos de realidad aumentada. Admite formatos de v\u00eddeo con una resoluci\u00f3n de hasta 8K y tiene una interfaz 12G-SDI de enlace cu\u00e1druple. Utiliza nuevos algoritmos y ciencia del color para lograr un mejor manejo de los bordes, separaci\u00f3n y fidelidad del color y supresi\u00f3n de derrames que nunca antes. Tambi\u00e9n tiene un almac\u00e9n de cuadros incorporado que le permite cargar fondos o gr\u00e1ficos prerenderizados sin necesidad de fuentes externas. Puede controlar el dispositivo con un panel integrado, un software, un panel externo opcional o un control remoto por infrarrojos.<\/span><\/div>\n<div class=\"title_OMS5rN7R1Z\">\n<p class=\"text_TAw0W35QK_ comfy_TAw0W35QK_ sizeTitle4_TAw0W35QK_ weightBold_TAw0W35QK_ primary_i3MsQsqoe0\" data-selenium=\"sellingPointsTitle\"><strong>Caracter\u00edsticas principales:\u00a0<\/strong><\/p>\n<\/div>\n<ul class=\"list_OMS5rN7R1Z\">\n<li class=\"listItem_OMS5rN7R1Z\" data-selenium=\"sellingPointsListItem\">Hasta UHD 8K60 a trav\u00e9s de 12G-SDI BNC<\/li>\n<li class=\"listItem_OMS5rN7R1Z\" data-selenium=\"sellingPointsListItem\">Incrustaci\u00f3n con 1 toque, composici\u00f3n avanzada<\/li>\n<li class=\"listItem_OMS5rN7R1Z\" data-selenium=\"sellingPointsListItem\">Soporte SD\/HD\/3G\/6G\/12G-SDI<\/li>\n<li class=\"listItem_OMS5rN7R1Z\" data-selenium=\"sellingPointsListItem\">32 x entradas SDI, 20 x salidas de bucle<\/li>\n<li class=\"listItem_OMS5rN7R1Z\" data-selenium=\"sellingPointsListItem\">Entradas de composici\u00f3n dedicadas<\/li>\n<li class=\"listItem_OMS5rN7R1Z\" data-selenium=\"sellingPointsListItem\">Realidad aumentada realista con tintes<\/li>\n<li class=\"listItem_OMS5rN7R1Z\" data-selenium=\"sellingPointsListItem\">Algoritmos avanzados y ciencia del color<\/li>\n<li class=\"listItem_OMS5rN7R1Z\" data-selenium=\"sellingPointsListItem\">Mejor fidelidad de color\/bordes\/transiciones<\/li>\n<li class=\"listItem_OMS5rN7R1Z\" data-selenium=\"sellingPointsListItem\">Compatible con Ultimatte Smart Remote 4<\/li>\n<li class=\"listItem_OMS5rN7R1Z\" data-selenium=\"sellingPointsListItem\">Tama\u00f1o de rack de 2 RU, alimentaci\u00f3n redundante<\/li>\n<\/ul>\n","protected":false},"excerpt":{"rendered":"<p>ULTMKEY12\/D\/8K<\/p>\n","protected":false},"featured_media":2781,"template":"","meta":{"om_disable_all_campaigns":false},"pwb-brand":[],"product_brand":[],"product_cat":[71,58],"product_tag":[380],"class_list":{"0":"post-2778","1":"product","2":"type-product","3":"status-publish","4":"has-post-thumbnail","6":"product_cat-blackmagic-design","7":"product_cat-chroma-key","8":"product_tag-ultmkey12-d-8k","10":"first","11":"onbackorder","12":"shipping-taxable","13":"product-type-simple"},"aioseo_notices":[],"jetpack_sharing_enabled":true,"brands":[],"_links":{"self":[{"href":"https:\/\/proservice.com.ar\/index.php\/wp-json\/wp\/v2\/product\/2778","targetHints":{"allow":["GET"]}}],"collection":[{"href":"https:\/\/proservice.com.ar\/index.php\/wp-json\/wp\/v2\/product"}],"about":[{"href":"https:\/\/proservice.com.ar\/index.php\/wp-json\/wp\/v2\/types\/product"}],"wp:featuredmedia":[{"embeddable":true,"href":"https:\/\/proservice.com.ar\/index.php\/wp-json\/wp\/v2\/media\/2781"}],"wp:attachment":[{"href":"https:\/\/proservice.com.ar\/index.php\/wp-json\/wp\/v2\/media?parent=2778"}],"wp:term":[{"taxonomy":"pwb-brand","embeddable":true,"href":"https:\/\/proservice.com.ar\/index.php\/wp-json\/wp\/v2\/pwb-brand?post=2778"},{"taxonomy":"product_brand","embeddable":true,"href":"https:\/\/proservice.com.ar\/index.php\/wp-json\/wp\/v2\/product_brand?post=2778"},{"taxonomy":"product_cat","embeddable":true,"href":"https:\/\/proservice.com.ar\/index.php\/wp-json\/wp\/v2\/product_cat?post=2778"},{"taxonomy":"product_tag","embeddable":true,"href":"https:\/\/proservice.com.ar\/index.php\/wp-json\/wp\/v2\/product_tag?post=2778"}],"curies":[{"name":"wp","href":"https:\/\/api.w.org\/{rel}","templated":true}]}}