{"id":2782,"date":"2024-11-21T12:00:10","date_gmt":"2024-11-21T15:00:10","guid":{"rendered":"https:\/\/proservice.com.ar\/?post_type=product&#038;p=2782"},"modified":"2026-04-01T11:19:57","modified_gmt":"2026-04-01T14:19:57","slug":"hollyland-lark-max-duo-2-person-wireless-microphone-system-2-4-ghz-black","status":"publish","type":"product","link":"https:\/\/proservice.com.ar\/index.php\/product\/hollyland-lark-max-duo-2-person-wireless-microphone-system-2-4-ghz-black\/","title":{"rendered":"Hollyland LARK MAX Duo 2-Person Wireless Microphone System (2.4 GHz, Black)"},"content":{"rendered":"<div data-selenium=\"sellingPointsTitle\">DISCONTINUADO, Ver modelo nuevo<\/div>\n<div data-selenium=\"sellingPointsTitle\"><\/div>\n<div data-selenium=\"sellingPointsTitle\">El sistema de micr\u00f3fono inal\u00e1mbrico LARK MAX Duo de Hollyland puede adaptarse a cualquier aplicaci\u00f3n de periodismo o creaci\u00f3n de contenido gracias a su amplia compatibilidad con c\u00e1maras y tel\u00e9fonos inteligentes. Dos transmisores de clip con micr\u00f3fonos omnidireccionales incorporados pueden grabar hasta dos sujetos y ofrecer grabaci\u00f3n de respaldo para mayor seguridad en el campo. El sistema presenta una distancia m\u00e1xima de transmisi\u00f3n con l\u00ednea de visi\u00f3n de 250 M. Mant\u00e9n todo funcionando con el estuche de carga incluido para extender la vida \u00fatil de la bater\u00eda del sistema<\/div>\n<div class=\"title_OMS5rN7R1Z\">\n<div data-selenium=\"sellingPointsTitle\"><\/div>\n<div class=\"text_TAw0W35QK_ comfy_TAw0W35QK_ sizeTitle4_TAw0W35QK_ weightBold_TAw0W35QK_ primary_i3MsQsqoe0\" data-selenium=\"sellingPointsTitle\"><strong>Caracter\u00edsticas principales:<\/strong><\/div>\n<\/div>\n<ul class=\"list_OMS5rN7R1Z\">\n<li class=\"listItem_OMS5rN7R1Z\" data-selenium=\"sellingPointsListItem\">Para periodismo m\u00f3vil, creaci\u00f3n de contenidos<\/li>\n<li class=\"listItem_OMS5rN7R1Z\" data-selenium=\"sellingPointsListItem\">2 x transmisores con micr\u00f3fonos Omni integrados<\/li>\n<li class=\"listItem_OMS5rN7R1Z\" data-selenium=\"sellingPointsListItem\">Receptor de doble canal<\/li>\n<li class=\"listItem_OMS5rN7R1Z\" data-selenium=\"sellingPointsListItem\">Cancelaci\u00f3n de ruido ambiental<\/li>\n<li class=\"listItem_OMS5rN7R1Z\" data-selenium=\"sellingPointsListItem\">Tecnolog\u00eda de procesamiento de se\u00f1al dual<\/li>\n<li class=\"listItem_OMS5rN7R1Z\" data-selenium=\"sellingPointsListItem\">Grabaci\u00f3n de respaldo de 14 horas<\/li>\n<li class=\"listItem_OMS5rN7R1Z\" data-selenium=\"sellingPointsListItem\">Distancia de transmisi\u00f3n de hasta 250M<\/li>\n<li class=\"listItem_OMS5rN7R1Z\" data-selenium=\"sellingPointsListItem\">Duraci\u00f3n de la bater\u00eda del transmisor de 7,5 horas<\/li>\n<li class=\"listItem_OMS5rN7R1Z\" data-selenium=\"sellingPointsListItem\">Pantalla t\u00e1ctil del receptor OLED<\/li>\n<li class=\"listItem_OMS5rN7R1Z\" data-selenium=\"sellingPointsListItem\">Estuche de carga con bater\u00eda incorporada<\/li>\n<\/ul>\n","protected":false},"excerpt":{"rendered":"<p>LARK MAX DUO<\/p>\n","protected":false},"featured_media":2788,"template":"","meta":{"om_disable_all_campaigns":false},"pwb-brand":[],"product_brand":[],"product_cat":[55,77,641],"product_tag":[381],"class_list":{"0":"post-2782","1":"product","2":"type-product","3":"status-publish","4":"has-post-thumbnail","6":"product_cat-audio","7":"product_cat-hollyland","8":"product_cat-microfonos","9":"product_tag-lark-max-duo","11":"first","12":"instock","13":"sale","14":"shipping-taxable","15":"purchasable","16":"product-type-simple"},"aioseo_notices":[],"jetpack_sharing_enabled":true,"brands":[],"_links":{"self":[{"href":"https:\/\/proservice.com.ar\/index.php\/wp-json\/wp\/v2\/product\/2782","targetHints":{"allow":["GET"]}}],"collection":[{"href":"https:\/\/proservice.com.ar\/index.php\/wp-json\/wp\/v2\/product"}],"about":[{"href":"https:\/\/proservice.com.ar\/index.php\/wp-json\/wp\/v2\/types\/product"}],"wp:featuredmedia":[{"embeddable":true,"href":"https:\/\/proservice.com.ar\/index.php\/wp-json\/wp\/v2\/media\/2788"}],"wp:attachment":[{"href":"https:\/\/proservice.com.ar\/index.php\/wp-json\/wp\/v2\/media?parent=2782"}],"wp:term":[{"taxonomy":"pwb-brand","embeddable":true,"href":"https:\/\/proservice.com.ar\/index.php\/wp-json\/wp\/v2\/pwb-brand?post=2782"},{"taxonomy":"product_brand","embeddable":true,"href":"https:\/\/proservice.com.ar\/index.php\/wp-json\/wp\/v2\/product_brand?post=2782"},{"taxonomy":"product_cat","embeddable":true,"href":"https:\/\/proservice.com.ar\/index.php\/wp-json\/wp\/v2\/product_cat?post=2782"},{"taxonomy":"product_tag","embeddable":true,"href":"https:\/\/proservice.com.ar\/index.php\/wp-json\/wp\/v2\/product_tag?post=2782"}],"curies":[{"name":"wp","href":"https:\/\/api.w.org\/{rel}","templated":true}]}}