{"id":2801,"date":"2023-09-11T14:29:10","date_gmt":"2023-09-11T18:29:10","guid":{"rendered":"https:\/\/proservice.com.ar\/?post_type=product&#038;p=2801"},"modified":"2025-06-18T15:56:44","modified_gmt":"2025-06-18T18:56:44","slug":"hollyland-full-duplex-intercom-system-with-four-beltpack-transceivers","status":"publish","type":"product","link":"https:\/\/proservice.com.ar\/index.php\/product\/hollyland-full-duplex-intercom-system-with-four-beltpack-transceivers\/","title":{"rendered":"Hollyland Full-Duplex Intercom System with Four Beltpack Transceivers MARS T1000"},"content":{"rendered":"<div class=\"title_OMS5rN7R1Z\">\n<div data-selenium=\"sellingPointsTitle\">\n<p>El sistema de intercomunicaci\u00f3n Full-Duplex de Hollyland MARS T1000\u00a0permite comunicaci\u00f3n bidireccional en un rango de hasta 1000&#8242;.\u00a0Incluye una estaci\u00f3n base, cuatro transceptores de petaca y cinco auriculares.\u00a0La estaci\u00f3n base se alimenta desde un adaptador de corriente CA incluido con conector XLR de 4 pines o desde bater\u00edas opcionales de la serie L a trav\u00e9s de la placa de bater\u00eda dual integrada en la parte superior de la estaci\u00f3n.<\/p>\n<p>La estaci\u00f3n base admite tally inal\u00e1mbrico y tiene una pantalla OLED incorporada que muestra el estado de cada petaca.\u00a0Tambi\u00e9n tiene un conector de 3,5 mm para los auriculares incluidos y un bot\u00f3n que silencia los micr\u00f3fonos de las petacas.\u00a0La estaci\u00f3n base dispone de cuatro puertos USB para cargar las petacas incluidas y para la conexi\u00f3n de datos emparejados.\u00a0Cada uno de los petacas incluidos tiene una bater\u00eda de iones de litio integrada para 8 horas de funcionamiento y admite carga a trav\u00e9s de un puerto USB.\u00a0Cada petaca tiene un puerto de 3,5 mm para una combinaci\u00f3n de auriculares\/micr\u00f3fono y un bot\u00f3n de silencio\/llamada individual.\u00a0Una gran pantalla OLED muestra el estado de la bater\u00eda del cintur\u00f3n y la intensidad de la se\u00f1al inal\u00e1mbrica, as\u00ed como el n\u00famero del cintur\u00f3n y el estado de silencio del micr\u00f3fono.<\/p>\n<\/div>\n<div data-selenium=\"sellingPointsTitle\"><\/div>\n<div class=\"text_TAw0W35QK_ comfy_TAw0W35QK_ sizeTitle4_TAw0W35QK_ weightBold_TAw0W35QK_ primary_i3MsQsqoe0\" data-selenium=\"sellingPointsTitle\"><span style=\"color: #000000\"><strong>Caracter\u00edsticas principales:\u00a0<\/strong><\/span><\/div>\n<\/div>\n<ul class=\"list_OMS5rN7R1Z\">\n<li class=\"listItem_OMS5rN7R1Z\" data-selenium=\"sellingPointsListItem\">Estaci\u00f3n base con placa de bater\u00eda dual<\/li>\n<li class=\"listItem_OMS5rN7R1Z\" data-selenium=\"sellingPointsListItem\">Comunicaci\u00f3n inal\u00e1mbrica full-duplex de 1000&#8242;<\/li>\n<li class=\"listItem_OMS5rN7R1Z\" data-selenium=\"sellingPointsListItem\">4 transceptores de petaca<\/li>\n<li class=\"listItem_OMS5rN7R1Z\" data-selenium=\"sellingPointsListItem\">5 x auriculares de un solo lado<\/li>\n<li class=\"listItem_OMS5rN7R1Z\" data-selenium=\"sellingPointsListItem\">3 antenas de estaci\u00f3n base de alta ganancia<\/li>\n<li class=\"listItem_OMS5rN7R1Z\" data-selenium=\"sellingPointsListItem\">Sistema de suministro de energ\u00eda dual CA\/CC<\/li>\n<li class=\"listItem_OMS5rN7R1Z\" data-selenium=\"sellingPointsListItem\">Volumen de E\/S de audio ajustable<\/li>\n<li class=\"listItem_OMS5rN7R1Z\" data-selenium=\"sellingPointsListItem\">Transceptores de petaca con carga de estaci\u00f3n<\/li>\n<\/ul>\n","protected":false},"excerpt":{"rendered":"<p>MARS T1000<\/p>\n","protected":false},"featured_media":2806,"template":"","meta":{"om_disable_all_campaigns":false},"pwb-brand":[],"product_brand":[],"product_cat":[55,77,640],"product_tag":[385],"class_list":{"0":"post-2801","1":"product","2":"type-product","3":"status-publish","4":"has-post-thumbnail","6":"product_cat-audio","7":"product_cat-hollyland","8":"product_cat-intercom","9":"product_tag-mars-t1000","11":"first","12":"outofstock","13":"shipping-taxable","14":"purchasable","15":"product-type-simple"},"aioseo_notices":[],"jetpack_sharing_enabled":true,"brands":[],"_links":{"self":[{"href":"https:\/\/proservice.com.ar\/index.php\/wp-json\/wp\/v2\/product\/2801","targetHints":{"allow":["GET"]}}],"collection":[{"href":"https:\/\/proservice.com.ar\/index.php\/wp-json\/wp\/v2\/product"}],"about":[{"href":"https:\/\/proservice.com.ar\/index.php\/wp-json\/wp\/v2\/types\/product"}],"wp:featuredmedia":[{"embeddable":true,"href":"https:\/\/proservice.com.ar\/index.php\/wp-json\/wp\/v2\/media\/2806"}],"wp:attachment":[{"href":"https:\/\/proservice.com.ar\/index.php\/wp-json\/wp\/v2\/media?parent=2801"}],"wp:term":[{"taxonomy":"pwb-brand","embeddable":true,"href":"https:\/\/proservice.com.ar\/index.php\/wp-json\/wp\/v2\/pwb-brand?post=2801"},{"taxonomy":"product_brand","embeddable":true,"href":"https:\/\/proservice.com.ar\/index.php\/wp-json\/wp\/v2\/product_brand?post=2801"},{"taxonomy":"product_cat","embeddable":true,"href":"https:\/\/proservice.com.ar\/index.php\/wp-json\/wp\/v2\/product_cat?post=2801"},{"taxonomy":"product_tag","embeddable":true,"href":"https:\/\/proservice.com.ar\/index.php\/wp-json\/wp\/v2\/product_tag?post=2801"}],"curies":[{"name":"wp","href":"https:\/\/api.w.org\/{rel}","templated":true}]}}