{"id":2808,"date":"2023-09-11T14:37:51","date_gmt":"2023-09-11T18:37:51","guid":{"rendered":"https:\/\/proservice.com.ar\/?post_type=product&#038;p=2808"},"modified":"2025-05-23T13:26:51","modified_gmt":"2025-05-23T16:26:51","slug":"hollyland-solidcom-m1-full-duplex-wireless-intercom-solution-8-beltpacks","status":"publish","type":"product","link":"https:\/\/proservice.com.ar\/index.php\/product\/hollyland-solidcom-m1-full-duplex-wireless-intercom-solution-8-beltpacks\/","title":{"rendered":"Hollyland Solidcom M1 Full-Duplex Wireless Intercom Solution (8 Beltpacks)"},"content":{"rendered":"<div data-selenium=\"sellingPointsTitle\">Solidcom M1\u00a0de\u00a0Hollyland\u00a0es una soluci\u00f3n ideal.\u00a0Esta configuraci\u00f3n de intercomunicador inal\u00e1mbrico admite hasta 8 miembros del equipo, proporcion\u00e1ndoles a cada uno de ellos una petaca inal\u00e1mbrica y unos auriculares LEMO profesionales con cable de un solo o\u00eddo.\u00a0Ideal para eventos peque\u00f1os y medianos (aproximadamente de 100 a 1000 invitados), como un concierto, una funci\u00f3n en una iglesia o una exposici\u00f3n, el sistema Solidcom M1 funciona para ofrecer una comunicaci\u00f3n clara y conversacional sin interferencias, y ofrece una sencilla aplicaci\u00f3n basada en una aplicaci\u00f3n o una p\u00e1gina web. configuraci\u00f3n.<\/div>\n<div data-selenium=\"sellingPointsTitle\"><\/div>\n<div class=\"title_OMS5rN7R1Z\">\n<div class=\"text_TAw0W35QK_ comfy_TAw0W35QK_ sizeTitle4_TAw0W35QK_ weightBold_TAw0W35QK_ primary_i3MsQsqoe0\" data-selenium=\"sellingPointsTitle\"><span style=\"color: #000000;\"><strong>Caracter\u00edsticas Principales:\u00a0<\/strong><\/span><\/div>\n<\/div>\n<ul class=\"list_OMS5rN7R1Z\">\n<li class=\"listItem_OMS5rN7R1Z\" data-selenium=\"sellingPointsListItem\">Para eventos peque\u00f1os y medianos<\/li>\n<li class=\"listItem_OMS5rN7R1Z\" data-selenium=\"sellingPointsListItem\">8 x petacas y auriculares LEMO<\/li>\n<li class=\"listItem_OMS5rN7R1Z\" data-selenium=\"sellingPointsListItem\">Transmisi\u00f3n full-duplex de 1,9 GHz<\/li>\n<li class=\"listItem_OMS5rN7R1Z\" data-selenium=\"sellingPointsListItem\">Alcance inal\u00e1mbrico de hasta 1312&#8242;<\/li>\n<li class=\"listItem_OMS5rN7R1Z\" data-selenium=\"sellingPointsListItem\">Comunicaci\u00f3n de 8 canales<\/li>\n<li class=\"listItem_OMS5rN7R1Z\" data-selenium=\"sellingPointsListItem\">Funci\u00f3n de tono local<\/li>\n<li class=\"listItem_OMS5rN7R1Z\" data-selenium=\"sellingPointsListItem\">Conexi\u00f3n de estaci\u00f3n base en cascada<\/li>\n<li class=\"listItem_OMS5rN7R1Z\" data-selenium=\"sellingPointsListItem\">Bater\u00edas de iones de litio extra\u00edbles<\/li>\n<li class=\"listItem_OMS5rN7R1Z\" data-selenium=\"sellingPointsListItem\">Configuraci\u00f3n basada en aplicaciones y sitios web<\/li>\n<li class=\"listItem_OMS5rN7R1Z\" data-selenium=\"sellingPointsListItem\">Estaci\u00f3n de carga Beltpack incluida<\/li>\n<\/ul>\n","protected":false},"excerpt":{"rendered":"<p>HL-SOLIDCOM M1-8B<\/p>\n","protected":false},"featured_media":2814,"template":"","meta":{"om_disable_all_campaigns":false},"pwb-brand":[],"product_brand":[],"product_cat":[55,77,640],"product_tag":[386],"class_list":{"0":"post-2808","1":"product","2":"type-product","3":"status-publish","4":"has-post-thumbnail","6":"product_cat-audio","7":"product_cat-hollyland","8":"product_cat-intercom","9":"product_tag-hl-solidcom-m1-8b","11":"first","12":"onbackorder","13":"shipping-taxable","14":"product-type-simple"},"aioseo_notices":[],"jetpack_sharing_enabled":true,"brands":[],"_links":{"self":[{"href":"https:\/\/proservice.com.ar\/index.php\/wp-json\/wp\/v2\/product\/2808","targetHints":{"allow":["GET"]}}],"collection":[{"href":"https:\/\/proservice.com.ar\/index.php\/wp-json\/wp\/v2\/product"}],"about":[{"href":"https:\/\/proservice.com.ar\/index.php\/wp-json\/wp\/v2\/types\/product"}],"wp:featuredmedia":[{"embeddable":true,"href":"https:\/\/proservice.com.ar\/index.php\/wp-json\/wp\/v2\/media\/2814"}],"wp:attachment":[{"href":"https:\/\/proservice.com.ar\/index.php\/wp-json\/wp\/v2\/media?parent=2808"}],"wp:term":[{"taxonomy":"pwb-brand","embeddable":true,"href":"https:\/\/proservice.com.ar\/index.php\/wp-json\/wp\/v2\/pwb-brand?post=2808"},{"taxonomy":"product_brand","embeddable":true,"href":"https:\/\/proservice.com.ar\/index.php\/wp-json\/wp\/v2\/product_brand?post=2808"},{"taxonomy":"product_cat","embeddable":true,"href":"https:\/\/proservice.com.ar\/index.php\/wp-json\/wp\/v2\/product_cat?post=2808"},{"taxonomy":"product_tag","embeddable":true,"href":"https:\/\/proservice.com.ar\/index.php\/wp-json\/wp\/v2\/product_tag?post=2808"}],"curies":[{"name":"wp","href":"https:\/\/api.w.org\/{rel}","templated":true}]}}