{"id":310,"date":"2024-01-25T12:51:12","date_gmt":"2024-01-25T15:51:12","guid":{"rendered":"https:\/\/webshop.sites.qsandbox.com\/?post_type=product&#038;p=310"},"modified":"2026-04-01T11:32:47","modified_gmt":"2026-04-01T14:32:47","slug":"hd-100a","status":"publish","type":"product","link":"https:\/\/proservice.com.ar\/index.php\/product\/hd-100a\/","title":{"rendered":"AIDA HD-100A C\u00e1mara BOX"},"content":{"rendered":"<div class=\"title_OMS5rN7R1Z\">\n<div data-selenium=\"sellingPointsTitle\">\n<p>La\u00a0c\u00e1mara AIDA Imaging Full HD HDMI con entrada de audio est\u00e9reo TRS\u00a0es una c\u00e1mara ultracompacta adecuada para conferencias web, deportes, carreras de autos, vigilancia, medicina, radiodifusi\u00f3n, producci\u00f3n en vivo, educaci\u00f3n, lugares de culto y otras aplicaciones.\u00a0Con unas medidas aproximadas de 1,5&#8243; de ancho por 1,5&#8243; de alto y 3&#8243; de profundidad, la c\u00e1mara puede caber en una variedad de espacios donde es ventajoso ocupar poco espacio, como la c\u00e1mara para salpicadero de un coche de carreras o discretamente en la esquina de un quir\u00f3fano. captura HD a hasta 60 fps, y cuenta con una montura C\/CS para montar lentes intercambiables e incluye una lente de 4 mm con control de iris.<\/p>\n<\/div>\n<div class=\"text_TAw0W35QK_ comfy_TAw0W35QK_ sizeTitle4_TAw0W35QK_ weightBold_TAw0W35QK_ primary_i3MsQsqoe0\" data-selenium=\"sellingPointsTitle\"><strong>Caracter\u00edsticas principales:\u00a0<\/strong><\/div>\n<\/div>\n<ul class=\"list_OMS5rN7R1Z\">\n<li class=\"listItem_OMS5rN7R1Z\" data-selenium=\"sellingPointsListItem\">V\u00eddeo con resoluci\u00f3n Full HD a 60 fps<\/li>\n<li class=\"listItem_OMS5rN7R1Z\" data-selenium=\"sellingPointsListItem\">Montura C\/CS con lente de 4 mm incluida<\/li>\n<li class=\"listItem_OMS5rN7R1Z\" data-selenium=\"sellingPointsListItem\">Conector de lente de iris autom\u00e1tico<\/li>\n<li class=\"listItem_OMS5rN7R1Z\" data-selenium=\"sellingPointsListItem\">Salida HDMI<\/li>\n<li class=\"listItem_OMS5rN7R1Z\" data-selenium=\"sellingPointsListItem\">Entrada RS-485 a trav\u00e9s del cable de conexi\u00f3n incluido<\/li>\n<li class=\"listItem_OMS5rN7R1Z\" data-selenium=\"sellingPointsListItem\">Amplio rango din\u00e1mico<\/li>\n<li class=\"listItem_OMS5rN7R1Z\" data-selenium=\"sellingPointsListItem\">Estabilizaci\u00f3n de imagen digital<\/li>\n<li class=\"listItem_OMS5rN7R1Z\" data-selenium=\"sellingPointsListItem\">Reducci\u00f3n de ruido de imagen 2D\/3D<\/li>\n<li class=\"listItem_OMS5rN7R1Z\" data-selenium=\"sellingPointsListItem\">2 orificios de montaje roscados de 1\/4&#8243;-20<\/li>\n<\/ul>\n","protected":false},"excerpt":{"rendered":"<p>HD-100A<\/p>\n","protected":false},"featured_media":4347,"template":"","meta":{"om_disable_all_campaigns":false},"pwb-brand":[],"product_brand":[],"product_cat":[70,15],"product_tag":[346],"class_list":{"0":"post-310","1":"product","2":"type-product","3":"status-publish","4":"has-post-thumbnail","6":"product_cat-aida","7":"product_cat-camera","8":"product_tag-hd-100a","10":"first","11":"outofstock","12":"sale","13":"shipping-taxable","14":"purchasable","15":"product-type-simple"},"aioseo_notices":[],"jetpack_sharing_enabled":true,"brands":[],"_links":{"self":[{"href":"https:\/\/proservice.com.ar\/index.php\/wp-json\/wp\/v2\/product\/310","targetHints":{"allow":["GET"]}}],"collection":[{"href":"https:\/\/proservice.com.ar\/index.php\/wp-json\/wp\/v2\/product"}],"about":[{"href":"https:\/\/proservice.com.ar\/index.php\/wp-json\/wp\/v2\/types\/product"}],"wp:featuredmedia":[{"embeddable":true,"href":"https:\/\/proservice.com.ar\/index.php\/wp-json\/wp\/v2\/media\/4347"}],"wp:attachment":[{"href":"https:\/\/proservice.com.ar\/index.php\/wp-json\/wp\/v2\/media?parent=310"}],"wp:term":[{"taxonomy":"pwb-brand","embeddable":true,"href":"https:\/\/proservice.com.ar\/index.php\/wp-json\/wp\/v2\/pwb-brand?post=310"},{"taxonomy":"product_brand","embeddable":true,"href":"https:\/\/proservice.com.ar\/index.php\/wp-json\/wp\/v2\/product_brand?post=310"},{"taxonomy":"product_cat","embeddable":true,"href":"https:\/\/proservice.com.ar\/index.php\/wp-json\/wp\/v2\/product_cat?post=310"},{"taxonomy":"product_tag","embeddable":true,"href":"https:\/\/proservice.com.ar\/index.php\/wp-json\/wp\/v2\/product_tag?post=310"}],"curies":[{"name":"wp","href":"https:\/\/api.w.org\/{rel}","templated":true}]}}