{"id":38,"date":"2023-10-09T16:00:44","date_gmt":"2023-10-09T19:00:44","guid":{"rendered":"https:\/\/proservice.com.ar\/?post_type=product&#038;p=38"},"modified":"2025-08-27T16:29:03","modified_gmt":"2025-08-27T19:29:03","slug":"hollyland-mars-400s-pro","status":"publish","type":"product","link":"https:\/\/proservice.com.ar\/index.php\/product\/hollyland-mars-400s-pro\/","title":{"rendered":"Hollyland Mars 400S PRO *Discontinuado"},"content":{"rendered":"<div data-selenium=\"sellingPointsTitle\">\n<p>\u00a0El transmisor Mars 400S PRO proporciona entradas HDMI y SDI y el receptor ofrece salidas SDI y HDMI. Presenta una latencia extremadamente baja de 0,1 s con transmisi\u00f3n en l\u00ednea de visi\u00f3n de hasta 400&#8242; al receptor y hasta 300&#8242; a la aplicaci\u00f3n Hollyview Wi-Fi. Para una se\u00f1al fuerte con l\u00ednea de visi\u00f3n, el sistema incluye dos antenas externas en el transmisor y dos en el receptor, y una se incluye como repuesto.<\/p>\n<p>Con la aplicaci\u00f3n Hollyview para iOS o Android, puede monitorear su transmisi\u00f3n de video en tiempo real a trav\u00e9s de una conexi\u00f3n Wi-Fi, as\u00ed como transmitir en vivo directamente desde el receptor a trav\u00e9s de su computadora usando un adaptador USB tipo C.<\/p>\n<\/div>\n<div data-selenium=\"sellingPointsTitle\"><\/div>\n<div class=\"title_OMS5rN7R1Z\">\n<div class=\"text_TAw0W35QK_ comfy_TAw0W35QK_ sizeTitle4_TAw0W35QK_ weightBold_TAw0W35QK_ primary_i3MsQsqoe0\" data-selenium=\"sellingPointsTitle\"><span style=\"color: #000000\"><strong>Caracter\u00edsticas principales:\u00a0<\/strong><\/span><\/div>\n<\/div>\n<ul class=\"list_OMS5rN7R1Z\">\n<li class=\"listItem_OMS5rN7R1Z\" data-selenium=\"sellingPointsListItem\">Conjunto de transmisor y receptor<\/li>\n<li class=\"listItem_OMS5rN7R1Z\" data-selenium=\"sellingPointsListItem\">Transmite v\u00eddeo de hasta 1080p60<\/li>\n<li class=\"listItem_OMS5rN7R1Z\" data-selenium=\"sellingPointsListItem\">Transmite hasta 400&#8242; a RX, 300&#8242; a la aplicaci\u00f3n<\/li>\n<li class=\"listItem_OMS5rN7R1Z\" data-selenium=\"sellingPointsListItem\">Entradas y salidas SDI y HDMI<\/li>\n<li class=\"listItem_OMS5rN7R1Z\" data-selenium=\"sellingPointsListItem\">Bater\u00eda serie L\/USB tipo C\/alimentaci\u00f3n CC<\/li>\n<li class=\"listItem_OMS5rN7R1Z\" data-selenium=\"sellingPointsListItem\">Pantalla OLED, advertencia de bater\u00eda baja<\/li>\n<li class=\"listItem_OMS5rN7R1Z\" data-selenium=\"sellingPointsListItem\">Latencia extremadamente baja de 0,1 s<\/li>\n<li class=\"listItem_OMS5rN7R1Z\" data-selenium=\"sellingPointsListItem\">Adaptador de zapata y rosca de montaje de 1\/4&#8243;-20<\/li>\n<\/ul>\n","protected":false},"excerpt":{"rendered":"<p>Mars 400S PRO<\/p>\n","protected":false},"featured_media":3838,"template":"","meta":{"om_disable_all_campaigns":false},"pwb-brand":[],"product_brand":[],"product_cat":[77,424],"product_tag":[25],"class_list":{"0":"post-38","1":"product","2":"type-product","3":"status-publish","4":"has-post-thumbnail","6":"product_cat-hollyland","7":"product_cat-wireless-video","8":"product_tag-mars-400s-pro","10":"first","11":"onbackorder","12":"shipping-taxable","13":"product-type-simple"},"aioseo_notices":[],"jetpack_sharing_enabled":true,"brands":[],"_links":{"self":[{"href":"https:\/\/proservice.com.ar\/index.php\/wp-json\/wp\/v2\/product\/38","targetHints":{"allow":["GET"]}}],"collection":[{"href":"https:\/\/proservice.com.ar\/index.php\/wp-json\/wp\/v2\/product"}],"about":[{"href":"https:\/\/proservice.com.ar\/index.php\/wp-json\/wp\/v2\/types\/product"}],"wp:featuredmedia":[{"embeddable":true,"href":"https:\/\/proservice.com.ar\/index.php\/wp-json\/wp\/v2\/media\/3838"}],"wp:attachment":[{"href":"https:\/\/proservice.com.ar\/index.php\/wp-json\/wp\/v2\/media?parent=38"}],"wp:term":[{"taxonomy":"pwb-brand","embeddable":true,"href":"https:\/\/proservice.com.ar\/index.php\/wp-json\/wp\/v2\/pwb-brand?post=38"},{"taxonomy":"product_brand","embeddable":true,"href":"https:\/\/proservice.com.ar\/index.php\/wp-json\/wp\/v2\/product_brand?post=38"},{"taxonomy":"product_cat","embeddable":true,"href":"https:\/\/proservice.com.ar\/index.php\/wp-json\/wp\/v2\/product_cat?post=38"},{"taxonomy":"product_tag","embeddable":true,"href":"https:\/\/proservice.com.ar\/index.php\/wp-json\/wp\/v2\/product_tag?post=38"}],"curies":[{"name":"wp","href":"https:\/\/api.w.org\/{rel}","templated":true}]}}