{"id":5108,"date":"2023-11-16T12:02:39","date_gmt":"2023-11-16T15:02:39","guid":{"rendered":"https:\/\/proservice.com.ar\/?post_type=product&#038;p=5108"},"modified":"2026-04-06T10:11:59","modified_gmt":"2026-04-06T13:11:59","slug":"yololiv-yolobox-ultra-portable-multicamera-encoder-streamer-switcher-monitor-recorder","status":"publish","type":"product","link":"https:\/\/proservice.com.ar\/index.php\/product\/yololiv-yolobox-ultra-portable-multicamera-encoder-streamer-switcher-monitor-recorder\/","title":{"rendered":"YoloLiv YoloBox Ultra, Portable Multicamera Encoder\/Streamer, Switcher\/Monitor **DEMO"},"content":{"rendered":"<div class=\"title_OMS5rN7R1Z\">\n<div data-selenium=\"sellingPointsTitle\">\n<p>Crea una producci\u00f3n de transmisi\u00f3n en vivo desde cualquier lugar con la\u00a0YoloBox Ultra\u00a0de\u00a0YoloLiv\u00a0, que funciona como codificador multic\u00e1mara port\u00e1til, transmisor, conmutador, monitor y grabador, todo en un solo dispositivo. Transmite video UHD 4K simult\u00e1neo a trav\u00e9s de Wi-Fi 6, Ethernet RJ45, m\u00f3dem USB-C o 4G LTE con una tarjeta SIM y una suscripci\u00f3n. La Ultra cuenta con cuatro entradas HDMI, una USB-C y dos USB-A para conectar m\u00faltiples c\u00e1maras o dispositivos. Una CPU Qualcomm 865 integrada mejora el rendimiento de la transmisi\u00f3n en vivo y una pantalla t\u00e1ctil LCD con brillo de 650 cd\/m\u00b2 mejora la visibilidad. La Ultra puede transmitir hasta 8 horas seguidas gracias a su bater\u00eda integrada de 6800 mAh.<\/p>\n<\/div>\n<div data-selenium=\"sellingPointsTitle\"><\/div>\n<div class=\"text_TAw0W35QK_ comfy_TAw0W35QK_ sizeTitle4_TAw0W35QK_ weightBold_TAw0W35QK_ primary_i3MsQsqoe0\" data-selenium=\"sellingPointsTitle\"><strong>Caracter\u00edsticas principales:<\/strong><\/div>\n<\/div>\n<ul class=\"list_OMS5rN7R1Z\">\n<li class=\"listItem_OMS5rN7R1Z\" data-selenium=\"sellingPointsListItem\">Streaming simult\u00e1neo multiplataforma<\/li>\n<li class=\"listItem_OMS5rN7R1Z\" data-selenium=\"sellingPointsListItem\">Codificador, monitor, conmutador y grabador<\/li>\n<li class=\"listItem_OMS5rN7R1Z\" data-selenium=\"sellingPointsListItem\">Orientaciones horizontales y verticales<\/li>\n<li class=\"listItem_OMS5rN7R1Z\" data-selenium=\"sellingPointsListItem\">Pantalla t\u00e1ctil LCD de 8&#8243;<\/li>\n<li class=\"listItem_OMS5rN7R1Z\" data-selenium=\"sellingPointsListItem\">Cambio en vivo entre m\u00e1s de 10 fuentes<\/li>\n<li class=\"listItem_OMS5rN7R1Z\" data-selenium=\"sellingPointsListItem\">4 entradas HDMI, 1 USB-C y 2 USB-A<\/li>\n<li class=\"listItem_OMS5rN7R1Z\" data-selenium=\"sellingPointsListItem\">Admite v\u00eddeo H.265 hasta UHD 4K<\/li>\n<li class=\"listItem_OMS5rN7R1Z\" data-selenium=\"sellingPointsListItem\">Transmita a trav\u00e9s de Ethernet, Wi-Fi 6, red 4G<\/li>\n<li class=\"listItem_OMS5rN7R1Z\" data-selenium=\"sellingPointsListItem\">1 x ranura para tarjeta SD para grabaci\u00f3n<\/li>\n<li class=\"listItem_OMS5rN7R1Z\" data-selenium=\"sellingPointsListItem\">Brillo de 650 cd\/m\u00b2, bater\u00eda incorporada<\/li>\n<\/ul>\n","protected":false},"excerpt":{"rendered":"<p>YoloLiv YOLOBOX UlTRA<\/p>\n","protected":false},"featured_media":5111,"template":"","meta":{"om_disable_all_campaigns":false},"pwb-brand":[],"product_brand":[],"product_cat":[65,85],"product_tag":[419],"class_list":{"0":"post-5108","1":"product","2":"type-product","3":"status-publish","4":"has-post-thumbnail","6":"product_cat-streaming-device","7":"product_cat-yololiv","8":"product_tag-yololiv-yolobox","10":"first","11":"outofstock","12":"shipping-taxable","13":"purchasable","14":"product-type-simple"},"aioseo_notices":[],"jetpack_sharing_enabled":true,"brands":[],"_links":{"self":[{"href":"https:\/\/proservice.com.ar\/index.php\/wp-json\/wp\/v2\/product\/5108","targetHints":{"allow":["GET"]}}],"collection":[{"href":"https:\/\/proservice.com.ar\/index.php\/wp-json\/wp\/v2\/product"}],"about":[{"href":"https:\/\/proservice.com.ar\/index.php\/wp-json\/wp\/v2\/types\/product"}],"wp:featuredmedia":[{"embeddable":true,"href":"https:\/\/proservice.com.ar\/index.php\/wp-json\/wp\/v2\/media\/5111"}],"wp:attachment":[{"href":"https:\/\/proservice.com.ar\/index.php\/wp-json\/wp\/v2\/media?parent=5108"}],"wp:term":[{"taxonomy":"pwb-brand","embeddable":true,"href":"https:\/\/proservice.com.ar\/index.php\/wp-json\/wp\/v2\/pwb-brand?post=5108"},{"taxonomy":"product_brand","embeddable":true,"href":"https:\/\/proservice.com.ar\/index.php\/wp-json\/wp\/v2\/product_brand?post=5108"},{"taxonomy":"product_cat","embeddable":true,"href":"https:\/\/proservice.com.ar\/index.php\/wp-json\/wp\/v2\/product_cat?post=5108"},{"taxonomy":"product_tag","embeddable":true,"href":"https:\/\/proservice.com.ar\/index.php\/wp-json\/wp\/v2\/product_tag?post=5108"}],"curies":[{"name":"wp","href":"https:\/\/api.w.org\/{rel}","templated":true}]}}