{"id":5114,"date":"2024-11-07T00:42:30","date_gmt":"2024-11-07T03:42:30","guid":{"rendered":"https:\/\/proservice.com.ar\/?post_type=product&#038;p=5114"},"modified":"2026-02-23T12:56:56","modified_gmt":"2026-02-23T15:56:56","slug":"3751-smallrig-ad-01-heavy-duty-tripod-with-fluid-head","status":"publish","type":"product","link":"https:\/\/proservice.com.ar\/index.php\/product\/3751-smallrig-ad-01-heavy-duty-tripod-with-fluid-head\/","title":{"rendered":"SmallRig AD-01 Heavy-Duty Tripod with Fluid Head"},"content":{"rendered":"<p>El 3751 smallrig es un tr\u00edpode de video con cabezal fluido que te ofrece estabilidad, movilidad y versatilidad para tus producciones. Tiene una capacidad de carga de 8 kg, una altura m\u00e1xima de 186 cm y una base de tipo bowl de 75 mm. Puedes controlar los movimientos de la c\u00e1mara con suavidad y precisi\u00f3n, y cambiar r\u00e1pidamente de placa de liberaci\u00f3n r\u00e1pida seg\u00fan el equipo que uses. Es compatible con placas Manfrotto y DJI Ronin RS2, y tiene varias roscas para montar accesorios. Incluye un estuche de transporte, una placa Manfrotto, tornillos y una llave Allen.<\/p>\n<p><iframe loading=\"lazy\" title=\"SmallRig 3751 Heavy-Duty Fluid Head Tripod AD-01\" width=\"1270\" height=\"714\" src=\"https:\/\/www.youtube.com\/embed\/eiZnsnbqywI?feature=oembed\" frameborder=\"0\" allow=\"accelerometer; autoplay; clipboard-write; encrypted-media; gyroscope; picture-in-picture; web-share\" referrerpolicy=\"strict-origin-when-cross-origin\" allowfullscreen><\/iframe><\/p>\n<p><strong>Caracteristicas principales:\u00a0<\/strong><\/p>\n<ul>\n<li>Altura m\u00e1xima de 1.86m<\/li>\n<li>Cabezal fluido profesional<\/li>\n<li>Cabezal esf\u00e9rica de 75mm<\/li>\n<li>Soporta hasta 8Kg<\/li>\n<li>Platina Quick Release y DJI RS 2<\/li>\n<li>Tr\u00edpode de aluminio<\/li>\n<li>Bolso de transporte s\u00faper pr\u00e1ctico<\/li>\n<\/ul>\n","protected":false},"excerpt":{"rendered":"<p>SmallRig AD-01 Heavy-Duty Tripod with Fluid Head<\/p>\n","protected":false},"featured_media":5117,"template":"","meta":{"om_disable_all_campaigns":false},"pwb-brand":[],"product_brand":[],"product_cat":[83,299],"product_tag":[415,562],"class_list":{"0":"post-5114","1":"product","2":"type-product","3":"status-publish","4":"has-post-thumbnail","6":"product_cat-smallrig","7":"product_cat-tripods","8":"product_tag-415","9":"product_tag-smallrig-3751","11":"first","12":"outofstock","13":"sale","14":"shipping-taxable","15":"purchasable","16":"product-type-simple"},"aioseo_notices":[],"jetpack_sharing_enabled":true,"brands":[],"_links":{"self":[{"href":"https:\/\/proservice.com.ar\/index.php\/wp-json\/wp\/v2\/product\/5114","targetHints":{"allow":["GET"]}}],"collection":[{"href":"https:\/\/proservice.com.ar\/index.php\/wp-json\/wp\/v2\/product"}],"about":[{"href":"https:\/\/proservice.com.ar\/index.php\/wp-json\/wp\/v2\/types\/product"}],"wp:featuredmedia":[{"embeddable":true,"href":"https:\/\/proservice.com.ar\/index.php\/wp-json\/wp\/v2\/media\/5117"}],"wp:attachment":[{"href":"https:\/\/proservice.com.ar\/index.php\/wp-json\/wp\/v2\/media?parent=5114"}],"wp:term":[{"taxonomy":"pwb-brand","embeddable":true,"href":"https:\/\/proservice.com.ar\/index.php\/wp-json\/wp\/v2\/pwb-brand?post=5114"},{"taxonomy":"product_brand","embeddable":true,"href":"https:\/\/proservice.com.ar\/index.php\/wp-json\/wp\/v2\/product_brand?post=5114"},{"taxonomy":"product_cat","embeddable":true,"href":"https:\/\/proservice.com.ar\/index.php\/wp-json\/wp\/v2\/product_cat?post=5114"},{"taxonomy":"product_tag","embeddable":true,"href":"https:\/\/proservice.com.ar\/index.php\/wp-json\/wp\/v2\/product_tag?post=5114"}],"curies":[{"name":"wp","href":"https:\/\/api.w.org\/{rel}","templated":true}]}}