{"id":5121,"date":"2023-11-16T15:03:27","date_gmt":"2023-11-16T18:03:27","guid":{"rendered":"https:\/\/proservice.com.ar\/?post_type=product&#038;p=5121"},"modified":"2025-11-28T14:24:32","modified_gmt":"2025-11-28T17:24:32","slug":"lilliput-h7s-7-4k-hdmi-3g-sdi-ultra-bright-on-camera-monitor","status":"publish","type":"product","link":"https:\/\/proservice.com.ar\/index.php\/product\/lilliput-h7s-7-4k-hdmi-3g-sdi-ultra-bright-on-camera-monitor\/","title":{"rendered":"Lilliput H7S 7&#8243; 4K HDMI\/3G-SDI Ultra-Bright On-Camera Monitor"},"content":{"rendered":"<div data-selenium=\"sellingPointsTitle\">El H7S cuenta con entradas 3G-SDI y HDMI 1.4, lo que lo hace adecuado para filmaci\u00f3n y fotograf\u00eda DCI 4K24 y UHD 4K. Con una relaci\u00f3n de aspecto de 16:10, una pantalla ultrabrillante de 1800 cd\/m\u00b2 y una relaci\u00f3n de contraste de 1200:1, el panel LCD muestra im\u00e1genes Full HD de forma nativa en 1920 x 1200, hasta una resoluci\u00f3n m\u00e1xima de 2840 x 2160. La funci\u00f3n de salida en bucle HDMI le permite emitir a trav\u00e9s de 3G-SDI o HDMI a cualquier otro dispositivo compatible.<br \/>\nEl H7S admite la carga de LUT 3D a trav\u00e9s del puerto USB en la parte inferior y admite entrada de im\u00e1genes HDR con la capacidad de mostrar una amplia din\u00e1mica. rango como ST2084-300, ST2084-1000, ST2084-10000 y HLG (Hybrid Log Gamma).<\/div>\n<div data-selenium=\"sellingPointsTitle\"><\/div>\n<div class=\"title_OMS5rN7R1Z\">\n<div class=\"text_TAw0W35QK_ comfy_TAw0W35QK_ sizeTitle4_TAw0W35QK_ weightBold_TAw0W35QK_ primary_i3MsQsqoe0\" data-selenium=\"sellingPointsTitle\"><strong>Caracter\u00edsticas principales:\u00a0<\/strong><\/div>\n<\/div>\n<ul class=\"list_OMS5rN7R1Z\">\n<li class=\"listItem_OMS5rN7R1Z\" data-selenium=\"sellingPointsListItem\">1920 x 1200 Nativo, 2840 x 2160 M\u00e1ximo<\/li>\n<li class=\"listItem_OMS5rN7R1Z\" data-selenium=\"sellingPointsListItem\">Brillo de 1800 cd\/m\u00b2, compatibilidad con HDR<\/li>\n<li class=\"listItem_OMS5rN7R1Z\" data-selenium=\"sellingPointsListItem\">Relaci\u00f3n de contraste 1200:1, aspecto 16:10<\/li>\n<li class=\"listItem_OMS5rN7R1Z\" data-selenium=\"sellingPointsListItem\">Entradas\/salidas HDMI\/3G-SDI, entrada Tally<\/li>\n<li class=\"listItem_OMS5rN7R1Z\" data-selenium=\"sellingPointsListItem\">Placa de bater\u00eda doble serie L intercambiable en caliente<\/li>\n<li class=\"listItem_OMS5rN7R1Z\" data-selenium=\"sellingPointsListItem\">Soporte HDR, carga LUT 3D a trav\u00e9s de USB<\/li>\n<li class=\"listItem_OMS5rN7R1Z\" data-selenium=\"sellingPointsListItem\">1 x altavoz, 1 x conector para auriculares<\/li>\n<li class=\"listItem_OMS5rN7R1Z\" data-selenium=\"sellingPointsListItem\">3 roscas de montaje de 1\/4&#8243;-20.<\/li>\n<li class=\"listItem_OMS5rN7R1Z\" data-selenium=\"sellingPointsListItem\">Soporte de zapata inclinable de 180\u00b0<\/li>\n<\/ul>\n","protected":false},"excerpt":{"rendered":"<div class=\"element_kcQ1qlyqn6\">\n<div class=\"code_kcQ1qlyqn6\" data-selenium=\"codeCrumb\">Lilliput H7S 7&#8243;<\/div>\n<\/div>\n<div class=\"element_kcQ1qlyqn6\">\n<div class=\"reviews_kcQ1qlyqn6\">\n<div class=\"starContainer_FndXTbqvBb\" data-selenium=\"ratingContainer\"><\/div>\n<\/div>\n<\/div>\n","protected":false},"featured_media":5123,"template":"","meta":{"om_disable_all_campaigns":false},"pwb-brand":[],"product_brand":[],"product_cat":[79,63],"product_tag":[416,417],"class_list":{"0":"post-5121","1":"product","2":"type-product","3":"status-publish","4":"has-post-thumbnail","6":"product_cat-lilliput","7":"product_cat-monitors-multiview","8":"product_tag-h7s","9":"product_tag-lilliput-h7s-7","11":"first","12":"outofstock","13":"sale","14":"shipping-taxable","15":"purchasable","16":"product-type-simple"},"aioseo_notices":[],"jetpack_sharing_enabled":true,"brands":[],"_links":{"self":[{"href":"https:\/\/proservice.com.ar\/index.php\/wp-json\/wp\/v2\/product\/5121","targetHints":{"allow":["GET"]}}],"collection":[{"href":"https:\/\/proservice.com.ar\/index.php\/wp-json\/wp\/v2\/product"}],"about":[{"href":"https:\/\/proservice.com.ar\/index.php\/wp-json\/wp\/v2\/types\/product"}],"wp:featuredmedia":[{"embeddable":true,"href":"https:\/\/proservice.com.ar\/index.php\/wp-json\/wp\/v2\/media\/5123"}],"wp:attachment":[{"href":"https:\/\/proservice.com.ar\/index.php\/wp-json\/wp\/v2\/media?parent=5121"}],"wp:term":[{"taxonomy":"pwb-brand","embeddable":true,"href":"https:\/\/proservice.com.ar\/index.php\/wp-json\/wp\/v2\/pwb-brand?post=5121"},{"taxonomy":"product_brand","embeddable":true,"href":"https:\/\/proservice.com.ar\/index.php\/wp-json\/wp\/v2\/product_brand?post=5121"},{"taxonomy":"product_cat","embeddable":true,"href":"https:\/\/proservice.com.ar\/index.php\/wp-json\/wp\/v2\/product_cat?post=5121"},{"taxonomy":"product_tag","embeddable":true,"href":"https:\/\/proservice.com.ar\/index.php\/wp-json\/wp\/v2\/product_tag?post=5121"}],"curies":[{"name":"wp","href":"https:\/\/api.w.org\/{rel}","templated":true}]}}