{"id":5299,"date":"2023-11-27T14:55:55","date_gmt":"2023-11-27T17:55:55","guid":{"rendered":"https:\/\/proservice.com.ar\/?post_type=product&#038;p=5299"},"modified":"2025-04-01T09:45:07","modified_gmt":"2025-04-01T12:45:07","slug":"cargador-rapido-de-4-canales-idx","status":"publish","type":"product","link":"https:\/\/proservice.com.ar\/index.php\/product\/cargador-rapido-de-4-canales-idx\/","title":{"rendered":"Cargador R\u00e1pido De 4 Canales Idx"},"content":{"rendered":"<p>El I400 es un cargado r\u00e1pido multi secuencia de 4 canales. Se pueden cargar bater\u00edas del tipo NP, BP o NiMH en menos de 6 horas.Dise\u00f1o ligero, peso 2,9 libras.<br \/>\nCuenta con un indicador de estado LED que ofrece una r\u00e1pida mirada del estado de carga de las bater\u00edas.<br \/>\nCaja del metal mas segura.<br \/>\nDescarga autom\u00e1tica de la bater\u00eda antes de recargarla, lo que ayuda a preservar la vida de ciclo bater\u00edas.<br \/>\nCarga r\u00e1pida de una bater\u00eda NP &#8211; en aproximadamente 1,5 horas y una bater\u00eda BP &#8211; en aproximadamente 3 horas.<br \/>\nWorld &#8211; Wide de alimentaci\u00f3n de CA<\/p>\n","protected":false},"excerpt":{"rendered":"<p>I400<\/p>\n","protected":false},"featured_media":5300,"template":"","meta":{"om_disable_all_campaigns":false},"pwb-brand":[],"product_brand":[],"product_cat":[420],"product_tag":[427],"class_list":{"0":"post-5299","1":"product","2":"type-product","3":"status-publish","4":"has-post-thumbnail","6":"product_cat-ofertas","7":"product_tag-i400","9":"first","10":"instock","11":"shipping-taxable","12":"purchasable","13":"product-type-simple"},"aioseo_notices":[],"jetpack_sharing_enabled":true,"brands":[],"_links":{"self":[{"href":"https:\/\/proservice.com.ar\/index.php\/wp-json\/wp\/v2\/product\/5299","targetHints":{"allow":["GET"]}}],"collection":[{"href":"https:\/\/proservice.com.ar\/index.php\/wp-json\/wp\/v2\/product"}],"about":[{"href":"https:\/\/proservice.com.ar\/index.php\/wp-json\/wp\/v2\/types\/product"}],"wp:featuredmedia":[{"embeddable":true,"href":"https:\/\/proservice.com.ar\/index.php\/wp-json\/wp\/v2\/media\/5300"}],"wp:attachment":[{"href":"https:\/\/proservice.com.ar\/index.php\/wp-json\/wp\/v2\/media?parent=5299"}],"wp:term":[{"taxonomy":"pwb-brand","embeddable":true,"href":"https:\/\/proservice.com.ar\/index.php\/wp-json\/wp\/v2\/pwb-brand?post=5299"},{"taxonomy":"product_brand","embeddable":true,"href":"https:\/\/proservice.com.ar\/index.php\/wp-json\/wp\/v2\/product_brand?post=5299"},{"taxonomy":"product_cat","embeddable":true,"href":"https:\/\/proservice.com.ar\/index.php\/wp-json\/wp\/v2\/product_cat?post=5299"},{"taxonomy":"product_tag","embeddable":true,"href":"https:\/\/proservice.com.ar\/index.php\/wp-json\/wp\/v2\/product_tag?post=5299"}],"curies":[{"name":"wp","href":"https:\/\/api.w.org\/{rel}","templated":true}]}}