{"id":5306,"date":"2023-11-28T10:16:00","date_gmt":"2023-11-28T13:16:00","guid":{"rendered":"https:\/\/proservice.com.ar\/?post_type=product&#038;p=5306"},"modified":"2026-02-18T10:08:04","modified_gmt":"2026-02-18T13:08:04","slug":"century-precision-optics-0-7x-wide-angle-converter-lens-for-sony-hdr-fx1-hvr-z1u","status":"publish","type":"product","link":"https:\/\/proservice.com.ar\/index.php\/product\/century-precision-optics-0-7x-wide-angle-converter-lens-for-sony-hdr-fx1-hvr-z1u\/","title":{"rendered":"Century Precision Optics 0.7x Wide Angle Converter Lens for Sony HDR-FX1 &amp; HVR-Z1U"},"content":{"rendered":"<div>\n<div class=\"productDescription_UbV5SNP5Eo\" data-selenium=\"overviewLongDescription\">\n<div class=\"js-injected-html text_UbV5SNP5Eo\">\n<p>Esta\u00a0lente convertidora gran angular de 0,7x de Century Precision Optics\u00a0es para las videoc\u00e1maras Sony HDR-FX1 y HVR-Z1U.\u00a0El coeficiente de gran angular es de 0,7x, lo que ofrece un \u00e1ngulo un 30 % m\u00e1s amplio que el objetivo original.\u00a0La distancia focal resultante es de 3,1 a 37,8 mm.\u00a0Esta lente se montar\u00e1 en bayoneta directamente en la lente de Sony HDR-FX1 y HVR-Z1U.<\/p>\n<\/div>\n<\/div>\n<\/div>\n<div class=\"feature_UbV5SNP5Eo\">\n<div class=\"feature_UbV5SNP5Eo\">\n<div>\n<div class=\"feature_UbV5SNP5Eo\">\n<div class=\"descriptionAsTitle_UbV5SNP5Eo\">\n<ul>\n<li class=\"js-injected-html text_UbV5SNP5Eo\"><span>Proporciona un \u00e1ngulo de visi\u00f3n un 30% m\u00e1s amplio<\/span><\/li>\n<\/ul>\n<\/div>\n<\/div>\n<\/div>\n<div>\n<div class=\"feature_UbV5SNP5Eo\">\n<div class=\"descriptionAsTitle_UbV5SNP5Eo\">\n<ul>\n<li class=\"js-injected-html text_UbV5SNP5Eo\"><span>Los soportes de bayoneta se conectan directamente a la lente de las videoc\u00e1maras Sony HDR-FX1 y HVR-Z1U.<\/span><\/li>\n<\/ul>\n<\/div>\n<\/div>\n<\/div>\n<div>\n<div class=\"feature_UbV5SNP5Eo\">\n<div class=\"descriptionAsTitle_UbV5SNP5Eo\">\n<ul>\n<li class=\"js-injected-html text_UbV5SNP5Eo\"><span>Los elementos de vidrio multicapa ofrecen im\u00e1genes ultran\u00edtidas sin distorsiones no deseadas ni aberraciones crom\u00e1ticas.<\/span><\/li>\n<\/ul>\n<\/div>\n<\/div>\n<\/div>\n<\/div>\n<\/div>\n","protected":false},"excerpt":{"rendered":"<p>0VS-07CV-HDS<\/p>\n","protected":false},"featured_media":5307,"template":"","meta":{"om_disable_all_campaigns":false},"pwb-brand":[],"product_brand":[],"product_cat":[420],"product_tag":[429],"class_list":{"0":"post-5306","1":"product","2":"type-product","3":"status-publish","4":"has-post-thumbnail","6":"product_cat-ofertas","7":"product_tag-0vs-07cv-hds","9":"first","10":"instock","11":"shipping-taxable","12":"purchasable","13":"product-type-simple"},"aioseo_notices":[],"jetpack_sharing_enabled":true,"brands":[],"_links":{"self":[{"href":"https:\/\/proservice.com.ar\/index.php\/wp-json\/wp\/v2\/product\/5306","targetHints":{"allow":["GET"]}}],"collection":[{"href":"https:\/\/proservice.com.ar\/index.php\/wp-json\/wp\/v2\/product"}],"about":[{"href":"https:\/\/proservice.com.ar\/index.php\/wp-json\/wp\/v2\/types\/product"}],"wp:featuredmedia":[{"embeddable":true,"href":"https:\/\/proservice.com.ar\/index.php\/wp-json\/wp\/v2\/media\/5307"}],"wp:attachment":[{"href":"https:\/\/proservice.com.ar\/index.php\/wp-json\/wp\/v2\/media?parent=5306"}],"wp:term":[{"taxonomy":"pwb-brand","embeddable":true,"href":"https:\/\/proservice.com.ar\/index.php\/wp-json\/wp\/v2\/pwb-brand?post=5306"},{"taxonomy":"product_brand","embeddable":true,"href":"https:\/\/proservice.com.ar\/index.php\/wp-json\/wp\/v2\/product_brand?post=5306"},{"taxonomy":"product_cat","embeddable":true,"href":"https:\/\/proservice.com.ar\/index.php\/wp-json\/wp\/v2\/product_cat?post=5306"},{"taxonomy":"product_tag","embeddable":true,"href":"https:\/\/proservice.com.ar\/index.php\/wp-json\/wp\/v2\/product_tag?post=5306"}],"curies":[{"name":"wp","href":"https:\/\/api.w.org\/{rel}","templated":true}]}}